{"id":98,"date":"2012-04-15T17:51:13","date_gmt":"2012-04-15T17:51:13","guid":{"rendered":"http:\/\/gyo.ro\/urm\/?page_id=98"},"modified":"2024-06-02T17:19:42","modified_gmt":"2024-06-02T17:19:42","slug":"kolcsonzes","status":"publish","type":"page","link":"https:\/\/urmanczy.ro\/ro\/szolgaltatasaink\/kolcsonzes\/","title":{"rendered":"\u00cenchirieri"},"content":{"rendered":"<p><\/p>\n<p style=\"text-align: justify;\">\u00cen incinta \u015ftrandului func\u0163ioneaz\u0103 \u015fi un centru de \u00eenchirieri pentru buna dispozi\u0163ie \u015fi distrac\u0163ia oaspe\u0163ilor. Aici pute\u0163i g\u0103si \u015fezlonguri sau diverse jocuri de societate.<\/p>\n<table width=\"340\">\n<tbody>\n<tr>\n<td>\u0218ezlong<\/td>\n<td>15 lei\/zi<\/td>\n<\/tr>\n<tr>\n<td>Teren tenis<\/td>\n<td>20 lei\/ora<\/td>\n<\/tr>\n<tr>\n<td>Rachet\u0103 tenis (2 buc.)<\/td>\n<td>10 lei\/ora<\/td>\n<\/tr>\n<tr>\n<td>Minge tenis (3 buc)<\/td>\n<td>10 lei\/ora<\/td>\n<\/tr>\n<tr>\n<td>Mas\u0103 tenis basic<\/td>\n<td>10 lei\/ora<\/td>\n<\/tr>\n<tr>\n<td>Mas\u0103 tenis profesional<\/td>\n<td>15 lei\/ora<\/td>\n<\/tr>\n<tr>\n<td>Biliard<\/td>\n<td>15 lei\/ora<\/td>\n<\/tr>\n<tr>\n<td>Water ball<\/td>\n<td>10 lei\/tura<\/td>\n<\/tr>\n<\/tbody>\n<\/table>\n<p>&nbsp;<\/p>\n<p>\u00cenchirerile se fac numai pe baz\u0103 de act de identitate.<br \/>\n\u00cen caz de deteriorare sau pierderea obiectelor se va achita contravaloarea acestora.<\/p>","protected":false},"excerpt":{"rendered":"<p>\u00cen incinta \u015ftrandului func\u0163ioneaz\u0103 \u015fi un centru de \u00eenchirieri pentru buna dispozi\u0163ie \u015fi distrac\u0163ia oaspe\u0163ilor. Aici pute\u0163i g\u0103si \u015fezlonguri sau diverse jocuri de societate. \u0218ezlong 15 lei\/zi Teren tenis 20 lei\/ora Rachet\u0103 tenis (2 buc.) 10 lei\/ora Minge tenis (3 buc) 10 lei\/ora Mas\u0103 tenis basic 10 lei\/ora Mas\u0103 tenis profesional 15 lei\/ora Biliard 15 [&hellip;]<\/p>\n","protected":false},"author":3,"featured_media":0,"parent":18,"menu_order":5,"comment_status":"open","ping_status":"open","template":"","meta":[],"_links":{"self":[{"href":"https:\/\/urmanczy.ro\/ro\/wp-json\/wp\/v2\/pages\/98"}],"collection":[{"href":"https:\/\/urmanczy.ro\/ro\/wp-json\/wp\/v2\/pages"}],"about":[{"href":"https:\/\/urmanczy.ro\/ro\/wp-json\/wp\/v2\/types\/page"}],"author":[{"embeddable":true,"href":"https:\/\/urmanczy.ro\/ro\/wp-json\/wp\/v2\/users\/3"}],"replies":[{"embeddable":true,"href":"https:\/\/urmanczy.ro\/ro\/wp-json\/wp\/v2\/comments?post=98"}],"version-history":[{"count":21,"href":"https:\/\/urmanczy.ro\/ro\/wp-json\/wp\/v2\/pages\/98\/revisions"}],"predecessor-version":[{"id":722,"href":"https:\/\/urmanczy.ro\/ro\/wp-json\/wp\/v2\/pages\/98\/revisions\/722"}],"up":[{"embeddable":true,"href":"https:\/\/urmanczy.ro\/ro\/wp-json\/wp\/v2\/pages\/18"}],"wp:attachment":[{"href":"https:\/\/urmanczy.ro\/ro\/wp-json\/wp\/v2\/media?parent=98"}],"curies":[{"name":"wp","href":"https:\/\/api.w.org\/{rel}","templated":true}]}}