{"id":95,"date":"2012-04-15T17:47:01","date_gmt":"2012-04-15T17:47:01","guid":{"rendered":"http:\/\/gyo.ro\/urm\/?page_id=95"},"modified":"2018-07-28T07:08:12","modified_gmt":"2018-07-28T07:08:12","slug":"jatszoter","status":"publish","type":"page","link":"https:\/\/urmanczy.ro\/ro\/szolgaltatasaink\/jatszoter\/","title":{"rendered":"Locuri de joac\u0103"},"content":{"rendered":"<p>\u015etrandul Urmanczy are o deosebit\u0103 grij\u0103 de cei mici, oferind locuri de joac\u0103 adecvate. Astfel, cei mici se pot juca \u00een nisip, se pot da pe diferite tipuri de leag\u0103ne \u015fi se pot b\u0103l\u0103ci \u00eentr-un bazin rotund de foarte mic\u0103 ad\u00e2ncime. Pentru a ajuta m\u0103micile, exist\u0103 \u0219i o mas\u0103 pentru \u00eenf\u0103\u015fat. Copiii mai mari se pot bucura de asemenea de un bazin pu\u0163in mai ad\u00e2nc \u015fi de leag\u0103ne, cu tobogane \u015fi locuri de c\u0103\u0163\u0103rat specifice v\u00e2rstei. \u00cen 2016 a fost \u00eenfiin\u021bat o mini ferm\u0103 unde copiii se pot familiariza cu animale mici.<\/p>","protected":false},"excerpt":{"rendered":"<p>\u015etrandul Urmanczy are o deosebit\u0103 grij\u0103 de cei mici, oferind locuri de joac\u0103 adecvate. Astfel, cei mici se pot juca \u00een nisip, se pot da pe diferite tipuri de leag\u0103ne \u015fi se pot b\u0103l\u0103ci \u00eentr-un bazin rotund de foarte mic\u0103 ad\u00e2ncime. Pentru a ajuta m\u0103micile, exist\u0103 \u0219i o mas\u0103 pentru \u00eenf\u0103\u015fat. Copiii mai mari se [&hellip;]<\/p>\n","protected":false},"author":3,"featured_media":0,"parent":18,"menu_order":3,"comment_status":"open","ping_status":"open","template":"","meta":[],"_links":{"self":[{"href":"https:\/\/urmanczy.ro\/ro\/wp-json\/wp\/v2\/pages\/95"}],"collection":[{"href":"https:\/\/urmanczy.ro\/ro\/wp-json\/wp\/v2\/pages"}],"about":[{"href":"https:\/\/urmanczy.ro\/ro\/wp-json\/wp\/v2\/types\/page"}],"author":[{"embeddable":true,"href":"https:\/\/urmanczy.ro\/ro\/wp-json\/wp\/v2\/users\/3"}],"replies":[{"embeddable":true,"href":"https:\/\/urmanczy.ro\/ro\/wp-json\/wp\/v2\/comments?post=95"}],"version-history":[{"count":12,"href":"https:\/\/urmanczy.ro\/ro\/wp-json\/wp\/v2\/pages\/95\/revisions"}],"predecessor-version":[{"id":606,"href":"https:\/\/urmanczy.ro\/ro\/wp-json\/wp\/v2\/pages\/95\/revisions\/606"}],"up":[{"embeddable":true,"href":"https:\/\/urmanczy.ro\/ro\/wp-json\/wp\/v2\/pages\/18"}],"wp:attachment":[{"href":"https:\/\/urmanczy.ro\/ro\/wp-json\/wp\/v2\/media?parent=95"}],"curies":[{"name":"wp","href":"https:\/\/api.w.org\/{rel}","templated":true}]}}