{"id":91,"date":"2012-04-15T17:43:01","date_gmt":"2012-04-15T17:43:01","guid":{"rendered":"http:\/\/gyo.ro\/urm\/?page_id=91"},"modified":"2021-07-14T13:44:53","modified_gmt":"2021-07-14T13:44:53","slug":"sorterasz","status":"publish","type":"page","link":"https:\/\/urmanczy.ro\/ro\/szolgaltatasaink\/sorterasz\/","title":{"rendered":"Terasa"},"content":{"rendered":"<p><\/p>\n<p style=\"text-align: justify;\">La terasa de bere al \u015etrandului Urm\u00e1nczy umbrit\u0103 de parasolare se poate m\u00e2nca \u015fi bea la pre\u0163uri rezonabile. Paleta de m\u00e2nc\u0103ruri \u015fi b\u0103uturi este permanent diversificat\u0103.<\/p>\n<p>Preg\u0103tim griluri simple folosind gr\u0103tar cu c\u0103rbune de lemn. Pieptul de pui \u015fi friptura de porc, micii \u0219i c\u00e2rna\u0163ii de origine local\u0103 sunt servi\u021bi la cerere cu cartofi pai.<\/p>\n<p>Servim cafea espresso, cappuccino, latte macchiato \u0219i frapp\u00e9.<\/p>","protected":false},"excerpt":{"rendered":"<p>La terasa de bere al \u015etrandului Urm\u00e1nczy umbrit\u0103 de parasolare se poate m\u00e2nca \u015fi bea la pre\u0163uri rezonabile. Paleta de m\u00e2nc\u0103ruri \u015fi b\u0103uturi este permanent diversificat\u0103. Preg\u0103tim griluri simple folosind gr\u0103tar cu c\u0103rbune de lemn. Pieptul de pui \u015fi friptura de porc, micii \u0219i c\u00e2rna\u0163ii de origine local\u0103 sunt servi\u021bi la cerere cu cartofi pai. [&hellip;]<\/p>\n","protected":false},"author":3,"featured_media":0,"parent":18,"menu_order":2,"comment_status":"open","ping_status":"closed","template":"","meta":[],"_links":{"self":[{"href":"https:\/\/urmanczy.ro\/ro\/wp-json\/wp\/v2\/pages\/91"}],"collection":[{"href":"https:\/\/urmanczy.ro\/ro\/wp-json\/wp\/v2\/pages"}],"about":[{"href":"https:\/\/urmanczy.ro\/ro\/wp-json\/wp\/v2\/types\/page"}],"author":[{"embeddable":true,"href":"https:\/\/urmanczy.ro\/ro\/wp-json\/wp\/v2\/users\/3"}],"replies":[{"embeddable":true,"href":"https:\/\/urmanczy.ro\/ro\/wp-json\/wp\/v2\/comments?post=91"}],"version-history":[{"count":22,"href":"https:\/\/urmanczy.ro\/ro\/wp-json\/wp\/v2\/pages\/91\/revisions"}],"predecessor-version":[{"id":699,"href":"https:\/\/urmanczy.ro\/ro\/wp-json\/wp\/v2\/pages\/91\/revisions\/699"}],"up":[{"embeddable":true,"href":"https:\/\/urmanczy.ro\/ro\/wp-json\/wp\/v2\/pages\/18"}],"wp:attachment":[{"href":"https:\/\/urmanczy.ro\/ro\/wp-json\/wp\/v2\/media?parent=91"}],"curies":[{"name":"wp","href":"https:\/\/api.w.org\/{rel}","templated":true}]}}