{"id":85,"date":"2012-04-15T17:25:19","date_gmt":"2012-04-15T17:25:19","guid":{"rendered":"http:\/\/gyo.ro\/urm\/?page_id=85"},"modified":"2016-07-29T15:39:01","modified_gmt":"2016-07-29T15:39:01","slug":"medencek","status":"publish","type":"page","link":"https:\/\/urmanczy.ro\/ro\/szolgaltatasaink\/medencek\/","title":{"rendered":"Bazinele"},"content":{"rendered":"<p><\/p>\n<p style=\"text-align: justify;\">\u00cen prezent \u00een incinta \u015ftrandului Urmanczy func\u0163ioneaz\u0103 patru bazine cu o suprafa\u0163\u0103 comun\u0103 de peste 1000 mp. Toate patru con\u0163in ap\u0103 termal\u0103 de 26-27\u00b0 C. \u00cen zilele calde apa poate atinge \u015fi 30 C. Pe fundul bazinelor se pot observa mici izvoare de unde apa \u0163\u00e2\u015fne\u015fte printre pietricele rotunde.<\/p>\n<p style=\"text-align: justify;\">\u00cen mijlocul amplasamentului se afl\u0103 cel mai mare bazin din zon\u0103, de dimensiuni olimpice, av\u00e2nd suprafa\u0163a de 50 x 20 m \u015fi ad\u00e2ncimea de 1,7-1,9 m.<\/p>\n<p style=\"text-align: justify;\">O raritate adev\u0103rat\u0103 e bazinul mic de relaxare cu suprafa\u0163a de 9\u00d75 m \u015fi 1,4 m ad\u00e2ncime. Aici izvoarele \u00eenc\u0103lzesc u\u0219or pietrele rotunde de pe fund, bulele cu bioxid de carbon g\u00e2dil\u0103 pl\u0103cut pielea.<\/p>\n<p style=\"text-align: justify;\">Nu se pot plictisi nici cei mai mici. Pentru ei am amenajat un bazin \u00een form\u0103 de semicerc ad\u00e2nc de 25 cm. Al patrulea bazin are ad\u00e2ncimea de 75 cm \u015fi este destinat copiilor cu v\u00e2rsta de peste 3 ani.<\/p>\n<p><\/p>","protected":false},"excerpt":{"rendered":"<p>\u00cen prezent \u00een incinta \u015ftrandului Urmanczy func\u0163ioneaz\u0103 patru bazine cu o suprafa\u0163\u0103 comun\u0103 de peste 1000 mp. Toate patru con\u0163in ap\u0103 termal\u0103 de 26-27\u00b0 C. \u00cen zilele calde apa poate atinge \u015fi 30 C. Pe fundul bazinelor se pot observa mici izvoare de unde apa \u0163\u00e2\u015fne\u015fte printre pietricele rotunde. \u00cen mijlocul amplasamentului se afl\u0103 cel [&hellip;]<\/p>\n","protected":false},"author":3,"featured_media":0,"parent":18,"menu_order":1,"comment_status":"open","ping_status":"open","template":"","meta":[],"_links":{"self":[{"href":"https:\/\/urmanczy.ro\/ro\/wp-json\/wp\/v2\/pages\/85"}],"collection":[{"href":"https:\/\/urmanczy.ro\/ro\/wp-json\/wp\/v2\/pages"}],"about":[{"href":"https:\/\/urmanczy.ro\/ro\/wp-json\/wp\/v2\/types\/page"}],"author":[{"embeddable":true,"href":"https:\/\/urmanczy.ro\/ro\/wp-json\/wp\/v2\/users\/3"}],"replies":[{"embeddable":true,"href":"https:\/\/urmanczy.ro\/ro\/wp-json\/wp\/v2\/comments?post=85"}],"version-history":[{"count":13,"href":"https:\/\/urmanczy.ro\/ro\/wp-json\/wp\/v2\/pages\/85\/revisions"}],"predecessor-version":[{"id":527,"href":"https:\/\/urmanczy.ro\/ro\/wp-json\/wp\/v2\/pages\/85\/revisions\/527"}],"up":[{"embeddable":true,"href":"https:\/\/urmanczy.ro\/ro\/wp-json\/wp\/v2\/pages\/18"}],"wp:attachment":[{"href":"https:\/\/urmanczy.ro\/ro\/wp-json\/wp\/v2\/media?parent=85"}],"curies":[{"name":"wp","href":"https:\/\/api.w.org\/{rel}","templated":true}]}}