{"id":8,"date":"2012-03-12T12:23:28","date_gmt":"2012-03-12T12:23:28","guid":{"rendered":"http:\/\/gyo.ro\/urm\/?page_id=8"},"modified":"2014-07-17T12:10:49","modified_gmt":"2014-07-17T12:10:49","slug":"furdotortenet","status":"publish","type":"page","link":"https:\/\/urmanczy.ro\/ro\/bemutatkozas\/furdotortenet\/","title":{"rendered":"Istoria strandului"},"content":{"rendered":"<p>\u015etrandul Urm\u00e1nczy a intrat \u00een proprietatea familiei al c\u0103rei nume \u00eel poart\u0103 \u00een jurul anului 1870, c\u00e2nd a fost cump\u0103rat de la familia L\u00e1z\u00e1r din L\u0103zarea. Portalul din lemn, bogat decorat \u00eent\u00e2mpina vizitatorii \u00eenc\u0103 din 1835. Construc\u0163ia simpl\u0103 a b\u0103ii g\u0103zduia o piscin\u0103 acoperit\u0103, \u00eenconjurat\u0103 de cabine de lemn. Dup\u0103 obiceiul vremii, un zid de sc\u00e2ndur\u0103 \u00eemp\u0103r\u0163ea piscina \u00een dou\u0103 p\u0103r\u0163i de 20 mp suprafa\u0163\u0103: o parte pentru b\u0103rba\u0163i \u015fi una pentru femei. Tot atunci a fost construit \u015fi un vestiar cu patru \u00eenc\u0103peri. O descriere din 1884 se refer\u0103 la opt vestiare care aveau m\u0103rimea unei camere. C\u00e2ndva la \u00eenceputul secolului XX mla\u015ftina din jurul b\u0103ii a fost asanat\u0103 \u015fi amenajat\u0103 ca parc \u015fi sere. Pe b\u0103ncile a\u015fezate de-a lungul gardului se odihneau localnicii cu drag. Via\u0163a social\u0103 era promovat\u0103 \u015fi prin g\u0103zduirea de dou\u0103 ori pe s\u0103pt\u0103m\u00e2n\u0103 a unui ansamblu muzical.<\/p>\n<p>\tO carte po\u015ftal\u0103 din 1942 ne arat\u0103 baia nou construit\u0103 dup\u0103 inunda\u0163ia nimicitoare din 1932. Cl\u0103direa \u015fi terasa lung\u0103 oferea un loc generos cu umbr\u0103 pentru bufet, unde se serveau aperitive \u015fi \u00eenghe\u0163at\u0103 la pre\u0163uri convenabile. \u00cen noul bazin, de data aceasta \u00een aer liber \u015fi mixt, de 1000 m, deseori se \u0163ineau competi\u0163ii de \u00eenot. Se vede \u015fi acoperi\u015ful cl\u0103dirii mici, care ad\u0103posta pe atunci bazinul mic. Teritoriul b\u0103ii a fost \u00eenconjurat de un gard de lemn, de care se ata\u015fau cabine de schimb, tot din lemn. Complexul se bucura de dou\u0103 plaje amenajate: una cu iarb\u0103 \u00een fa\u0163a bazinului, \u015fi una cu nisip de-a lungul piscinei. \u00cen partea din spate s-a construit \u015fi un tobogan \u00eenalt, cam de trei metri. <\/p>\n<p>\tApa b\u0103ii a fost analizat\u0103 de profesorul L\u00f6bisch din Innsbruck \u00een 1882. Componentele apei minerale hidrogencarbonate, sodice, calcice, magneziene \u015fi carbogazoase au ie\u015fit asem\u0103n\u0103toare celor din vestitele b\u0103i Rudas \u015fi Gell\u00e9rt din Budapesta. Calit\u0103\u0163ile curative ale apei mezotermale, de 26.2 grade erau bine cunoscute. B\u0103ile Urm\u00e1nczy au fost pomenite \u00een fiecare ghid turistic din jurul anului 1900. Bolnavii beneficiau \u015fi de sfatul unui medic din sta\u0163iune. C\u0103l\u0103uza \u015fi prospectul sta\u0163iunii balneo-climaterice Topli\u0163a, din anul 1934, recomanda apa mineral\u0103 de b\u0103ut \u201e\u00een cazurile de cataruri cronice ale stomacului, c\u0103ilor urinare \u015fi aparatului respirator [&#8230;] diminu\u0103nd nepl\u0103cerile \u015fi simptomele, regul\u00e2nd scaunul.\u201d Sub form\u0103 de b\u0103i \u201eau efect calmant \u015fi \u00eent\u0103ritor, mai ales la indivizi nero\u015fi \u015fi surmena\u0163i\u201d fiind \u201ebune la boli cronice femee\u015fti \u015fi reumatism cronic muscular.\u201d<\/p>\n<p>\t\u00cen anul 1948 b\u0103ile au fost na\u0163ionalizate. A primit \u015fi un nou nume: \u015ftrandul Tineretului. \u00cen vara anului 1964,  s-a construit cl\u0103direa de la intrare, piscinele au fost modernizate, ridic\u00e2ndu-se pere\u0163i din beton. Pe vremea aceea, doar o barac\u0103 din jurul bazinului mic oferea protectie \u00eempotriva frigului. \u00cen anii 1970, parcul din jurul \u015ftrandului a fost distrus, iar \u00een locul lui a fost construit cartierul Izvoarelor \u015fi c\u00e2teva case. <\/p>\n<p>\u00cen prim\u0103vara anului 2008, \u015ftrandul a fost retrocedat mo\u015ftenitorilor familiei Urm\u00e1nczy, fiind \u00eentr-o stare avansat\u0103 de degradare. Acesta a fost rapid renovat \u015fi deschis publicului la sf\u00e2r\u015fitul lunii iunie din acela\u015fi an.<\/p>","protected":false},"excerpt":{"rendered":"<p>\u015etrandul Urm\u00e1nczy a intrat \u00een proprietatea familiei al c\u0103rei nume \u00eel poart\u0103 \u00een jurul anului 1870, c\u00e2nd a fost cump\u0103rat de la familia L\u00e1z\u00e1r din L\u0103zarea. Portalul din lemn, bogat decorat \u00eent\u00e2mpina vizitatorii \u00eenc\u0103 din 1835. Construc\u0163ia simpl\u0103 a b\u0103ii g\u0103zduia o piscin\u0103 acoperit\u0103, \u00eenconjurat\u0103 de cabine de lemn. Dup\u0103 obiceiul vremii, un zid de [&hellip;]<\/p>\n","protected":false},"author":3,"featured_media":0,"parent":4,"menu_order":2,"comment_status":"open","ping_status":"closed","template":"","meta":[],"_links":{"self":[{"href":"https:\/\/urmanczy.ro\/ro\/wp-json\/wp\/v2\/pages\/8"}],"collection":[{"href":"https:\/\/urmanczy.ro\/ro\/wp-json\/wp\/v2\/pages"}],"about":[{"href":"https:\/\/urmanczy.ro\/ro\/wp-json\/wp\/v2\/types\/page"}],"author":[{"embeddable":true,"href":"https:\/\/urmanczy.ro\/ro\/wp-json\/wp\/v2\/users\/3"}],"replies":[{"embeddable":true,"href":"https:\/\/urmanczy.ro\/ro\/wp-json\/wp\/v2\/comments?post=8"}],"version-history":[{"count":17,"href":"https:\/\/urmanczy.ro\/ro\/wp-json\/wp\/v2\/pages\/8\/revisions"}],"predecessor-version":[{"id":387,"href":"https:\/\/urmanczy.ro\/ro\/wp-json\/wp\/v2\/pages\/8\/revisions\/387"}],"up":[{"embeddable":true,"href":"https:\/\/urmanczy.ro\/ro\/wp-json\/wp\/v2\/pages\/4"}],"wp:attachment":[{"href":"https:\/\/urmanczy.ro\/ro\/wp-json\/wp\/v2\/media?parent=8"}],"curies":[{"name":"wp","href":"https:\/\/api.w.org\/{rel}","templated":true}]}}