{"id":6,"date":"2012-03-12T12:04:18","date_gmt":"2012-03-12T12:04:18","guid":{"rendered":"http:\/\/gyo.ro\/urm\/?page_id=6"},"modified":"2021-07-14T13:40:29","modified_gmt":"2021-07-14T13:40:29","slug":"rolunk","status":"publish","type":"page","link":"https:\/\/urmanczy.ro\/ro\/","title":{"rendered":"Acas\u0103"},"content":{"rendered":"<p><\/p>\n<p style=\"text-align: justify;\">\u0218trandul Urm\u00e1nczy este o mic\u0103 oaz\u0103 \u00een centrul ora\u015fului Topli\u0163a (jud. Harghita), la c\u00e2\u0163iva pa\u015fi de gar\u0103. E situat pe malul drept al Mure\u015fului, la o altitudine de 650 de metri \u0219i ofer\u0103 vedere spre mun\u0163ii C\u0103limani, v\u00e2rful Tarni\u0163a. Este alimentat de izvoare de ap\u0103 mineral\u0103, cu temperatura de 26 de grade la surs\u0103.<\/p>\n<p style=\"text-align: justify;\">\u0218trandul Urm\u00e1nczy are piscina de m\u0103rime olimpic\u0103\u00a0mare\u00a0(50\u00d720\u00a0m),\u00a0singura\u00a0de acest fel\u00a0din zon\u0103. O raritate adev\u0103rat\u0103 e bazinul mic (1,40 m ad\u00e2ncime) cu izvoare naturale ce \u00eenc\u0103lzesc u\u0219or pietrele rotunde de pe fund. Copiii se pot bucura de dou\u0103 piscine: una semicircular\u0103 pentru bebelu\u015fi \u015fi una un pic mai ad\u00e2nc\u0103 pentru copii mai mari. E \u0219i un teren de joac\u0103 cu groap\u0103 de nisip, balansoar, tub de c\u0103t\u0103rat \u015fi leag\u0103ne.<\/p>\n<p style=\"text-align: justify;\">La terasa \u0219trandului Urm\u00e1nczy oferim bun\u0103t\u0103\u0163i proasp\u0103t preg\u0103tite pe gr\u0103tarul \u00eencins, cu alte cuvinte tot ce trebuie pentru ca s\u0103 v\u0103 sim\u0163i\u0163i bine.<\/p>\n<p style=\"text-align: justify;\">Apa bazinelor bogate \u00een magneziu \u0219i calciu a fost prezentat \u00een ghidurile istorice cu calit\u0103\u0163i curative, temperatura moderat\u0103 f\u0103c\u00e2nd-o potrivit\u0103 \u015fi pentru bolnavii cu boli cardiace \u015fi vasculare, c\u0103rora apa fierbinte d\u0103unez\u0103.\u00a0Procedura de redob\u00e2ndire a calificativului de loc balnear e \u00een curs, conform raportului de \u00eencerc\u0103ri\u00a0din 2017\u00a0al\u00a0Institutului Na\u021bional\u00a0de\u00a0Recuperare,\u00a0Medicin\u0103 Fizic\u0103\u00a0\u0219i\u00a0Balneoclimatologie apa mineral\u0103\u00a0natural\u0103\u00a0poate fi valorificat\u0103 \u00een urm\u0103toarele proceduri hidro-kinetoterapeutice:<br \/>\n\u00b7 Afec\u021biuni reumatismale degenerative cronice<br \/>\n\u00b7 Afec\u021biuni reumatismale abarticulare cronice<br \/>\n\u00b7 Afec\u021biuni posttraumatice cronice ale aparatului locomotor<br \/>\n\u00b7 Afec\u021biuni neurologice periferice cronice<\/p>\n<p style=\"text-align: justify;\">Ora\u0219ul Topli\u0163a este \u00eenconjurat\u0103 de mun\u0163ii Gurghiu \u015fi C\u0103limani, cu multiple posibil\u0103\u0163i pentru drume\u0163ii. Cu mici escapade de o jumat\u0103tate de zi, sau de o zi \u00eentreag\u0103, se pot vizita multe obiective turistice precum: Borsec (28 km); castelul renascentist din L\u0103zarea (31 km) Gheorgheni (36 km), Lacul Ro\u015fu (62 km), Cheile Bicazului; salina de la Prajd (79 km), Sovata (89 km); locul de pelerinaj \u015eumuleu Ciuc (92 km), Tu\u015fnad (115 km), Lacul Sfanta Ana (124 km); Reghin (69 km), castelele baroce din Gorne\u015fti \u015fi Peri\u015f \u015fi T\u00e2rgu Mures (100 km).<\/p>\n<p><\/p>","protected":false},"excerpt":{"rendered":"<p>\u0218trandul Urm\u00e1nczy este o mic\u0103 oaz\u0103 \u00een centrul ora\u015fului Topli\u0163a (jud. Harghita), la c\u00e2\u0163iva pa\u015fi de gar\u0103. E situat pe malul drept al Mure\u015fului, la o altitudine de 650 de metri \u0219i ofer\u0103 vedere spre mun\u0163ii C\u0103limani, v\u00e2rful Tarni\u0163a. Este alimentat de izvoare de ap\u0103 mineral\u0103, cu temperatura de 26 de grade la surs\u0103. \u0218trandul [&hellip;]<\/p>\n","protected":false},"author":3,"featured_media":0,"parent":4,"menu_order":1,"comment_status":"open","ping_status":"closed","template":"","meta":[],"_links":{"self":[{"href":"https:\/\/urmanczy.ro\/ro\/wp-json\/wp\/v2\/pages\/6"}],"collection":[{"href":"https:\/\/urmanczy.ro\/ro\/wp-json\/wp\/v2\/pages"}],"about":[{"href":"https:\/\/urmanczy.ro\/ro\/wp-json\/wp\/v2\/types\/page"}],"author":[{"embeddable":true,"href":"https:\/\/urmanczy.ro\/ro\/wp-json\/wp\/v2\/users\/3"}],"replies":[{"embeddable":true,"href":"https:\/\/urmanczy.ro\/ro\/wp-json\/wp\/v2\/comments?post=6"}],"version-history":[{"count":29,"href":"https:\/\/urmanczy.ro\/ro\/wp-json\/wp\/v2\/pages\/6\/revisions"}],"predecessor-version":[{"id":696,"href":"https:\/\/urmanczy.ro\/ro\/wp-json\/wp\/v2\/pages\/6\/revisions\/696"}],"up":[{"embeddable":true,"href":"https:\/\/urmanczy.ro\/ro\/wp-json\/wp\/v2\/pages\/4"}],"wp:attachment":[{"href":"https:\/\/urmanczy.ro\/ro\/wp-json\/wp\/v2\/media?parent=6"}],"curies":[{"name":"wp","href":"https:\/\/api.w.org\/{rel}","templated":true}]}}