{"id":378,"date":"2014-07-13T04:39:54","date_gmt":"2014-07-13T04:39:54","guid":{"rendered":"http:\/\/urmanczy.ro\/?page_id=378"},"modified":"2021-07-13T05:30:53","modified_gmt":"2021-07-13T05:30:53","slug":"water-ball","status":"publish","type":"page","link":"https:\/\/urmanczy.ro\/ro\/szolgaltatasaink\/water-ball\/","title":{"rendered":"Water ball"},"content":{"rendered":"<p>Bile de mers pe ap\u0103, sau bilele nebune! Distractive, sigure, curioase \u015fi inedite, bilele de mers ofer\u0103 o experien\u0163\u0103 unic\u0103. Ele pot fi \u00eencercate\u00a0de copii mai mari de 5 ani. <\/p>\n<p>Water ball seam\u0103n\u0103 cu o minge de plaj\u0103 uria\u015f\u0103 (2 m diametru), transparent\u0103.  \u00cen sfer\u0103 se intr\u0103 prin intermediul unui fermoar special, apoi aceasta se umfl\u0103. Bila de mers pe ap\u0103 e fixat\u0103 cu o fr\u00e2nghie la mal, \u00een acest fel nu poate fi suflat\u0103 de v\u00e2nt \u015fi poate fi tras\u0103 cu u\u0219urin\u021b\u0103 la mal.<\/p>\n<p>Mersul cu bila pe ap\u0103 nu este potrivit pentru femeile gravide, pentru persoanele cu probleme de s\u0103n\u0103tate, precum \u0219i pentru cei cu probleme respiratorii sau cardiace.  <\/p>\n<p>Pre\u0163: 10 lei \/ tur\u0103<\/p>","protected":false},"excerpt":{"rendered":"<p>Bile de mers pe ap\u0103, sau bilele nebune! Distractive, sigure, curioase \u015fi inedite, bilele de mers ofer\u0103 o experien\u0163\u0103 unic\u0103. Ele pot fi \u00eencercate\u00a0de copii mai mari de 5 ani. Water ball seam\u0103n\u0103 cu o minge de plaj\u0103 uria\u015f\u0103 (2 m diametru), transparent\u0103. \u00cen sfer\u0103 se intr\u0103 prin intermediul unui fermoar special, apoi aceasta se [&hellip;]<\/p>\n","protected":false},"author":3,"featured_media":0,"parent":18,"menu_order":11,"comment_status":"open","ping_status":"open","template":"","meta":[],"_links":{"self":[{"href":"https:\/\/urmanczy.ro\/ro\/wp-json\/wp\/v2\/pages\/378"}],"collection":[{"href":"https:\/\/urmanczy.ro\/ro\/wp-json\/wp\/v2\/pages"}],"about":[{"href":"https:\/\/urmanczy.ro\/ro\/wp-json\/wp\/v2\/types\/page"}],"author":[{"embeddable":true,"href":"https:\/\/urmanczy.ro\/ro\/wp-json\/wp\/v2\/users\/3"}],"replies":[{"embeddable":true,"href":"https:\/\/urmanczy.ro\/ro\/wp-json\/wp\/v2\/comments?post=378"}],"version-history":[{"count":8,"href":"https:\/\/urmanczy.ro\/ro\/wp-json\/wp\/v2\/pages\/378\/revisions"}],"predecessor-version":[{"id":674,"href":"https:\/\/urmanczy.ro\/ro\/wp-json\/wp\/v2\/pages\/378\/revisions\/674"}],"up":[{"embeddable":true,"href":"https:\/\/urmanczy.ro\/ro\/wp-json\/wp\/v2\/pages\/18"}],"wp:attachment":[{"href":"https:\/\/urmanczy.ro\/ro\/wp-json\/wp\/v2\/media?parent=378"}],"curies":[{"name":"wp","href":"https:\/\/api.w.org\/{rel}","templated":true}]}}