{"id":363,"date":"2014-05-04T17:05:21","date_gmt":"2014-05-04T17:05:21","guid":{"rendered":"http:\/\/urmanczy.ro\/?page_id=363"},"modified":"2021-07-13T05:29:33","modified_gmt":"2021-07-13T05:29:33","slug":"biliard","status":"publish","type":"page","link":"https:\/\/urmanczy.ro\/ro\/szolgaltatasaink\/biliard\/","title":{"rendered":"Biliard"},"content":{"rendered":"<p>\u020an <a href=\"https:\/\/www.facebook.com\/Sport-bar-bistro-745455118854345\/\">Sport bar &#038; bistro<\/a>, situat l\u00e2ng\u0103 parcarea \u0219trandui, \u020bntr-o sal\u0103 separat\u0103, se afl\u0103 o mas\u0103 de biliard. Aranjamentul cu fotolii creeaz\u0103 o atmosfer\u0103 pl\u0103cut\u0103. Pre\u0163ul pentru o or\u0103 este de 15 lei. Rezerv\u0103ri \u0219i informa\u021bii la num\u0103rul de telefon 0787549921 sau la fa\u021ba locului.<\/p>","protected":false},"excerpt":{"rendered":"<p>\u020an Sport bar &#038; bistro, situat l\u00e2ng\u0103 parcarea \u0219trandui, \u020bntr-o sal\u0103 separat\u0103, se afl\u0103 o mas\u0103 de biliard. Aranjamentul cu fotolii creeaz\u0103 o atmosfer\u0103 pl\u0103cut\u0103. Pre\u0163ul pentru o or\u0103 este de 15 lei. Rezerv\u0103ri \u0219i informa\u021bii la num\u0103rul de telefon 0787549921 sau la fa\u021ba locului.<\/p>\n","protected":false},"author":3,"featured_media":0,"parent":18,"menu_order":11,"comment_status":"open","ping_status":"open","template":"","meta":[],"_links":{"self":[{"href":"https:\/\/urmanczy.ro\/ro\/wp-json\/wp\/v2\/pages\/363"}],"collection":[{"href":"https:\/\/urmanczy.ro\/ro\/wp-json\/wp\/v2\/pages"}],"about":[{"href":"https:\/\/urmanczy.ro\/ro\/wp-json\/wp\/v2\/types\/page"}],"author":[{"embeddable":true,"href":"https:\/\/urmanczy.ro\/ro\/wp-json\/wp\/v2\/users\/3"}],"replies":[{"embeddable":true,"href":"https:\/\/urmanczy.ro\/ro\/wp-json\/wp\/v2\/comments?post=363"}],"version-history":[{"count":7,"href":"https:\/\/urmanczy.ro\/ro\/wp-json\/wp\/v2\/pages\/363\/revisions"}],"predecessor-version":[{"id":672,"href":"https:\/\/urmanczy.ro\/ro\/wp-json\/wp\/v2\/pages\/363\/revisions\/672"}],"up":[{"embeddable":true,"href":"https:\/\/urmanczy.ro\/ro\/wp-json\/wp\/v2\/pages\/18"}],"wp:attachment":[{"href":"https:\/\/urmanczy.ro\/ro\/wp-json\/wp\/v2\/media?parent=363"}],"curies":[{"name":"wp","href":"https:\/\/api.w.org\/{rel}","templated":true}]}}