{"id":32,"date":"2012-03-13T07:09:14","date_gmt":"2012-03-13T07:09:14","guid":{"rendered":"http:\/\/gyo.ro\/urm\/?page_id=32"},"modified":"2016-06-21T15:57:21","modified_gmt":"2016-06-21T15:57:21","slug":"szallaslehetosegek","status":"publish","type":"page","link":"https:\/\/urmanczy.ro\/ro\/maroshevizrol\/szallaslehetosegek\/","title":{"rendered":"Cazare"},"content":{"rendered":"<p><\/p>\n<p style=\"text-align: justify;\">\u015etrandul Urmanczy din Topli\u0163a momentan nu ofer\u0103 cazare, dar in ora\u015f exist\u0103 posibilit\u0103\u0163i de cazare de mai multe categorii, de la bungalouri, cabane, pensiuni p\u00e2n\u0103 la hotel de 3 stele. Pentru mai multe informa\u0163ii pute\u0163i accesa: <a href=\"http:\/\/www.toplita.info\/turism\/cazare\">http:\/\/www.toplita.info\/turism\/cazare<\/a><\/p>\n<p style=\"text-align: justify;\"><a href=\"http:\/\/www.turismvirtual.ro\/cazare\/Toplita\/\">http:\/\/www.turismvirtual.ro\/cazare\/Toplita\/<\/a><\/p>\n<p style=\"text-align: justify;\">http:\/\/www.turismromanesc.ro\/cazare-in-Toplita<\/p>\n<p><\/p>","protected":false},"excerpt":{"rendered":"<p>\u015etrandul Urmanczy din Topli\u0163a momentan nu ofer\u0103 cazare, dar in ora\u015f exist\u0103 posibilit\u0103\u0163i de cazare de mai multe categorii, de la bungalouri, cabane, pensiuni p\u00e2n\u0103 la hotel de 3 stele. Pentru mai multe informa\u0163ii pute\u0163i accesa: http:\/\/www.toplita.info\/turism\/cazare http:\/\/www.turismvirtual.ro\/cazare\/Toplita\/ http:\/\/www.turismromanesc.ro\/cazare-in-Toplita<\/p>\n","protected":false},"author":3,"featured_media":0,"parent":26,"menu_order":2,"comment_status":"open","ping_status":"open","template":"","meta":[],"_links":{"self":[{"href":"https:\/\/urmanczy.ro\/ro\/wp-json\/wp\/v2\/pages\/32"}],"collection":[{"href":"https:\/\/urmanczy.ro\/ro\/wp-json\/wp\/v2\/pages"}],"about":[{"href":"https:\/\/urmanczy.ro\/ro\/wp-json\/wp\/v2\/types\/page"}],"author":[{"embeddable":true,"href":"https:\/\/urmanczy.ro\/ro\/wp-json\/wp\/v2\/users\/3"}],"replies":[{"embeddable":true,"href":"https:\/\/urmanczy.ro\/ro\/wp-json\/wp\/v2\/comments?post=32"}],"version-history":[{"count":8,"href":"https:\/\/urmanczy.ro\/ro\/wp-json\/wp\/v2\/pages\/32\/revisions"}],"predecessor-version":[{"id":445,"href":"https:\/\/urmanczy.ro\/ro\/wp-json\/wp\/v2\/pages\/32\/revisions\/445"}],"up":[{"embeddable":true,"href":"https:\/\/urmanczy.ro\/ro\/wp-json\/wp\/v2\/pages\/26"}],"wp:attachment":[{"href":"https:\/\/urmanczy.ro\/ro\/wp-json\/wp\/v2\/media?parent=32"}],"curies":[{"name":"wp","href":"https:\/\/api.w.org\/{rel}","templated":true}]}}