{"id":30,"date":"2012-03-13T07:08:36","date_gmt":"2012-03-13T07:08:36","guid":{"rendered":"http:\/\/gyo.ro\/urm\/?page_id=30"},"modified":"2016-07-29T16:04:49","modified_gmt":"2016-07-29T16:04:49","slug":"a-kornyekrol","status":"publish","type":"page","link":"https:\/\/urmanczy.ro\/ro\/maroshevizrol\/a-kornyekrol\/","title":{"rendered":"\u00cemprejurimile"},"content":{"rendered":"<p><\/p>\n<p style=\"text-align: justify;\">Orasul Topli\u0163a este locul ideal de pornire pentru mici escapade de o jumat\u0103tate de zi, sau de o zi.<\/p>\n<p><strong>Drumul apelor minerale<\/strong><br \/>\nBorsec (26 km) a fost una dintre cele mai vestite statiuni \u00een vremea Monarhiei Austro-Ungare. Construc\u0163iile vechi \u2013 de\u0219i unele sunt \u00een stare degradant\u0103 &#8211; ofer\u0103 un prilej de plimbare pe vechea promenad\u0103. Dup\u0103 ce gusta\u0163i din \u201eRegina apelor minerale\u201d, merit\u0103 de v\u0103zut \u015fi \u00eencercat mica baie din lemn la Poiana Z\u00e2nelor. Tot la Borsec g\u0103si\u021bi baia Osaros, ce func\u021bioneaz\u0103 cu ap\u0103 mineral\u0103 \u00eenc\u0103lzit\u0103 <a href=\"https:\/\/www.facebook.com\/borsec.Osaros\/\" target=\"_blank\">https:\/\/www.facebook.com\/borsec.Osaros\/<\/a>, <a href=\"http:\/\/www.statiuneaborsec.ro\" target=\"_blank\">http:\/\/www.statiuneaborsec.ro<\/a>.  \u00cen drum spre Borsec, cu o mic\u0103 ocolire se poate vizita \u015fi satul Bilbor (22 km) cu izvoare de ap\u0103 mineral\u0103 \u00eentr-un cadru bucolic. Dac\u0103 ave\u0163i timp de o excursie de o zi \u00eentreag\u0103, pute\u0163i merge mai departe de Borsec, p\u00e2n\u0103 \u00een sta\u0163iunea Dur\u0103u, a\u015fezat\u0103 la piciorele muntelui Ceahl\u0103u (62 km) l\u00e2ng\u0103 lacul de acumlare Bicaz. M\u0103n\u0103stirea construit\u0103 \u00een anul 1835 este vestit\u0103 pentru frescele interioare realizate de pictorul Nicolae Tonitza. La \u00eentoarcere pute\u0163i alege un alt traseu de-alungul lacului Bicaz, prin Cheile Bicazului. De aici pot fi vizitate \u0219i alte m\u0103n\u0103stiri din Moldova.<\/p>\n<p><strong>Depresiunea Gheorgheniului \u015fi Cheile Bicazului<\/strong><br \/>\nFoarte aproape de Topli\u0163a, la 30 de kilometri, se g\u0103se\u015fte castelul renascentist din L\u0103zarea. Urm\u0103toarea oprire poate fi Gheorgheni, vechi ora\u015f de negustori armeni, cu un centru vechi. Muzeul ora\u0219ului are o colectie interesant\u0103 <a href=\"http:\/\/www.tmmuzeum.ro\" target=\"_blank\">http:\/\/www.tmmuzeum.ro<\/a>.  De aici Lacul Ro\u015fu e doar la 23 km, de unde se poate ajunge la spectaculoasele Chei ale Bicazului.<\/p>\n<p><strong>Drumul s\u0103rii<\/strong><br \/>\n\u00a0Praid, Sovata: traseul este unul splendid, dup\u0103 L\u0103zarea drumul trec\u00e2nd prin pasul Bucin (1287 m) prin mun\u0163ii Gurghiului (13 B). Drumul trece prin Joseni, unde se m\u0103soar\u0103 de regul\u0103 cele mai joase temperaturi din \u0163ar\u0103. Merit\u0103 aten\u0163ie turnul bisericii proasp\u0103t restaurate, perioadele diferite de construc\u0163ie sunt u\u015for de recunoscut. La restaurantul din urm\u0103torul sat, Borzont se coace p\u00e2ine de cas\u0103 la vatr\u0103. La Praid nu rata\u0163i salina \u0219i noul \u0219trand cu ap\u0103 s\u0103rat\u0103, iar la Sovata v\u0103 asteapt\u0103 faimosul lac Ursu <a href=\"http:\/\/www.salinapraid.ro\" target=\"_blank\">http:\/\/www.salinapraid.ro<\/a>. Suveniruri originale pute\u0163i achizi\u0163iona din satul Corund, unde mai toti locuitorii tr\u0103iesc din ol\u0103rit.<\/p>\n<p><strong>Miercurea Ciuc, \u015eumuleu Ciuc, Tu\u015fnad, lacul Sf\u00e2nta Ana<\/strong><br \/>\n\u00a0O c\u0103l\u0103torie \u00een inima secuimii v\u0103 poate oferi o zi de neuitat. Locul de pelerinaj din \u015eumuleu Ciuc merit\u0103 de vizitat \u00een orice perioad\u0103 a anului. Pe l\u00e2ng\u0103 biserica merit\u0103 de v\u0103zut \u015fi mica capel\u0103 Salvator de pe dealul apropiat, cu tavanul de lemn pictat. \u00cen restaurantul de vizavi de biseric\u0103, pe l\u00e2ng\u0103 bucatele tradi\u0163ionale ungure\u015fti puteti gusta \u015fi o supa specific\u0103 armeneasc\u0103. Cei interesa\u0163i de monumentele medievale g\u0103sesc mai multe biserici fortificate \u00een apropiere, la Delni\u0163a (cu fresce exterioare) sau la Mih\u0103ileni (cu fresce interioare). \u00cen Miercurea Ciuc se organizeaz\u0103 expozi\u0163ii importante \u00een muzeul amenajat \u00een castelul Mik\u00f3, construit \u00een stil renascentist <a href=\"http:\/\/www.csszm.ro\" target=\"_blank\">http:\/\/www.csszm.ro<\/a>. Pute\u0163i vizita sta\u0163iunea Tu\u015fnad, aproape de care g\u0103si\u0163i lacul de origine vulcanic\u0103 Sf\u00e2nta Ana. Noutatea sta\u021biunii e centrul de wellness cu ap\u0103 termal\u0103 <a href=\"http:\/\/www.wellness-tusnad.ro\" target=\"_blank\">http:\/\/www.wellness-tusnad.ro<\/a>.<\/p>\n<p><strong>Defileul Topli\u0163a-Deda, castelul Kem\u00e9ny din Br\u00e2ncovenes\u021bi, castelul Bornemissza din Gurghiu, b\u0103i s\u0103rate<\/strong><br \/>\nDrumul e o c\u0103l\u0103torie pl\u0103cut\u0103 prin rezerva\u0163ia peisagistic\u0103 Defileul Toplita-Deda (15). \u00cenc\u0103 \u00eenainte de Reghin pute\u0163i s\u0103 v\u0103 opri\u0163i la V\u0103lenii de Mures unde \u00een biserica reformat\u0103 din secolul al 19-lea a fost \u00eencorporat\u0103 biserica medieval\u0103 cu fresce de la \u00eenceputul secolului 14. La c\u00e2\u0163iva kilometri mai departe, pe partea dreapt\u0103 a drumului, pe o colin\u0103 z\u0103rim castelul renascentist de la Br\u00e2ncovene\u015fti, unde o mic\u0103 expozi\u021bie a\u0219teapt\u0103 vizitatorii <a href=\"https:\/\/www.facebook.com\/MarosvecsiKemenyVarkastely\" target=\"_blank\">https:\/\/www.facebook.com\/MarosvecsiKemenyVarkastely<\/a>. \u00cen Reghin monumentul cel mai important este biserica s\u0103seasc\u0103 (71 km). Ultima sta\u0163ie este la 14 kilometri spre est. \u00centr-un parc dendrologic \u00eenfiintat prin anii 1740 g\u0103si\u0163i castelul Bornemissza. <a href=\"http:\/\/www.muzeumures.ro\" target=\"_blank\">http:\/\/www.muzeumures.ro<\/a>. Dac\u0103 ave\u0163i timp, pute\u0163i merge mai departe la L\u0103pu\u015fna, la fostul castel de v\u00e2n\u0103toare al lui Ferdinand, regele Rom\u00e2niei. Tot aici este o mic\u0103 biseric\u0103 din lemn din anul 1779, adus\u0103 din satul Comori. La \u00eentoarcere, dupa Reghin pute\u0163i s\u0103 alege\u0163i un alt drum de-a lungul Mure\u015fului. Aici g\u0103si\u0163i mici sate cu b\u0103i s\u0103rate, dintre care cel mai cunoscut este Ideciul de Jos.<\/p>\n<p><strong>Drumul castelelor baroce, T\u00e2rgu Mure\u015f<\/strong><br \/>\n\u00a0Cele mai importante \u015fi fascinante castele baroce sunt \u00eentre Reghin \u015fi T\u00e2rgu Mure\u015f, la Gorne\u015fti \u015fi la Dumbr\u0103vioara. Castelul \u0219i gr\u0103dina Teleki din Gorne\u0219ti merit\u0103 neaparat o vizit\u0103 <a href=\"http:\/\/www.gernyeszeg.com\" target=\"_blank\">http:\/\/www.gernyeszeg.com<\/a>. Ora\u015ful T\u00e2rgu Mure\u015f ofer\u0103 multe posibilit\u0103\u0163i de a petrece timpul liber. Aici este biblioteca Teleki, cea mai veche bibliotec\u0103 din Transilvania <a href=\"http:\/\/www.telekiteka.ro\" target=\"_blank\">http:\/\/www.telekiteka.ro<\/a>, palatul culturii cu fascinanta sal\u0103 de oglinzi realizat\u0103 \u00een stilul Art Nouveau \u0219i cetatea medieval\u0103 cu fosta biseric\u0103 franciscan\u0103, recent renovat\u0103 <a href=\"http:\/\/www.muzeumures.ro\" target=\"_blank\">http:\/\/www.muzeumures.ro<\/a>. Ora\u015ful este plin de viat\u0103, iar zona de agrement Weekend amplasat\u0103 pe o peninsul\u0103 a Mure\u015fului cu piscinele \u00eenconjurate de mai multe terase ofer\u0103 \u00een timpul verii o atmosfer\u0103 ca la mare. Baia s\u0103rat\u0103 din apropiata localitate S\u00e2ngeorgiu de Mure\u015f ofer\u0103 servicii de wellness <a href=\"http:\/\/clubapollo.ro\" target=\"_blank\">http:\/\/clubapollo.ro<\/a>.<\/p>\n<p><\/p>","protected":false},"excerpt":{"rendered":"<p>Orasul Topli\u0163a este locul ideal de pornire pentru mici escapade de o jumat\u0103tate de zi, sau de o zi. Drumul apelor minerale Borsec (26 km) a fost una dintre cele mai vestite statiuni \u00een vremea Monarhiei Austro-Ungare. Construc\u0163iile vechi \u2013 de\u0219i unele sunt \u00een stare degradant\u0103 &#8211; ofer\u0103 un prilej de plimbare pe vechea promenad\u0103. [&hellip;]<\/p>\n","protected":false},"author":3,"featured_media":0,"parent":26,"menu_order":1,"comment_status":"open","ping_status":"open","template":"","meta":[],"_links":{"self":[{"href":"https:\/\/urmanczy.ro\/ro\/wp-json\/wp\/v2\/pages\/30"}],"collection":[{"href":"https:\/\/urmanczy.ro\/ro\/wp-json\/wp\/v2\/pages"}],"about":[{"href":"https:\/\/urmanczy.ro\/ro\/wp-json\/wp\/v2\/types\/page"}],"author":[{"embeddable":true,"href":"https:\/\/urmanczy.ro\/ro\/wp-json\/wp\/v2\/users\/3"}],"replies":[{"embeddable":true,"href":"https:\/\/urmanczy.ro\/ro\/wp-json\/wp\/v2\/comments?post=30"}],"version-history":[{"count":18,"href":"https:\/\/urmanczy.ro\/ro\/wp-json\/wp\/v2\/pages\/30\/revisions"}],"predecessor-version":[{"id":544,"href":"https:\/\/urmanczy.ro\/ro\/wp-json\/wp\/v2\/pages\/30\/revisions\/544"}],"up":[{"embeddable":true,"href":"https:\/\/urmanczy.ro\/ro\/wp-json\/wp\/v2\/pages\/26"}],"wp:attachment":[{"href":"https:\/\/urmanczy.ro\/ro\/wp-json\/wp\/v2\/media?parent=30"}],"curies":[{"name":"wp","href":"https:\/\/api.w.org\/{rel}","templated":true}]}}