{"id":284,"date":"2013-04-22T16:11:41","date_gmt":"2013-04-22T16:11:41","guid":{"rendered":"http:\/\/urmanczy.ro\/?page_id=284"},"modified":"2021-07-13T05:24:47","modified_gmt":"2021-07-13T05:24:47","slug":"teren-de-tenis","status":"publish","type":"page","link":"https:\/\/urmanczy.ro\/ro\/szolgaltatasaink\/teren-de-tenis\/","title":{"rendered":"Tenis"},"content":{"rendered":"<p>Din vara anului 2013 \u015ftrandul Urm\u00e1nczy ofer\u0103 servici noi: teren de tenis cu zgur\u0103. Terenul se afl\u0103 \u00een afara incintei \u015ftrandului, l\u00e2ng\u0103 locul de parcare. Biletele pot fi cump\u0103rate la casa \u015ftrandului Urm\u00e1nczy.<\/p>\n<p>Teren de tenis: 20 lei\/or\u0103. \u020anchiriem rachete \u015fi mingi de tenis: 10 lei\/or\u0103. Juc\u0103torii de tenis au dreptul la bilete de intrare la pre\u0163 redus: 10 lei. <\/p>\n<h2>Pentru rezerv\u0103ri<\/h2>\n<p>Online: <a href=\"http:\/\/tenis.urmanczy.ro\" target=\"_blank\" rel=\"noopener\">tenis.urmanczy.ro<\/a><br \/>\nTelefon: 0722548282<\/p>","protected":false},"excerpt":{"rendered":"<p>Din vara anului 2013 \u015ftrandul Urm\u00e1nczy ofer\u0103 servici noi: teren de tenis cu zgur\u0103. Terenul se afl\u0103 \u00een afara incintei \u015ftrandului, l\u00e2ng\u0103 locul de parcare. Biletele pot fi cump\u0103rate la casa \u015ftrandului Urm\u00e1nczy. Teren de tenis: 20 lei\/or\u0103. \u020anchiriem rachete \u015fi mingi de tenis: 10 lei\/or\u0103. Juc\u0103torii de tenis au dreptul la bilete de intrare [&hellip;]<\/p>\n","protected":false},"author":3,"featured_media":0,"parent":18,"menu_order":8,"comment_status":"open","ping_status":"open","template":"tenisz.php","meta":[],"_links":{"self":[{"href":"https:\/\/urmanczy.ro\/ro\/wp-json\/wp\/v2\/pages\/284"}],"collection":[{"href":"https:\/\/urmanczy.ro\/ro\/wp-json\/wp\/v2\/pages"}],"about":[{"href":"https:\/\/urmanczy.ro\/ro\/wp-json\/wp\/v2\/types\/page"}],"author":[{"embeddable":true,"href":"https:\/\/urmanczy.ro\/ro\/wp-json\/wp\/v2\/users\/3"}],"replies":[{"embeddable":true,"href":"https:\/\/urmanczy.ro\/ro\/wp-json\/wp\/v2\/comments?post=284"}],"version-history":[{"count":12,"href":"https:\/\/urmanczy.ro\/ro\/wp-json\/wp\/v2\/pages\/284\/revisions"}],"predecessor-version":[{"id":669,"href":"https:\/\/urmanczy.ro\/ro\/wp-json\/wp\/v2\/pages\/284\/revisions\/669"}],"up":[{"embeddable":true,"href":"https:\/\/urmanczy.ro\/ro\/wp-json\/wp\/v2\/pages\/18"}],"wp:attachment":[{"href":"https:\/\/urmanczy.ro\/ro\/wp-json\/wp\/v2\/media?parent=284"}],"curies":[{"name":"wp","href":"https:\/\/api.w.org\/{rel}","templated":true}]}}