{"id":28,"date":"2012-03-13T07:03:05","date_gmt":"2012-03-13T07:03:05","guid":{"rendered":"http:\/\/gyo.ro\/urm\/?page_id=28"},"modified":"2016-07-29T15:56:56","modified_gmt":"2016-07-29T15:56:56","slug":"a-varosrol","status":"publish","type":"page","link":"https:\/\/urmanczy.ro\/ro\/maroshevizrol\/a-varosrol\/","title":{"rendered":"Despre ora\u015f"},"content":{"rendered":"<p><\/p>\n<p style=\"text-align: justify;\">Ora\u015ful situat la altitudinea de 664 de metri, are o clim\u0103 foarte pl\u0103cut\u0103 vara, cu seri r\u0103coroase. Atrac\u0163ia turistic\u0103 este dat\u0103 de cele dou\u0103 b\u0103i cu ap\u0103 termal\u0103 \u015fi mun\u0163ii din \u00eemprejurimi. Centrul vechi a fost demolat, dar \u015fi a\u015fa au r\u0103mas c\u00e2teva obiective arhitecturale care merit\u0103 de v\u0103zut.<\/p>\n<p><strong>M\u0103n\u0103stirea Doamnei<\/strong><br \/>\nEste cea ami veche m\u0103n\u0103stire din zona Topli\u021bei. Data construirii nu este sigur\u0103, se crede c\u0103 a fost ctitorit de doamna Safta, so\u0163ia domnitorului Moldovei Gheorghe \u015etefan (1653-1658). Inscrip\u0163ia aflat\u0103 deasupra u\u015fii bisericii \u00eens\u0103 ne spune c\u0103 m\u0103n\u0103stirea a fost finalizat\u0103 \u00een anul 1710.<\/p>\n<p><strong>M\u0103n\u0103stirea Sf\u00e2ntul Ilie Proorocul<\/strong><br \/>\nBiserica din lemn a fost construit\u0103 \u00een anul 1847 la St\u00e2nceni \u015fi a fost adus\u0103 la Topli\u0163a \u00een anul 1910 fiind ctitorie a primului Patriarh al Rom\u00e2niei, Miron Cristea, n\u0103scut \u00een Topli\u0163a (1868). M\u0103n\u0103stirea s-a dezvoltat cu timpul, fiind ast\u0103zi un loc foarte c\u0103utat de credincio\u015fii care vin \u00een num\u0103r mare, mai ales cu ocazia hramului m\u0103n\u0103stirii. Muzeul M\u0103n\u0103stirii \u201cSf\u00e2ntul Prooroc Ilie\u201d are expozi\u0163ie permanent\u0103 cu icoane pe lemn din secolul al XVIII-lea, fragmente ale vechii catapetesme de la biserica din lemn, o valoroas\u0103 colec\u0163ie de icoane pe sticl\u0103, c\u0103r\u0163i religioase ortodoxe \u015fi obiecte liturgice.<\/p>\n<p><strong>Castelul Urmanczy<\/strong><br \/>\nCastelul Urmanczy a fost construit \u00een anul 1906, de arhitectul de origine tirolez\u0103 Giacomuzzi Virgilio. Stilul castelului este modern \u015fi unic \u00een Transilvania <a href=\"https:\/\/www.facebook.com\/castelulUrmanczykastely\" target=\"_blank\">https:\/\/www.facebook.com\/castelulUrmanczykastely<\/a>.<\/p>\n<p><strong>Sta\u0163iunea Banffy<\/strong><br \/>\nDe la sf\u00e2r\u015fitul secolului XIX a fost principala atrac\u0163ie turistic\u0103 a ora\u015fului. Mica sta\u0163iune este situat\u0103 pe partea st\u00e2ng\u0103 a r\u00e2ului Mure\u015f, a fost c\u00e2ndva domeniul familiei B\u00e1nffy. Dup\u0103 revolu\u0163ie sta\u0163iunea a pierdut din faima de odinior\u0103. Reabilitarea sta\u0163iunii a \u020bnceput deja, \u015ftrandul vechi cu ap\u0103 asem\u0103natoare \u0219trandului Urmanczy, a fost recent renovat. Bazinul are 30 metri lungime. L\u00e2ng\u0103 \u0219trandul vechi a fost construit un mic centru de wellnes, B\u0103ile Banffy Topli\u021ba. A fost dotat cu mai multe saune \u0219i o sal\u0103 de sport. Bazinele func\u021bionez\u0103 cu ap\u0103 potabil\u0103 \u00eenc\u0103lzit\u0103. <\/p>\n<p><strong>Mun\u0163ii Gurghiului<\/strong><br \/>\n<strong>Cascada cu ap\u0103 termal\u0103<\/strong><br \/>\nAproape de centru, pe malul st\u00e2ng al Mure\u015fului, l\u00e2nge calea ferat\u0103, g\u0103sim o comoar\u0103 a naturii f\u0103r\u0103 pereche: singura cascad\u0103 cu ap\u0103 termal\u0103 din Transilvania: apa b\u0103ii Banffy se vars\u0103 aici \u00een Mure\u015f. Cascada de calcar are o flor\u0103 aparte \u015fi debitul este variabil depinz\u00e2nd de programul \u015ftrandului din apropiere.<\/p>\n<p><strong>P\u00e2rtia de schii, hergelia Baciu<\/strong><br \/>\nPe podi\u0219ul deasupra sta\u021biunii Banffy mai departe de ora\u0219, la 850  de metri \u00een\u0103l\u021bime g\u0103sim pensiunea Baciu cu vedere impresionant\u0103 asupra mun\u021biilor C\u0103limani \u0219i a ora\u0219ului Topli\u021ba. Pe timp de var\u0103 pute\u021bi c\u0103l\u0103rii, iarna v\u0103 a\u0219teapta p\u00e2rtiile de schii <a href=\"http:\/\/pensiuneabaciu.com\" target=\"_blank\">http:\/\/pensiuneabaciu.com<\/a>.<\/p>\n<p><strong>Ciupercile cu coloape<\/strong><br \/>\nPe valea M\u0103gheru\u015fului \u00een amonte patru ore pe jos sau cu bicicleta ajungem la aceste forma\u0163iuni vulcanice spectaculoase.<\/p>\n<p><strong>Tarni\u0163a sau Via lui Banffy<\/strong><br \/>\nAcest munte se vede de pe \u015ftrandul Urmanczy. Din bazaltul exploatat din cariera local\u0103, printre multe altele s-a construit \u015fi castelul Urmanczy. Numele de Via lui Banffy vine de la o serbare a recoltei: cum via nu cre\u015fte pe aceste meleaguri, oamenii au ag\u0103\u0163at ciorchinii pe brazi.<\/p>\n<p><strong>Lacul Iezer, R\u0103chiti\u015f, Vf. Pietros<\/strong><br \/>\nMun\u0163ii C\u0103limani reprezint\u0103 zona muntoas\u0103 cea mai bine prezervat\u0103 din Transilvania. Aici g\u0103sim foarte pu\u0163ine construc\u0163ii. Din trecere putem admira coloanele de bazalt \u015fi izvoarele cu con\u0163inut de sulf. Pitorescul lac Iezer se afl\u0103 sub v\u00e2rful R\u00e2chiti\u015f (2021 m). Cel mai frumos este la sf\u00e2r\u015fit de iunie c\u00e2nd rododendronul d\u0103 o culoare de ciclamen peisajului. Aici se g\u0103se\u015fte \u015fi grani\u0163a milenar\u0103 \u00eentre V\u00e2rful Negoiul Rom\u00e2nesc \u015fi Negoiul Unguresc (2084 m). De aici se poate vedea \u00eentregul crater vulcanic. Negoiul Rom\u00e2nesc a devenit victima exploat\u0103rii de suprafa\u0163\u0103 a sulfului, astel c\u0103 din dep\u0103rtare pare o piramid\u0103 portocalie plutitoare.V\u00e2rful Pietros (2100 m) se poate cuceri c\u0103\u0163\u0103r\u00e2nd Negoiul.<\/p>\n<p><strong>Trasee cicloturistice<\/strong><br \/>\n\u00cen zona Topli\u021bei sunt trei trasee cicloturistice locale, de tip circuit: Traseul Tarni\u021ba, C\u0103limani-Dealul Alb \u0219i B\u0103tr\u00e2na-St\u00e2ncile Coloape <a href=\"http:\/\/www.salvamontharghita.ro\/salvamont-harghita\/ro\" target=\"_blank\">http:\/\/www.salvamontharghita.ro\/salvamont-harghita\/ro<\/a>.<\/p>\n<p><\/p>","protected":false},"excerpt":{"rendered":"<p>Ora\u015ful situat la altitudinea de 664 de metri, are o clim\u0103 foarte pl\u0103cut\u0103 vara, cu seri r\u0103coroase. Atrac\u0163ia turistic\u0103 este dat\u0103 de cele dou\u0103 b\u0103i cu ap\u0103 termal\u0103 \u015fi mun\u0163ii din \u00eemprejurimi. Centrul vechi a fost demolat, dar \u015fi a\u015fa au r\u0103mas c\u00e2teva obiective arhitecturale care merit\u0103 de v\u0103zut. M\u0103n\u0103stirea Doamnei Este cea ami veche [&hellip;]<\/p>\n","protected":false},"author":3,"featured_media":0,"parent":26,"menu_order":0,"comment_status":"open","ping_status":"open","template":"","meta":[],"_links":{"self":[{"href":"https:\/\/urmanczy.ro\/ro\/wp-json\/wp\/v2\/pages\/28"}],"collection":[{"href":"https:\/\/urmanczy.ro\/ro\/wp-json\/wp\/v2\/pages"}],"about":[{"href":"https:\/\/urmanczy.ro\/ro\/wp-json\/wp\/v2\/types\/page"}],"author":[{"embeddable":true,"href":"https:\/\/urmanczy.ro\/ro\/wp-json\/wp\/v2\/users\/3"}],"replies":[{"embeddable":true,"href":"https:\/\/urmanczy.ro\/ro\/wp-json\/wp\/v2\/comments?post=28"}],"version-history":[{"count":19,"href":"https:\/\/urmanczy.ro\/ro\/wp-json\/wp\/v2\/pages\/28\/revisions"}],"predecessor-version":[{"id":43,"href":"https:\/\/urmanczy.ro\/ro\/wp-json\/wp\/v2\/pages\/28\/revisions\/43"}],"up":[{"embeddable":true,"href":"https:\/\/urmanczy.ro\/ro\/wp-json\/wp\/v2\/pages\/26"}],"wp:attachment":[{"href":"https:\/\/urmanczy.ro\/ro\/wp-json\/wp\/v2\/media?parent=28"}],"curies":[{"name":"wp","href":"https:\/\/api.w.org\/{rel}","templated":true}]}}