{"id":24,"date":"2012-03-13T07:00:48","date_gmt":"2012-03-13T07:00:48","guid":{"rendered":"http:\/\/gyo.ro\/urm\/?page_id=24"},"modified":"2016-07-29T15:53:14","modified_gmt":"2016-07-29T15:53:14","slug":"megkozelites","status":"publish","type":"page","link":"https:\/\/urmanczy.ro\/ro\/kapcsolat\/megkozelites\/","title":{"rendered":"Acces"},"content":{"rendered":"<p><\/p>\n<div style=\"width: 520px; float: left;\">\n<p style=\"text-align: justify;\">Dinspre T\u00e2rgu-Mure\u015f (100 km): pute\u0163i ajunge \u00een Topli\u0163a \u00eenaint\u00e2nd pe drumul 12 dinspre T\u00e2rgu-Mure\u015f. Trece\u0163i de Reghin \u015fi merge\u0163i de-alungul V\u0103ii Mure\u015fului. Dup\u0103 ce intra\u0163i \u00een ora\u015f merge\u0163i spre centru iar \u00eenainte de Biserica Ortodox\u0103 face\u0163i la dreapta pe strada Izvoarelor. Dac\u0103 a\u0163i trecut de biseric\u0103 face\u0163i la dreapta \u00eenainte de podul peste p\u00e2r\u00e2ul Valea Topli\u0163ei, pe strada Apelor.<br \/>\nDinspre Miercurea Ciuc (100 km): dup\u0103 ce ie\u015fi\u0163i din Miercurea Ciuc \u00eenainta\u0163i pe drumul 12 \u015fi ajunge\u0163i la Gheorgheni, ora\u015f unde pute\u0163i ajunge \u015fi dinspre Praid pe drumul 13b. Trece\u0163i de comunele Ditr\u0103u \u015fi L\u0103zarea. La intrarea \u00een Topli\u0163a urma\u0163i direc\u0163ia T\u00e2rgu Mure\u015f. Dup\u0103 ce trece\u0163i podul peste p\u00e2r\u00e2ul Valea Topli\u0163ei face\u0163i prima sau a doua strad\u0103 la st\u00e2nga.<br \/>\nDinspre Borsec (26 km): dup\u0103 ce ie\u015fi\u0163i din Borsec \u00eenainta\u0163i pe drumul 15. La intrarea \u00een Topli\u0163a urma\u0163i direc\u0163ia T\u00e2rgu Mure\u015f. Dup\u0103 ce trece\u0163i podul peste p\u00e2r\u00e2ul Valea Topli\u0163ei face\u0163i prima sau a doua strad\u0103 la st\u00e2nga.<br \/>\nCu tren sau autobus: \u015ftrandul se afl\u0103 la doar 3 minute de gar\u0103 \u0219i sta\u021bia de autobus. De la gar\u0103 ajunge\u021bi la \u0218trandul Urm\u00e1nczy travers\u00e2nd podul. Din sta\u021bia de autobus dinspre T\u00e2rgu Mure\u0219 urma\u021bi prima strad\u0103 la dreapta (strada Izvoarelor), situat\u0103 aproape vizavi de sta\u021bia dinspre Miercurea Ciuc \u0219i Borsec.<\/p>\n<\/div>\n<div style=\"float: right; width: 250px; margin-right: 40px;\">\n<p><iframe loading=\"lazy\" src=\"https:\/\/www.google.com\/maps\/embed?pb=!1m18!1m12!1m3!1d2724.9352469444216!2d25.34694000000014!3d46.92365495697303!2m3!1f0!2f0!3f0!3m2!1i1024!2i768!4f13.1!3m3!1m2!1s0x474a624ddfe72d77%3A0x3cd0c35991e600a6!2zVXJtw6FuY3p5IEbDvHJkxZE!5e0!3m2!1sen!2sus!4v1398777785387\" width=\"250\" height=\"250\" frameborder=\"0\" style=\"border:0\"><\/iframe><\/p>\n<h2>Urm\u00e1nczy f\u00fcrd\u0151<\/h2>\n<p>\u015etrandul Urmanczy Str. Apelor, 535700,Topli\u0163a Jud.Harghita, Rom\u00e2nia<br \/>\nemail: info@urmanczy.ro<\/p>\n<\/div>\n<p><\/p>","protected":false},"excerpt":{"rendered":"<p>Dinspre T\u00e2rgu-Mure\u015f (100 km): pute\u0163i ajunge \u00een Topli\u0163a \u00eenaint\u00e2nd pe drumul 12 dinspre T\u00e2rgu-Mure\u015f. Trece\u0163i de Reghin \u015fi merge\u0163i de-alungul V\u0103ii Mure\u015fului. Dup\u0103 ce intra\u0163i \u00een ora\u015f merge\u0163i spre centru iar \u00eenainte de Biserica Ortodox\u0103 face\u0163i la dreapta pe strada Izvoarelor. Dac\u0103 a\u0163i trecut de biseric\u0103 face\u0163i la dreapta \u00eenainte de podul peste p\u00e2r\u00e2ul Valea [&hellip;]<\/p>\n","protected":false},"author":3,"featured_media":0,"parent":22,"menu_order":0,"comment_status":"open","ping_status":"open","template":"","meta":[],"_links":{"self":[{"href":"https:\/\/urmanczy.ro\/ro\/wp-json\/wp\/v2\/pages\/24"}],"collection":[{"href":"https:\/\/urmanczy.ro\/ro\/wp-json\/wp\/v2\/pages"}],"about":[{"href":"https:\/\/urmanczy.ro\/ro\/wp-json\/wp\/v2\/types\/page"}],"author":[{"embeddable":true,"href":"https:\/\/urmanczy.ro\/ro\/wp-json\/wp\/v2\/users\/3"}],"replies":[{"embeddable":true,"href":"https:\/\/urmanczy.ro\/ro\/wp-json\/wp\/v2\/comments?post=24"}],"version-history":[{"count":41,"href":"https:\/\/urmanczy.ro\/ro\/wp-json\/wp\/v2\/pages\/24\/revisions"}],"predecessor-version":[{"id":540,"href":"https:\/\/urmanczy.ro\/ro\/wp-json\/wp\/v2\/pages\/24\/revisions\/540"}],"up":[{"embeddable":true,"href":"https:\/\/urmanczy.ro\/ro\/wp-json\/wp\/v2\/pages\/22"}],"wp:attachment":[{"href":"https:\/\/urmanczy.ro\/ro\/wp-json\/wp\/v2\/media?parent=24"}],"curies":[{"name":"wp","href":"https:\/\/api.w.org\/{rel}","templated":true}]}}