{"id":20,"date":"2012-03-13T06:54:02","date_gmt":"2012-03-13T06:54:02","guid":{"rendered":"http:\/\/gyo.ro\/urm\/?page_id=20"},"modified":"2025-06-30T12:47:32","modified_gmt":"2025-06-30T12:47:32","slug":"nyitvatartas","status":"publish","type":"page","link":"https:\/\/urmanczy.ro\/ro\/nyitvatartas\/","title":{"rendered":"Pre\u021buri"},"content":{"rendered":"<p><\/p>\n<div style=\"float: left; width: 340px;\">\n<h2>Program \u015ftrand<\/h2>\n<table border=\"0\">\n<tbody>\n<tr>\n<td>Mar\u0163i<\/td>\n<td>\u00cenchis<\/td>\n<\/tr>\n<tr>\n<td>Luni<\/td>\n<td>09:00 &#8211; 15:00<\/td>\n<\/tr>\n<tr>\n<td>Miercuri &#8211; Duminic\u0103<\/td>\n<td>09:00 &#8211; 19:00<\/td>\n<\/tr>\n<\/tbody>\n<\/table>\n<div style=\"width: 100%; height: 30px;\"><\/div>\n<h2>Program teras\u0103<\/h2>\n<table border=\"0\">\n<tbody>\n<tr>\n<td>Luni &#8211; Duminic\u0103<\/td>\n<td>09:00 &#8211; 22:00<\/td>\n<\/tr>\n<\/tbody>\n<\/table>\n<div style=\"width: 100%; height: 30px;\"><\/div>\n<h2>Servicii\/\u00cenchirieri<\/h2>\n<table border=\"0\">\n<tbody>\n<tr>\n<td>\u0218ezlong<\/td>\n<td>15 lei\/zi<\/td>\n<\/tr>\n<tr>\n<td>Teren tenis<\/td>\n<td>20 lei\/ora<\/td>\n<\/tr>\n<tr>\n<td>Rachet\u0103 tenis (2 buc.)<\/td>\n<td>10 lei\/ora<\/td>\n<\/tr>\n<tr>\n<td>Minge tenis (3 buc)<\/td>\n<td>10 lei\/ora<\/td>\n<\/tr>\n<tr>\n<td>Mas\u0103 tenis basic<\/td>\n<td>10 lei\/ora<\/td>\n<\/tr>\n<tr>\n<td>Mas\u0103 tenis profesional<\/td>\n<td>15 lei\/ora<\/td>\n<\/tr>\n<tr>\n<td>Biliard<\/td>\n<td>15 lei\/ora<\/td>\n<\/tr>\n<tr>\n<td>Water ball<\/td>\n<td>10 lei\/tura<\/td>\n<\/tr>\n<\/tbody>\n<\/table>\n<\/div>\n<div style=\"float: right; width: 440px; margin-right: 10px;\">\n<h2>Pre\u0163uri<\/h2>\n<p><strong>Luni, Miercuri\u2013 Vineri<\/strong><\/p>\n<table border=\"0\">\n<tbody>\n<tr>\n<td>Bilet \u00eentreg<\/td>\n<td>30 lei<\/td>\n<\/tr>\n<tr>\n<td>Bilet redus*<\/td>\n<td>25 lei<\/td>\n<\/tr>\n<tr>\n<td>Bilet copii**<\/td>\n<td>20 lei<\/td>\n<\/tr>\n<tr>\n<td>Bilet familial <em>(3 pers., min 1 copil)<\/em><\/td>\n<td>70 lei<\/td>\n<\/tr>\n<tr>\n<td>Bilet familial <em>(4 pers., min 2 copii)<\/em><\/td>\n<td>90 lei<\/td>\n<\/tr>\n<\/tbody>\n<\/table>\n<div style=\"width: 100%; height: 30px;\"><\/div>\n<p><strong>S\u00e2mb\u0103t\u0103 &#8211; Duminic\u0103<\/strong><\/p>\n<table border=\"0\">\n<tbody>\n<tr>\n<td>Bilet \u00eentreg<\/td>\n<td>40 lei<\/td>\n<\/tr>\n<tr>\n<td>Bilet redus*<\/td>\n<td>30 lei<\/td>\n<\/tr>\n<tr>\n<td>Bilet copii**<\/td>\n<td>25 lei<\/td>\n<\/tr>\n<tr>\n<td>Bilet familial <em>(3 pers., min 1 copil)<\/em><\/td>\n<td>95 lei<\/td>\n<\/tr>\n<tr>\n<td>Bilet familial <em>(4 pers., min 2 copii)<\/em><\/td>\n<td>115 lei<\/td>\n<\/tr>\n<\/tbody>\n<\/table>\n<p>*valabil pentru pensionari, elevi \u0219i studen\u021bi, zilnic cu 2 ore \u00eenaintea \u00eenchiderii<br \/>\n**copii \u00eentre 3-14 ani sau grupuri organizate<\/p>\n<\/div>\n<p><\/p>","protected":false},"excerpt":{"rendered":"<p>Program \u015ftrand Mar\u0163i \u00cenchis Luni 09:00 &#8211; 15:00 Miercuri &#8211; Duminic\u0103 09:00 &#8211; 19:00 Program teras\u0103 Luni &#8211; Duminic\u0103 09:00 &#8211; 22:00 Servicii\/\u00cenchirieri \u0218ezlong 15 lei\/zi Teren tenis 20 lei\/ora Rachet\u0103 tenis (2 buc.) 10 lei\/ora Minge tenis (3 buc) 10 lei\/ora Mas\u0103 tenis basic 10 lei\/ora Mas\u0103 tenis profesional 15 lei\/ora Biliard 15 lei\/ora [&hellip;]<\/p>\n","protected":false},"author":3,"featured_media":0,"parent":0,"menu_order":3,"comment_status":"open","ping_status":"open","template":"","meta":[],"_links":{"self":[{"href":"https:\/\/urmanczy.ro\/ro\/wp-json\/wp\/v2\/pages\/20"}],"collection":[{"href":"https:\/\/urmanczy.ro\/ro\/wp-json\/wp\/v2\/pages"}],"about":[{"href":"https:\/\/urmanczy.ro\/ro\/wp-json\/wp\/v2\/types\/page"}],"author":[{"embeddable":true,"href":"https:\/\/urmanczy.ro\/ro\/wp-json\/wp\/v2\/users\/3"}],"replies":[{"embeddable":true,"href":"https:\/\/urmanczy.ro\/ro\/wp-json\/wp\/v2\/comments?post=20"}],"version-history":[{"count":111,"href":"https:\/\/urmanczy.ro\/ro\/wp-json\/wp\/v2\/pages\/20\/revisions"}],"predecessor-version":[{"id":732,"href":"https:\/\/urmanczy.ro\/ro\/wp-json\/wp\/v2\/pages\/20\/revisions\/732"}],"wp:attachment":[{"href":"https:\/\/urmanczy.ro\/ro\/wp-json\/wp\/v2\/media?parent=20"}],"curies":[{"name":"wp","href":"https:\/\/api.w.org\/{rel}","templated":true}]}}