{"id":11,"date":"2012-03-12T12:28:55","date_gmt":"2012-03-12T12:28:55","guid":{"rendered":"http:\/\/gyo.ro\/urm\/?page_id=11"},"modified":"2018-07-28T15:43:15","modified_gmt":"2018-07-28T15:43:15","slug":"a-gyogyvizrol","status":"publish","type":"page","link":"https:\/\/urmanczy.ro\/ro\/bemutatkozas\/a-gyogyvizrol\/","title":{"rendered":"Calit\u0103\u0163ile apei"},"content":{"rendered":"<p><\/p>\n<p style=\"text-align: justify;\">Apa b\u0103ii Urmanczy a fost analizat\u0103 de profesorul universitar L\u00f6bisch din Innsbruck \u00een 1882. Proprieta\u0163ile chimice ale apei sunt asem\u0103n\u0103toare cu cele din b\u0103ile Rudas \u015fi Gellert din Budapesta. Efectul curativ al apei bogate \u00een magneziu \u0219i calciu cu radioactivitate redus\u0103 a fost l\u0103sat uit\u0103rii, de\u015fi vechile ghiduri turistice men\u0163ionau astfel de calit\u0103\u0163i. De exemplu \u00een 1941 S\u00e1ndor Aba a prezentat apa ca fiind benefic\u0103 de b\u0103ut pentru tratarea afec\u0163iunilor stomacale, intestinale, \u015fi ale c\u0103ilor respiratorii. De asemenea a descris un efectul benefic al b\u0103ilor la boli ca anemie, neurastenie sau stres, bolile organelor genitale feminine, reumatism, gut\u0103, r\u0103ni, dureri osoase, hipertranspira\u0163ie, semipareze sau neuralgii. Temperatura moderat\u0103 l-a f\u0103cut potrivit\u0103 \u015fi pentru bolnavii cu boli cardiace \u015fi vasculare, c\u0103rora apa fierbinte d\u0103unez\u0103.<\/p>\n<p style=\"text-align: justify;\">Procedura de redob\u00e2ndire a calificativului de loc balnear e \u00een curs. Conform raportului de \u00eencerc\u0103ri din 2017 al Institutului Na\u021bional de Recuperare, Medicin\u0103 Fizic\u0103 \u0219i Balneoclimatologie apa mineral\u0103 natural\u0103 bicarbonat\u0103, clorurata, calcic\u0103, sodic\u0103 hipertermal\u0103, hipotonic\u0103 poate fi valorificat\u0103 \u00een urm\u0103toarele proceduri hidro-kinetoterapeutice:<br \/>\n &middot; Afec\u021biuni reumatismale degenerative cronice<br \/>\n &middot; Afec\u021biuni reumatismale abarticulare cronice<br \/>\n &middot; Afec\u021biuni posttraumatice cronice ale aparatului locomotor<br \/>\n &middot; Afec\u021biuni neurologice periferice cronice<\/p>\n<table width=\"553\" border=\"0\" cellspacing=\"0\" cellpadding=\"0\">\n<tbody>\n<tr>\n<td width=\"175\">Componente analizate<\/td>\n<td width=\"119\">izvor mic<\/td>\n<td width=\"133\">\u00a0izvor mare<\/td>\n<td width=\"126\">Metode de analiz\u0103<\/td>\n<\/tr>\n<tr>\n<td width=\"175\">pH<\/td>\n<td width=\"119\">6,78<\/td>\n<td width=\"133\">6,84<\/td>\n<td width=\"126\">MSZ 448-22:1985<\/td>\n<\/tr>\n<tr>\n<td width=\"175\">Conductivitate 20oC (us\/cm)<\/td>\n<td width=\"119\">1231<\/td>\n<td width=\"133\">1279<\/td>\n<td width=\"126\">MSZ 448-32:1977<\/td>\n<\/tr>\n<tr>\n<td width=\"175\">KOIps\u00a0(mg\/l)<\/td>\n<td width=\"119\">0,24<\/td>\n<td width=\"133\">0,32<\/td>\n<td width=\"126\">MSZ 448-20:1991<\/td>\n<\/tr>\n<tr>\n<td width=\"175\">Amoniac (mg\/l)<\/td>\n<td width=\"119\">< 0,05<\/td>\n<td width=\"133\">< 0,05<\/td>\n<td width=\"126\">MSZ ISO 7150-1:1992<\/td>\n<\/tr>\n<tr>\n<td width=\"175\">Nitri\u0163i (mg\/l)<\/td>\n<td width=\"119\">< 0,05<\/td>\n<td width=\"133\">< 0,05<\/td>\n<td width=\"126\">MSZ 448-12:1982<\/td>\n<\/tr>\n<tr>\n<td width=\"175\">Nitra\u0163i (mg\/l)<\/td>\n<td width=\"119\">< 1<\/td>\n<td width=\"133\">< 1<\/td>\n<td width=\"126\">MSZ 448-12:1982<\/td>\n<\/tr>\n<tr>\n<td width=\"175\">Cloruri (mg\/l)<\/td>\n<td width=\"119\">204<\/td>\n<td width=\"133\">226<\/td>\n<td width=\"126\">MSZ 448-15:1982<\/td>\n<\/tr>\n<tr>\n<td width=\"175\">Sulfa\u0163i (mg\/l)<\/td>\n<td width=\"119\">13<\/td>\n<td width=\"133\">12<\/td>\n<td width=\"126\">MSZ 448-13:1983<\/td>\n<\/tr>\n<tr>\n<td width=\"175\">PH(p\/m)(mmol\/l)<\/td>\n<td width=\"119\">11,7<\/td>\n<td width=\"133\">12,4<\/td>\n<td width=\"126\">MSZ 448-11:1986<\/td>\n<\/tr>\n<tr>\n<td width=\"175\">Duritate total\u0103<\/td>\n<td width=\"119\">305<\/td>\n<td width=\"133\">313<\/td>\n<td width=\"126\">MSZ 448-21:1986<\/td>\n<\/tr>\n<tr>\n<td width=\"175\">Calciu(mg\/l)<\/td>\n<td width=\"119\">134<\/td>\n<td width=\"133\">144<\/td>\n<td width=\"126\">MSZ 448-3:1985<\/td>\n<\/tr>\n<tr>\n<td width=\"175\">Magneziu (mg\/l)<\/td>\n<td width=\"119\">51<\/td>\n<td width=\"133\">48<\/td>\n<td width=\"126\">MSZ 448-3:1985<\/td>\n<\/tr>\n<tr>\n<td width=\"175\">Fluor (mg\/l)<\/td>\n<td width=\"119\">0,40<\/td>\n<td width=\"133\">0,25<\/td>\n<td width=\"126\">MSZ 448-17:1986<\/td>\n<\/tr>\n<tr>\n<td width=\"175\">Bor (mg\/l)<\/td>\n<td width=\"119\">1,36<\/td>\n<td width=\"133\">1,53<\/td>\n<td width=\"126\">MSZ 10889-2_1981<\/td>\n<\/tr>\n<tr>\n<td width=\"175\">Fier (mg\/l)<\/td>\n<td width=\"119\">0,027<\/td>\n<td width=\"133\">0,038<\/td>\n<td width=\"126\">MSZ 448-4:1983<\/td>\n<\/tr>\n<tr>\n<td width=\"175\">Mangan (mg\/l)<\/td>\n<td width=\"119\">0,020<\/td>\n<td width=\"133\">< 0,02<\/td>\n<td width=\"126\">MSZ 1484-2:1993<\/td>\n<\/tr>\n<tr>\n<td width=\"175\">Natriu (mg\/l)<\/td>\n<td width=\"119\">166<\/td>\n<td width=\"133\">169<\/td>\n<td width=\"126\">MSZ 1484-3:2006<\/td>\n<\/tr>\n<tr>\n<td width=\"175\">Potasiu (mg\/l)<\/td>\n<td width=\"119\">14,4<\/td>\n<td width=\"133\">15,5<\/td>\n<td width=\"126\">MSZ 1484-3:2006<\/td>\n<\/tr>\n<\/tbody>\n<\/table>\n<p><\/p>","protected":false},"excerpt":{"rendered":"<p>Apa b\u0103ii Urmanczy a fost analizat\u0103 de profesorul universitar L\u00f6bisch din Innsbruck \u00een 1882. Proprieta\u0163ile chimice ale apei sunt asem\u0103n\u0103toare cu cele din b\u0103ile Rudas \u015fi Gellert din Budapesta. Efectul curativ al apei bogate \u00een magneziu \u0219i calciu cu radioactivitate redus\u0103 a fost l\u0103sat uit\u0103rii, de\u015fi vechile ghiduri turistice men\u0163ionau astfel de calit\u0103\u0163i. De exemplu [&hellip;]<\/p>\n","protected":false},"author":3,"featured_media":0,"parent":4,"menu_order":3,"comment_status":"open","ping_status":"closed","template":"","meta":[],"_links":{"self":[{"href":"https:\/\/urmanczy.ro\/ro\/wp-json\/wp\/v2\/pages\/11"}],"collection":[{"href":"https:\/\/urmanczy.ro\/ro\/wp-json\/wp\/v2\/pages"}],"about":[{"href":"https:\/\/urmanczy.ro\/ro\/wp-json\/wp\/v2\/types\/page"}],"author":[{"embeddable":true,"href":"https:\/\/urmanczy.ro\/ro\/wp-json\/wp\/v2\/users\/3"}],"replies":[{"embeddable":true,"href":"https:\/\/urmanczy.ro\/ro\/wp-json\/wp\/v2\/comments?post=11"}],"version-history":[{"count":24,"href":"https:\/\/urmanczy.ro\/ro\/wp-json\/wp\/v2\/pages\/11\/revisions"}],"predecessor-version":[{"id":614,"href":"https:\/\/urmanczy.ro\/ro\/wp-json\/wp\/v2\/pages\/11\/revisions\/614"}],"up":[{"embeddable":true,"href":"https:\/\/urmanczy.ro\/ro\/wp-json\/wp\/v2\/pages\/4"}],"wp:attachment":[{"href":"https:\/\/urmanczy.ro\/ro\/wp-json\/wp\/v2\/media?parent=11"}],"curies":[{"name":"wp","href":"https:\/\/api.w.org\/{rel}","templated":true}]}}