{"id":98,"date":"2012-04-15T17:51:13","date_gmt":"2012-04-15T17:51:13","guid":{"rendered":"http:\/\/gyo.ro\/urm\/?page_id=98"},"modified":"2024-06-02T17:19:42","modified_gmt":"2024-06-02T17:19:42","slug":"kolcsonzes","status":"publish","type":"page","link":"https:\/\/urmanczy.ro\/hu\/szolgaltatasaink\/kolcsonzes\/","title":{"rendered":"K\u00f6lcs\u00f6nz\u00e9s"},"content":{"rendered":"<p><\/p>\n<p style=\"text-align: justify;\">Az Urm\u00e1nczy f\u00fcrd\u0151ben vend\u00e9geink k\u00e9nyelm\u00e9re \u00e9s sz\u00f3rakoztat\u00e1s\u00e1ra k\u00f6lcs\u00f6nz\u0151t m\u0171k\u00f6dtet\u00fcnk. A komfortosabb f\u00fcrd\u0151z\u00e9sre v\u00e1gy\u00f3k napoz\u00f3\u00e1gyakat k\u00f6lcs\u00f6n\u00f6zhetnek, ezeket a napoz\u00f3teraszon vagy a p\u00e1zsiton \u00e1ll\u00edtjuk fel.<\/p>\n<table width=\"340\">\n<tbody>\n<tr>\n<td>Napoz\u00f3\u00e1gy<\/td>\n<td>15 lej\/nap<\/td>\n<\/tr>\n<tr>\n<td>Teniszp\u00e1lya<\/td>\n<td>20 lej\/\u00f3ra<\/td>\n<\/tr>\n<tr>\n<td>Tenisz\u00fct\u0151 (2 db.)<\/td>\n<td>10 lej\/\u00f3ra<\/td>\n<\/tr>\n<tr>\n<td>Teniszlabda (3 db.)<\/td>\n<td>10 lej\/\u00f3ra<\/td>\n<\/tr>\n<tr>\n<td>Tenisz asztal, basic<\/td>\n<td>10 lej\/\u00f3ra<\/td>\n<\/tr>\n<tr>\n<td>Tenisz asztal, profi<\/td>\n<td>15 lej\/\u00f3ra<\/td>\n<\/tr>\n<tr>\n<td>Bili\u00e1rd<\/td>\n<td>15 lej \/\u00f3ra<\/td>\n<\/tr>\n<tr>\n<td>Water ball<\/td>\n<td>10 lej\/k\u00f6r<\/td>\n<\/tr>\n<\/tbody>\n<\/table>\n<p><\/p>\n<p>\nK\u00f6lcs\u00f6n\u00f6zni csak szem\u00e9lyi igazolv\u00e1ny felmutat\u00e1s\u00e1val lehets\u00e9ges.<br \/>\nAmennyiben a k\u00f6lcs\u00f6nvett t\u00e1rgy elveszik vagy megrong\u00e1l\u00f3dik a k\u00f6lcs\u00f6nvev\u0151 k\u00f6teles \u00e9rt\u00e9k\u00e9t megter\u00edteni.\n<\/p>\n<p><\/p>","protected":false},"excerpt":{"rendered":"<p>Az Urm\u00e1nczy f\u00fcrd\u0151ben vend\u00e9geink k\u00e9nyelm\u00e9re \u00e9s sz\u00f3rakoztat\u00e1s\u00e1ra k\u00f6lcs\u00f6nz\u0151t m\u0171k\u00f6dtet\u00fcnk. A komfortosabb f\u00fcrd\u0151z\u00e9sre v\u00e1gy\u00f3k napoz\u00f3\u00e1gyakat k\u00f6lcs\u00f6n\u00f6zhetnek, ezeket a napoz\u00f3teraszon vagy a p\u00e1zsiton \u00e1ll\u00edtjuk fel. Napoz\u00f3\u00e1gy 15 lej\/nap Teniszp\u00e1lya 20 lej\/\u00f3ra Tenisz\u00fct\u0151 (2 db.) 10 lej\/\u00f3ra Teniszlabda (3 db.) 10 lej\/\u00f3ra Tenisz asztal, basic 10 lej\/\u00f3ra Tenisz asztal, profi 15 lej\/\u00f3ra Bili\u00e1rd 15 lej \/\u00f3ra Water ball [&hellip;]<\/p>\n","protected":false},"author":3,"featured_media":0,"parent":18,"menu_order":5,"comment_status":"open","ping_status":"open","template":"","meta":[],"_links":{"self":[{"href":"https:\/\/urmanczy.ro\/hu\/wp-json\/wp\/v2\/pages\/98"}],"collection":[{"href":"https:\/\/urmanczy.ro\/hu\/wp-json\/wp\/v2\/pages"}],"about":[{"href":"https:\/\/urmanczy.ro\/hu\/wp-json\/wp\/v2\/types\/page"}],"author":[{"embeddable":true,"href":"https:\/\/urmanczy.ro\/hu\/wp-json\/wp\/v2\/users\/3"}],"replies":[{"embeddable":true,"href":"https:\/\/urmanczy.ro\/hu\/wp-json\/wp\/v2\/comments?post=98"}],"version-history":[{"count":21,"href":"https:\/\/urmanczy.ro\/hu\/wp-json\/wp\/v2\/pages\/98\/revisions"}],"predecessor-version":[{"id":722,"href":"https:\/\/urmanczy.ro\/hu\/wp-json\/wp\/v2\/pages\/98\/revisions\/722"}],"up":[{"embeddable":true,"href":"https:\/\/urmanczy.ro\/hu\/wp-json\/wp\/v2\/pages\/18"}],"wp:attachment":[{"href":"https:\/\/urmanczy.ro\/hu\/wp-json\/wp\/v2\/media?parent=98"}],"curies":[{"name":"wp","href":"https:\/\/api.w.org\/{rel}","templated":true}]}}