{"id":95,"date":"2012-04-15T17:47:01","date_gmt":"2012-04-15T17:47:01","guid":{"rendered":"http:\/\/gyo.ro\/urm\/?page_id=95"},"modified":"2018-07-28T07:08:12","modified_gmt":"2018-07-28T07:08:12","slug":"jatszoter","status":"publish","type":"page","link":"https:\/\/urmanczy.ro\/hu\/szolgaltatasaink\/jatszoter\/","title":{"rendered":"J\u00e1tsz\u00f3t\u00e9r"},"content":{"rendered":"<p>A marosh\u00e9v\u00edzi Urm\u00e1nczy f\u00fcrd\u0151 ter\u00fclet\u00e9n k\u00fcl\u00f6n\u00f6s figyelmet szentel\u00fcnk a gyermekbar\u00e1t k\u00f6rnyezet kialak\u00edt\u00e1s\u00e1ra. A legkisebbek j\u00f3l elfoglalj\u00e1k magukat a homokoz\u00f3ban, a hint\u00e1kon \u00e9s term\u00e9szetesen a pancsol\u00f3 medenc\u00e9ben. Az anyuk\u00e1k \u00e9let\u00e9nek a megk\u00f6nny\u00edt\u00e9s\u00e9re egy pelenk\u00e1z\u00f3 asztalt is felszerelt\u00fcnk. A nagyobbak a f\u00fcrd\u0151z\u00e9sen k\u00edv\u00fcl a k\u00f6rhint\u00e1n, a lipink\u00e1n \u00e9s a m\u00e1sz\u00f3hengeren is j\u00e1tszhatnak.<br \/>\n2016-t\u00f3l egy kis minifarm is l\u00e1togathat\u00f3.<\/p>","protected":false},"excerpt":{"rendered":"<p>A marosh\u00e9v\u00edzi Urm\u00e1nczy f\u00fcrd\u0151 ter\u00fclet\u00e9n k\u00fcl\u00f6n\u00f6s figyelmet szentel\u00fcnk a gyermekbar\u00e1t k\u00f6rnyezet kialak\u00edt\u00e1s\u00e1ra. A legkisebbek j\u00f3l elfoglalj\u00e1k magukat a homokoz\u00f3ban, a hint\u00e1kon \u00e9s term\u00e9szetesen a pancsol\u00f3 medenc\u00e9ben. Az anyuk\u00e1k \u00e9let\u00e9nek a megk\u00f6nny\u00edt\u00e9s\u00e9re egy pelenk\u00e1z\u00f3 asztalt is felszerelt\u00fcnk. A nagyobbak a f\u00fcrd\u0151z\u00e9sen k\u00edv\u00fcl a k\u00f6rhint\u00e1n, a lipink\u00e1n \u00e9s a m\u00e1sz\u00f3hengeren is j\u00e1tszhatnak. 2016-t\u00f3l egy kis minifarm is [&hellip;]<\/p>\n","protected":false},"author":3,"featured_media":0,"parent":18,"menu_order":3,"comment_status":"open","ping_status":"open","template":"","meta":[],"_links":{"self":[{"href":"https:\/\/urmanczy.ro\/hu\/wp-json\/wp\/v2\/pages\/95"}],"collection":[{"href":"https:\/\/urmanczy.ro\/hu\/wp-json\/wp\/v2\/pages"}],"about":[{"href":"https:\/\/urmanczy.ro\/hu\/wp-json\/wp\/v2\/types\/page"}],"author":[{"embeddable":true,"href":"https:\/\/urmanczy.ro\/hu\/wp-json\/wp\/v2\/users\/3"}],"replies":[{"embeddable":true,"href":"https:\/\/urmanczy.ro\/hu\/wp-json\/wp\/v2\/comments?post=95"}],"version-history":[{"count":12,"href":"https:\/\/urmanczy.ro\/hu\/wp-json\/wp\/v2\/pages\/95\/revisions"}],"predecessor-version":[{"id":606,"href":"https:\/\/urmanczy.ro\/hu\/wp-json\/wp\/v2\/pages\/95\/revisions\/606"}],"up":[{"embeddable":true,"href":"https:\/\/urmanczy.ro\/hu\/wp-json\/wp\/v2\/pages\/18"}],"wp:attachment":[{"href":"https:\/\/urmanczy.ro\/hu\/wp-json\/wp\/v2\/media?parent=95"}],"curies":[{"name":"wp","href":"https:\/\/api.w.org\/{rel}","templated":true}]}}