{"id":91,"date":"2012-04-15T17:43:01","date_gmt":"2012-04-15T17:43:01","guid":{"rendered":"http:\/\/gyo.ro\/urm\/?page_id=91"},"modified":"2021-07-14T13:44:53","modified_gmt":"2021-07-14T13:44:53","slug":"sorterasz","status":"publish","type":"page","link":"https:\/\/urmanczy.ro\/hu\/szolgaltatasaink\/sorterasz\/","title":{"rendered":"S\u00f6rterasz"},"content":{"rendered":"<p><\/p>\n<p style=\"text-align: justify;\">Az Urm\u00e1nczy f\u00fcrd\u0151 hangulatos s\u00f6rterasz\u00e1n kedvez\u0151 \u00e1ron lehet inni, enni. A h\u00fas\u00e9teleket fasz\u00e9nen s\u00fctj\u00fck. A naponta frissen sz\u00e1ll\u00edtott, egy helyi termel\u0151 \u00e1ltal k\u00e9sz\u00edtett miccset keny\u00e9rrel \u00e9s must\u00e1rral szolg\u00e1ljuk fel. A csirkemellhez \u00e9s a sert\u00e9sflekkenhez savany\u00fa vagy h\u00e1zi kov\u00e1szos ubork\u00e1t adunk. Kolb\u00e1sz \u00e9s s\u00fclt krumpli is fogyaszthat\u00f3.<\/p>\n<p>Csapolt \u00e9s \u00fcveges s\u00f6r\u00f6k mellett bor \u00e9s r\u00f6viditalok is kaphat\u00f3k. Kedveltek k\u00e1v\u00e9k\u00fcl\u00f6nleges\u00e9geink, f\u0151leg a j\u00e9ghideg frapp\u00e9!<\/p>","protected":false},"excerpt":{"rendered":"<p>Az Urm\u00e1nczy f\u00fcrd\u0151 hangulatos s\u00f6rterasz\u00e1n kedvez\u0151 \u00e1ron lehet inni, enni. A h\u00fas\u00e9teleket fasz\u00e9nen s\u00fctj\u00fck. A naponta frissen sz\u00e1ll\u00edtott, egy helyi termel\u0151 \u00e1ltal k\u00e9sz\u00edtett miccset keny\u00e9rrel \u00e9s must\u00e1rral szolg\u00e1ljuk fel. A csirkemellhez \u00e9s a sert\u00e9sflekkenhez savany\u00fa vagy h\u00e1zi kov\u00e1szos ubork\u00e1t adunk. Kolb\u00e1sz \u00e9s s\u00fclt krumpli is fogyaszthat\u00f3. Csapolt \u00e9s \u00fcveges s\u00f6r\u00f6k mellett bor \u00e9s r\u00f6viditalok is [&hellip;]<\/p>\n","protected":false},"author":3,"featured_media":0,"parent":18,"menu_order":2,"comment_status":"open","ping_status":"closed","template":"","meta":[],"_links":{"self":[{"href":"https:\/\/urmanczy.ro\/hu\/wp-json\/wp\/v2\/pages\/91"}],"collection":[{"href":"https:\/\/urmanczy.ro\/hu\/wp-json\/wp\/v2\/pages"}],"about":[{"href":"https:\/\/urmanczy.ro\/hu\/wp-json\/wp\/v2\/types\/page"}],"author":[{"embeddable":true,"href":"https:\/\/urmanczy.ro\/hu\/wp-json\/wp\/v2\/users\/3"}],"replies":[{"embeddable":true,"href":"https:\/\/urmanczy.ro\/hu\/wp-json\/wp\/v2\/comments?post=91"}],"version-history":[{"count":22,"href":"https:\/\/urmanczy.ro\/hu\/wp-json\/wp\/v2\/pages\/91\/revisions"}],"predecessor-version":[{"id":699,"href":"https:\/\/urmanczy.ro\/hu\/wp-json\/wp\/v2\/pages\/91\/revisions\/699"}],"up":[{"embeddable":true,"href":"https:\/\/urmanczy.ro\/hu\/wp-json\/wp\/v2\/pages\/18"}],"wp:attachment":[{"href":"https:\/\/urmanczy.ro\/hu\/wp-json\/wp\/v2\/media?parent=91"}],"curies":[{"name":"wp","href":"https:\/\/api.w.org\/{rel}","templated":true}]}}