{"id":85,"date":"2012-04-15T17:25:19","date_gmt":"2012-04-15T17:25:19","guid":{"rendered":"http:\/\/gyo.ro\/urm\/?page_id=85"},"modified":"2016-07-29T15:39:01","modified_gmt":"2016-07-29T15:39:01","slug":"medencek","status":"publish","type":"page","link":"https:\/\/urmanczy.ro\/hu\/szolgaltatasaink\/medencek\/","title":{"rendered":"Medenc\u00e9k"},"content":{"rendered":"<p><\/p>\n<p style=\"text-align: justify;\">Az Urm\u00e1nczy f\u00fcrd\u0151ben jelenleg n\u00e9gy medence m\u0171k\u00f6dik, teljes fel\u00fclet\u00fck t\u00f6bb mind 1000 n\u00e9gyzetm\u00e9ter. Valamennyi 26-27 fokos, szagtalan gy\u00f3gyv\u00edzzel m\u0171k\u00f6dik, ami meleg id\u0151ben 30 fokig is felmelegszik. A medenc\u00e9k alj\u00e1n a v\u00edz egy r\u00e9sze kis kerek kavicsok k\u00f6z\u00fcl t\u00f6r a felsz\u00ednre.<\/p>\n<p style=\"text-align: justify;\">A l\u00e9tes\u00edtm\u00e9ny k\u00f6zponti r\u00e9sze a k\u00f6rny\u00e9k legnagyobb olimpiai m\u00e9ret\u0171 \u00fasz\u00f3medenc\u00e9je (50\u00d720 m). A medence m\u00e9lys\u00e9ge: 1,70\u22121,90 m.<\/p>\n<p style=\"text-align: justify;\">Igazi kuri\u00f3zum a 1,40 m m\u00e9ly kiss pihen\u0151medence, alj\u00e1n a felt\u00f6r\u0151 forr\u00e1sok \u00e1ltal meleg\u00edtett kavicsokkal. Itt j\u00f3l meg lehet figyelni a felszabadul\u00f3 sz\u00e9ndioxid bubor\u00e9kokat is, amelyek kellemesen csiklandozz\u00e1k b\u0151r\u00fcnket.<\/p>\n<p style=\"text-align: justify;\">Az Urm\u00e1nczy f\u00fcrd\u0151ben a legkisebbek sem unatkoznak, k\u00e9t csemp\u00e9vel burkolt gyermekmedenc\u00e9kben lubickolhatnak. A f\u00e9lk\u00f6r alak\u00fa pancsol\u00f3 25 cm m\u00e9ly, itt a legkisebbeket is biztons\u00e1gban tudhatjuk. A m\u00e1sik medence 75 cm m\u00e9ly (4\u00d77 m), a h\u00e1rom \u00e9vesn\u00e9l nagyobb gyerekek r\u00e9sz\u00e9re.<\/p>\n<p><\/p>","protected":false},"excerpt":{"rendered":"<p>Az Urm\u00e1nczy f\u00fcrd\u0151ben jelenleg n\u00e9gy medence m\u0171k\u00f6dik, teljes fel\u00fclet\u00fck t\u00f6bb mind 1000 n\u00e9gyzetm\u00e9ter. Valamennyi 26-27 fokos, szagtalan gy\u00f3gyv\u00edzzel m\u0171k\u00f6dik, ami meleg id\u0151ben 30 fokig is felmelegszik. A medenc\u00e9k alj\u00e1n a v\u00edz egy r\u00e9sze kis kerek kavicsok k\u00f6z\u00fcl t\u00f6r a felsz\u00ednre. A l\u00e9tes\u00edtm\u00e9ny k\u00f6zponti r\u00e9sze a k\u00f6rny\u00e9k legnagyobb olimpiai m\u00e9ret\u0171 \u00fasz\u00f3medenc\u00e9je (50\u00d720 m). A medence m\u00e9lys\u00e9ge: [&hellip;]<\/p>\n","protected":false},"author":3,"featured_media":0,"parent":18,"menu_order":1,"comment_status":"open","ping_status":"open","template":"","meta":[],"_links":{"self":[{"href":"https:\/\/urmanczy.ro\/hu\/wp-json\/wp\/v2\/pages\/85"}],"collection":[{"href":"https:\/\/urmanczy.ro\/hu\/wp-json\/wp\/v2\/pages"}],"about":[{"href":"https:\/\/urmanczy.ro\/hu\/wp-json\/wp\/v2\/types\/page"}],"author":[{"embeddable":true,"href":"https:\/\/urmanczy.ro\/hu\/wp-json\/wp\/v2\/users\/3"}],"replies":[{"embeddable":true,"href":"https:\/\/urmanczy.ro\/hu\/wp-json\/wp\/v2\/comments?post=85"}],"version-history":[{"count":13,"href":"https:\/\/urmanczy.ro\/hu\/wp-json\/wp\/v2\/pages\/85\/revisions"}],"predecessor-version":[{"id":527,"href":"https:\/\/urmanczy.ro\/hu\/wp-json\/wp\/v2\/pages\/85\/revisions\/527"}],"up":[{"embeddable":true,"href":"https:\/\/urmanczy.ro\/hu\/wp-json\/wp\/v2\/pages\/18"}],"wp:attachment":[{"href":"https:\/\/urmanczy.ro\/hu\/wp-json\/wp\/v2\/media?parent=85"}],"curies":[{"name":"wp","href":"https:\/\/api.w.org\/{rel}","templated":true}]}}