{"id":8,"date":"2012-03-12T12:23:28","date_gmt":"2012-03-12T12:23:28","guid":{"rendered":"http:\/\/gyo.ro\/urm\/?page_id=8"},"modified":"2014-07-17T12:10:49","modified_gmt":"2014-07-17T12:10:49","slug":"furdotortenet","status":"publish","type":"page","link":"https:\/\/urmanczy.ro\/hu\/bemutatkozas\/furdotortenet\/","title":{"rendered":"F\u00fcrd\u0151t\u00f6rt\u00e9net"},"content":{"rendered":"<p>A v\u00e1ros legr\u00e9gebbi f\u00fcrd\u0151j\u00e9t az Urm\u00e1nczy csal\u00e1d 1870 k\u00f6r\u00fcl a sz\u00e1rhegyi L\u00e1z\u00e1r csal\u00e1dt\u00f3l v\u00e1s\u00e1rolta. Ekkor m\u00e1r \u00e1llt egy f\u00fcrd\u0151h\u00e1z, ami kis faragott fa el\u0151csarnok\u00e1val 1835-t\u0151l fogadta a f\u00fcrd\u0151z\u0151ket. Az egyszer\u0171 fa\u00e9p\u00fcletben egy \u00f6lt\u00f6z\u0151kabinokkal k\u00f6r\u00fclvett nagy medence k\u00e9pezte a f\u00fcrd\u0151h\u00e1zat, amit deszkafallal k\u00e9t 20 n\u00e9gyzetm\u00e9teres r\u00e9szre osztottak: egy n\u0151i \u00e9s egy f\u00e9rfi medenc\u00e9re. A f\u00fcrd\u0151h\u00f6z egy n\u00e9gyhelys\u00e9ges \u201evetkez\u0151 szoba\u201d tartozott. Egy 1884-es<br \/>\nle\u00edr\u00e1s m\u00e1r nyolc \u00f6lt\u00f6z\u0151r\u0151l besz\u00e9lt, amelyek kisebb szoba m\u00e9ret\u0171ek voltak: 4-5 n\u00e9gyzetm\u00e9teresek. A f\u00fcrd\u0151t k\u00f6r\u00fclvev\u0151 l\u00e1posb\u00f3l parkot \u00e9s melegh\u00e1zakat alak\u00edtottak ki; az els\u0151 fa\u00fcltet\u00e9sr\u0151l 1887-ben tud\u00f3s\u00edtanak. S\u00e9t\u00e1nyain, a ker\u00edt\u00e9s mellett v\u00e9gigfut\u00f3 hossz\u00fa padjain sz\u00edvesen \u00fccs\u00f6r\u00f6gtek a helyiek is. Az egykori pezsg\u0151 f\u00fcrd\u0151\u00e9letet jellemzi, hogy hetente k\u00e9t alkalommal cig\u00e1nyzenekar zen\u00e9lt. <\/p>\n<p>\tEgy 1942-ben k\u00e9sz\u00fclt k\u00e9peslap az 1932-es puszt\u00edt\u00f3 \u00e1rv\u00edz ut\u00e1n kialak\u00edtott \u00faj f\u00fcrd\u0151t mutatja. A fogad\u00f3\u00e9p\u00fclet hangulatos, lugassal ben\u0151tt verand\u00e1j\u00e1n b\u00fcf\u00e9 m\u0171k\u00f6d\u00f6tt, kedvez\u0151 \u00e1r\u00fa harapnival\u00f3kkal \u00e9s fagylalttal. Az \u00faj, 1000 n\u00e9gyzetm\u00e9teres szabadt\u00e9ri f\u00fcrd\u0151z\u00e9sre alkalmas medenc\u00e9ben gyakran tartottak \u00fasz\u00f3versenyeket. A kismedenc\u00e9t deszka\u00e9p\u00fclet fedte, a f\u0171t\u00e9s\u00e9t egy dobk\u00e1lyha biztos\u00edtotta.  A l\u00e9tes\u00edtm\u00e9ny ter\u00fclet\u00e9n f\u00fcves \u00e9s homokos napoz\u00f3kat is kialak\u00edtottak, az ut\u00f3bbi k\u00f6zvetlen\u00fcl a nagymedence hossz\u00e1ban futott v\u00e9gig. A pal\u00e1nkhoz fa \u00f6lt\u00f6z\u0151f\u00fclk\u00e9k simultak. A fiatals\u00e1g sz\u00f3rakoztat\u00e1s\u00e1ra a medence h\u00e1ts\u00f3 r\u00e9sz\u00e9be egy h\u00e1rom m\u00e9ter k\u00f6r\u00fcli facs\u00faszd\u00e1t \u00e9p\u00edtettek.<\/p>\n<p>\tAz Urm\u00e1nczy f\u00fcrd\u0151 viz\u00e9t egy innsbrucki egyetemi tan\u00e1r, L\u00f6bisch 1882-ben vegyelemezte. Az \u00e1sv\u00e1nyv\u00edz magn\u00e9zium-k\u00e1lcium-n\u00e1trium-bikarbon\u00e1tos \u00f6sszet\u00e9tele a messze f\u00f6ld\u00f6n ismert budapesti Gell\u00e9rt \u00e9s Rudas f\u00fcrd\u0151k forr\u00e1saival sorolhat\u00f3 egy csal\u00e1dba. A 26.2 fokos, radioakt\u00edv v\u00edz gy\u00f3gy\u00edt\u00f3 hat\u00e1sa m\u00e1ra szinte feled\u00e9sbe mer\u00fclt, pedig a r\u00e9gi \u00fatik\u00f6nyvek, szakk\u00f6nyvek mindegyike m\u00e9ltatja erej\u00e9t. Aba S\u00e1ndor 1941-ben megjelent erd\u00e9lyi f\u00fcrd\u0151kalauza szerint \u201ekiv\u00e1l\u00f3 sikerrel haszn\u00e1lj\u00e1k bels\u0151leg a gyomor \u00e9s a belek hurutos megbeteged\u00e9sein\u00e9l \u00e9s a fels\u0151 l\u00e9gutak hurutos b\u00e1ntalmaikn\u00e1l. K\u00fcls\u0151leg mint f\u00fcrd\u0151gy\u00f3gym\u00f3dot, legink\u00e1bb a k\u00f6vetkez\u0151 bajokn\u00e1l veszik ig\u00e9nybe: idegb\u00e1ntalmakn\u00e1l, ha azok kimer\u00fcl\u00e9sen vagy t\u00falizgatotts\u00e1gon alapulnak, hiszt\u00e9ri\u00e1n\u00e1l, neuraszt\u00e9ni\u00e1n\u00e1l, gerincvel\u0151-b\u00e1ntalmakn\u00e1l, v\u00e9rszeg\u00e9nys\u00e9gn\u00e9l, n\u0151i szervek betegs\u00e9gein\u00e9l, elgyeng\u00fcl\u00e9sn\u00e9l, tov\u00e1bb\u00e1 reuma, k\u00f6szv\u00e9ny, s\u00e9r\u00fcl\u00e9sek, csontbajok, izzadm\u00e1nyok, b\u00e9nul\u00e1sok \u00e9s idegzs\u00e1ba ellen\u201d.     <\/p>\n<p>\t1948-ban a f\u00fcrd\u0151t \u00e1llamos\u00edtott\u00e1k. \u00daj neve, az Ifj\u00fas\u00e1gi strand, nem \u00e9p\u00fclt be a k\u00f6ztudatba. A mai fogad\u00f3\u00e9p\u00fcletet 1964-ben \u00e9p\u00edtett\u00e9k a r\u00e9gi hely\u00e9be, a medenc\u00e9ket is ekkor betonozt\u00e1k ki. A t\u00e9li f\u00fcrd\u0151z\u00e9s a kismedence f\u00f6l\u00e9 \u00e9p\u00edtett  barakkban  folytat\u00f3dhatott.   A strandot k\u00f6r\u00fclvev\u0151 park ma m\u00e1r nem l\u00e9tezik, hely\u00e9re az 1970-es \u00e9vekben a Forr\u00e1s lak\u00f3negyed t\u00f6mbh\u00e1zai \u00e9s egy p\u00e1r mag\u00e1nh\u00e1z \u00e9p\u00fclt. <\/p>\n<p>\tA ter\u00fclet 2008 tavasz\u00e1n ker\u00fclt vissza az Urm\u00e1nczy csal\u00e1d lesz\u00e1rmazottainak tulajdon\u00e1ba, teljesen romos \u00e1llapotban. A fel\u00faj\u00edt\u00e1si munk\u00e1k ut\u00e1n a f\u00fcrd\u0151 a r\u00e9gi nev\u00e9n ny\u00edlt meg, 2008. j\u00fanius 29.-\u00e9n.<\/p>","protected":false},"excerpt":{"rendered":"<p>A v\u00e1ros legr\u00e9gebbi f\u00fcrd\u0151j\u00e9t az Urm\u00e1nczy csal\u00e1d 1870 k\u00f6r\u00fcl a sz\u00e1rhegyi L\u00e1z\u00e1r csal\u00e1dt\u00f3l v\u00e1s\u00e1rolta. Ekkor m\u00e1r \u00e1llt egy f\u00fcrd\u0151h\u00e1z, ami kis faragott fa el\u0151csarnok\u00e1val 1835-t\u0151l fogadta a f\u00fcrd\u0151z\u0151ket. Az egyszer\u0171 fa\u00e9p\u00fcletben egy \u00f6lt\u00f6z\u0151kabinokkal k\u00f6r\u00fclvett nagy medence k\u00e9pezte a f\u00fcrd\u0151h\u00e1zat, amit deszkafallal k\u00e9t 20 n\u00e9gyzetm\u00e9teres r\u00e9szre osztottak: egy n\u0151i \u00e9s egy f\u00e9rfi medenc\u00e9re. A f\u00fcrd\u0151h\u00f6z egy [&hellip;]<\/p>\n","protected":false},"author":3,"featured_media":0,"parent":4,"menu_order":2,"comment_status":"open","ping_status":"closed","template":"","meta":[],"_links":{"self":[{"href":"https:\/\/urmanczy.ro\/hu\/wp-json\/wp\/v2\/pages\/8"}],"collection":[{"href":"https:\/\/urmanczy.ro\/hu\/wp-json\/wp\/v2\/pages"}],"about":[{"href":"https:\/\/urmanczy.ro\/hu\/wp-json\/wp\/v2\/types\/page"}],"author":[{"embeddable":true,"href":"https:\/\/urmanczy.ro\/hu\/wp-json\/wp\/v2\/users\/3"}],"replies":[{"embeddable":true,"href":"https:\/\/urmanczy.ro\/hu\/wp-json\/wp\/v2\/comments?post=8"}],"version-history":[{"count":17,"href":"https:\/\/urmanczy.ro\/hu\/wp-json\/wp\/v2\/pages\/8\/revisions"}],"predecessor-version":[{"id":387,"href":"https:\/\/urmanczy.ro\/hu\/wp-json\/wp\/v2\/pages\/8\/revisions\/387"}],"up":[{"embeddable":true,"href":"https:\/\/urmanczy.ro\/hu\/wp-json\/wp\/v2\/pages\/4"}],"wp:attachment":[{"href":"https:\/\/urmanczy.ro\/hu\/wp-json\/wp\/v2\/media?parent=8"}],"curies":[{"name":"wp","href":"https:\/\/api.w.org\/{rel}","templated":true}]}}