{"id":6,"date":"2012-03-12T12:04:18","date_gmt":"2012-03-12T12:04:18","guid":{"rendered":"http:\/\/gyo.ro\/urm\/?page_id=6"},"modified":"2021-07-14T13:40:29","modified_gmt":"2021-07-14T13:40:29","slug":"rolunk","status":"publish","type":"page","link":"https:\/\/urmanczy.ro\/hu\/","title":{"rendered":"R\u00f3lunk"},"content":{"rendered":"<p><\/p>\n<p style=\"text-align: justify;\">Az Urm\u00e1nczy f\u00fcrd\u0151 az erd\u00e9lyi Marosh\u00e9v\u00edzen (Topli\u0163a), a havasokkal k\u00f6r\u00fclvett v\u00e1ros k\u00f6zpontj\u00e1ban, az \u00e1llom\u00e1s k\u00f6zvetlen k\u00f6zel\u00e9ben fekszik.\u00a0A Maros jobb partj\u00e1n, 650 m tengerszint\u00a0feletti\u00a0magass\u00e1gon fekv\u0151 strandr\u00f3l a Kelemen-havasok, a T\u00e1rnica-cs\u00facs l\u00e1that\u00f3.\u00a0A\u00a0forr\u00e1sokn\u00e1l 26\u00a0fokos\u00a0\u00e1sv\u00e1nyv\u00edzzel m\u0171k\u00f6dik.<\/p>\n<p style=\"text-align: justify;\">A f\u00fcrd\u0151ben tal\u00e1lhat\u00f3\u00a0a k\u00f6rny\u00e9k legnagyobb, olimpiai m\u00e9ret\u0171 \u00fasz\u00f3medenc\u00e9je (50\u00d720 m). Igazi kuri\u00f3zum a 1,40 m m\u00e9ly kiss pihen\u0151medence alj\u00e1n a felt\u00f6r\u0151 forr\u00e1sok \u00e1ltal meleg\u00edtett kavicsokkal. K\u00e9t gyermekmedence van: egy k\u00f6r alak\u00fa pancsol\u00f3 a legkisebbek sz\u00e1m\u00e1ra \u00e9s egy valamivel m\u00e9lyebb gyermekmedence. Hint\u00e1k, homokoz\u00f3, m\u00e1sz\u00f3henger \u00e9s\u00a0ingyenes gyerekfoglalkoz\u00e1sok seg\u00edtenek\u00a0a gyermekek figyelm\u00e9t lek\u00f6tni.\u00a0Az Urm\u00e1nczy strandon hangulatos s\u00f6rterasz is m\u0171k\u00f6dik, ahol fasz\u00e9nnen s\u00fclt grill\u00e9telek kaphat\u00f3k.<\/p>\n<p style=\"text-align: justify;\">Az Urm\u00e1nczy f\u00fcrd\u0151t t\u00e1pl\u00e1l\u00f3. \u00e1lland\u00f3an cser\u00e9l\u0151d\u0151\u00a0\u00e1sv\u00e1nyv\u00edz a k\u00e1lcium-m\u00e1gn\u00e9zium-karbon\u00e1tos vizek csal\u00e1dj\u00e1ba tartozik, a r\u00e9gi f\u00fcrd\u0151kalauzok szerint kiv\u00e1l\u00f3an alkalmas olyan betegek kezel\u00e9s\u00e9re is, akiknek sz\u00edv vagy kering\u00e9si b\u00e1ntalmai miatt a melegebb v\u00edz \u00e1rtalmas.\u00a0Folyamatban\u00a0van a forr\u00e1sok hivatalos gy\u00f3gyv\u00edzz\u00e9 nyilv\u00e1n\u00edt\u00e1sa.\u00a0Az Orsz\u00e1gos Rehabilit\u00e1ci\u00f3s, Orvosfizikai \u00e9s\u00a0Balneoklimatol\u00f3giai Int\u00e9zet 2017-es \u00e9vi\u00a0jelent\u00e9se szerint vize a k\u00f6vetkez\u0151 betegs\u00e9gek gy\u00f3gy\u00edt\u00e1s\u00e1ra javasolt:<br \/>\n &middot; kr\u00f3nikus degenerat\u00edv reum\u00e1s betegs\u00e9gek<br \/>\n &middot; kr\u00f3nikus reum\u00e1s \u00edz\u00fcleti betegs\u00e9gek<br \/>\n &middot; a mozg\u00e1srendszer poszttraum\u00e1s kr\u00f3nikus betegs\u00e9gei<br \/>\n &middot; a perif\u00e9ri\u00e1s idegrendszer kr\u00f3nikus betegs\u00e9gei<\/p>\n<p style=\"text-align: justify;\">A k\u00f6zeli Kelemen \u00e9s G\u00f6rg\u00e9nyi havasokban remek t\u00farahelyek vannak. Kir\u00e1ndul\u00e1sok c\u00e9lpontja lehet Borsz\u00e9k (28 km); a sz\u00e1rhegyi renesz\u00e1nsz L\u00e1z\u00e1r kast\u00e9ly, Gyergy\u00f3szentmikl\u00f3s (36 km), a Gyilkos-t\u00f3 (62 km); a parajdi s\u00f3b\u00e1nya \u00e9s Szov\u00e1ta (89 km) s\u00f3s f\u00fcrd\u0151i; Cs\u00edkszereda (100 km), Cs\u00edksomly\u00f3, Tusn\u00e1d f\u00fcrd\u0151, Szent Anna t\u00f3; Sz\u00e1szr\u00e9gen (69 km), a gernyeszegi \u00e9s s\u00e1romberki barokk kast\u00e9lyok, Marosv\u00e1s\u00e1rhely (101 km).<\/p>\n<p><\/p>","protected":false},"excerpt":{"rendered":"<p>Az Urm\u00e1nczy f\u00fcrd\u0151 az erd\u00e9lyi Marosh\u00e9v\u00edzen (Topli\u0163a), a havasokkal k\u00f6r\u00fclvett v\u00e1ros k\u00f6zpontj\u00e1ban, az \u00e1llom\u00e1s k\u00f6zvetlen k\u00f6zel\u00e9ben fekszik.\u00a0A Maros jobb partj\u00e1n, 650 m tengerszint\u00a0feletti\u00a0magass\u00e1gon fekv\u0151 strandr\u00f3l a Kelemen-havasok, a T\u00e1rnica-cs\u00facs l\u00e1that\u00f3.\u00a0A\u00a0forr\u00e1sokn\u00e1l 26\u00a0fokos\u00a0\u00e1sv\u00e1nyv\u00edzzel m\u0171k\u00f6dik. A f\u00fcrd\u0151ben tal\u00e1lhat\u00f3\u00a0a k\u00f6rny\u00e9k legnagyobb, olimpiai m\u00e9ret\u0171 \u00fasz\u00f3medenc\u00e9je (50\u00d720 m). Igazi kuri\u00f3zum a 1,40 m m\u00e9ly kiss pihen\u0151medence alj\u00e1n a felt\u00f6r\u0151 forr\u00e1sok \u00e1ltal [&hellip;]<\/p>\n","protected":false},"author":3,"featured_media":0,"parent":4,"menu_order":1,"comment_status":"open","ping_status":"closed","template":"","meta":[],"_links":{"self":[{"href":"https:\/\/urmanczy.ro\/hu\/wp-json\/wp\/v2\/pages\/6"}],"collection":[{"href":"https:\/\/urmanczy.ro\/hu\/wp-json\/wp\/v2\/pages"}],"about":[{"href":"https:\/\/urmanczy.ro\/hu\/wp-json\/wp\/v2\/types\/page"}],"author":[{"embeddable":true,"href":"https:\/\/urmanczy.ro\/hu\/wp-json\/wp\/v2\/users\/3"}],"replies":[{"embeddable":true,"href":"https:\/\/urmanczy.ro\/hu\/wp-json\/wp\/v2\/comments?post=6"}],"version-history":[{"count":29,"href":"https:\/\/urmanczy.ro\/hu\/wp-json\/wp\/v2\/pages\/6\/revisions"}],"predecessor-version":[{"id":696,"href":"https:\/\/urmanczy.ro\/hu\/wp-json\/wp\/v2\/pages\/6\/revisions\/696"}],"up":[{"embeddable":true,"href":"https:\/\/urmanczy.ro\/hu\/wp-json\/wp\/v2\/pages\/4"}],"wp:attachment":[{"href":"https:\/\/urmanczy.ro\/hu\/wp-json\/wp\/v2\/media?parent=6"}],"curies":[{"name":"wp","href":"https:\/\/api.w.org\/{rel}","templated":true}]}}