{"id":489,"date":"2016-07-14T14:45:15","date_gmt":"2016-07-14T14:45:15","guid":{"rendered":"http:\/\/urmanczy.ro\/?page_id=489"},"modified":"2016-07-14T15:39:05","modified_gmt":"2016-07-14T15:39:05","slug":"istorie","status":"publish","type":"page","link":"https:\/\/urmanczy.ro\/hu\/galeria\/istorie\/","title":{"rendered":"F\u00fcrd\u0151t\u00f6rt\u00e9net"},"content":{"rendered":"<p><\/p>\n<div style=\"float: left; width: 33%; height:180px; overflow:hidden; padding-top:-30px; margin-bottom:40px;\"><a class=\"standard\" href=\"http:\/\/urmanczy.ro\/tortenet\/1.jpg\" rel=\"lytebox[med]\"><img loading=\"lazy\" src=\"http:\/\/urmanczy.ro\/tortenet\/1_tn.jpg\" class=\"pwimages\" width=\"240\" height=\"180\"><\/a><\/div>\n<div style=\"float: left; width: 33%; height:180px; overflow:hidden; padding-top:-30px; margin-bottom:40px;\"><a class=\"standard\" href=\"http:\/\/urmanczy.ro\/tortenet\/2.jpg\" rel=\"lytebox[med]\"><img loading=\"lazy\" src=\"http:\/\/urmanczy.ro\/tortenet\/2_tn.jpg\" class=\"pwimages\" width=\"240\" height=\"180\"><\/a><\/div>\n<div style=\"float: left; width: 33%; height:180px; overflow:hidden; padding-top:-30px; margin-bottom:40px;\"><a class=\"standard\" href=\"http:\/\/urmanczy.ro\/tortenet\/3.jpg\" rel=\"lytebox[med]\"><img loading=\"lazy\" src=\"http:\/\/urmanczy.ro\/tortenet\/3_tn.jpg\" class=\"pwimages\" width=\"240\" height=\"180\"><\/a><\/div>\n<div style=\"float: left; width: 33%; height:180px; overflow:hidden; padding-top:-30px; margin-bottom:40px;\"><a class=\"standard\" href=\"http:\/\/urmanczy.ro\/tortenet\/4.jpg\" rel=\"lytebox[med]\"><img loading=\"lazy\" src=\"http:\/\/urmanczy.ro\/tortenet\/4_tn.jpg\" class=\"pwimages\" width=\"240\" height=\"180\"><\/a><\/div>\n<div style=\"float: left; width: 33%; height:180px; overflow:hidden; padding-top:-30px; margin-bottom:40px;\"><a class=\"standard\" href=\"http:\/\/urmanczy.ro\/tortenet\/5.jpg\" rel=\"lytebox[med]\"><img loading=\"lazy\" src=\"http:\/\/urmanczy.ro\/tortenet\/5_tn.jpg\" class=\"pwimages\" width=\"240\" height=\"180\"><\/a><\/div>\n<div style=\"float: left; width: 33%; height:180px; overflow:hidden; padding-top:-30px; margin-bottom:40px;\"><a class=\"standard\" href=\"http:\/\/urmanczy.ro\/tortenet\/6.jpg\" rel=\"lytebox[med]\"><img loading=\"lazy\" src=\"http:\/\/urmanczy.ro\/tortenet\/6_tn.jpg\" class=\"pwimages\" width=\"240\" height=\"180\"><\/a><\/div>\n<p><\/p>","protected":false},"excerpt":{"rendered":"","protected":false},"author":3,"featured_media":0,"parent":16,"menu_order":3,"comment_status":"open","ping_status":"open","template":"","meta":[],"_links":{"self":[{"href":"https:\/\/urmanczy.ro\/hu\/wp-json\/wp\/v2\/pages\/489"}],"collection":[{"href":"https:\/\/urmanczy.ro\/hu\/wp-json\/wp\/v2\/pages"}],"about":[{"href":"https:\/\/urmanczy.ro\/hu\/wp-json\/wp\/v2\/types\/page"}],"author":[{"embeddable":true,"href":"https:\/\/urmanczy.ro\/hu\/wp-json\/wp\/v2\/users\/3"}],"replies":[{"embeddable":true,"href":"https:\/\/urmanczy.ro\/hu\/wp-json\/wp\/v2\/comments?post=489"}],"version-history":[{"count":5,"href":"https:\/\/urmanczy.ro\/hu\/wp-json\/wp\/v2\/pages\/489\/revisions"}],"predecessor-version":[{"id":509,"href":"https:\/\/urmanczy.ro\/hu\/wp-json\/wp\/v2\/pages\/489\/revisions\/509"}],"up":[{"embeddable":true,"href":"https:\/\/urmanczy.ro\/hu\/wp-json\/wp\/v2\/pages\/16"}],"wp:attachment":[{"href":"https:\/\/urmanczy.ro\/hu\/wp-json\/wp\/v2\/media?parent=489"}],"curies":[{"name":"wp","href":"https:\/\/api.w.org\/{rel}","templated":true}]}}