{"id":378,"date":"2014-07-13T04:39:54","date_gmt":"2014-07-13T04:39:54","guid":{"rendered":"http:\/\/urmanczy.ro\/?page_id=378"},"modified":"2021-07-13T05:30:53","modified_gmt":"2021-07-13T05:30:53","slug":"water-ball","status":"publish","type":"page","link":"https:\/\/urmanczy.ro\/hu\/szolgaltatasaink\/water-ball\/","title":{"rendered":"Water ball"},"content":{"rendered":"<p>Water ball &#8211; j\u00e1rj a v\u00edzen, \u00e9s m\u00e9g csak vizes sem leszel! A v\u00edzen j\u00e1r\u00f3 labda kicsiknek \u00e9s nagyoknak egyar\u00e1nt felejthetetlen \u00e9lm\u00e9nyt ny\u00fajt. Az als\u00f3 korhat\u00e1r 5 \u00e9v, fels\u0151 a csillagos \u00e9g.<\/p>\n<p>Egy k\u00e9t m\u00e9ter \u00e1tm\u00e9r\u0151j\u0171, \u00e1tl\u00e1tsz\u00f3 strandlabd\u00e1t kell elk\u00e9pzelni, amibe nagy v\u00edz\u00e1ll\u00f3 zipz\u00e1ron kereszt\u00fcl lehet beb\u00fajni. Zipz\u00e1rt fel, majd a labd\u00e1t felf\u00fajjuk.  K\u00f6t\u00e9llel r\u00f6gz\u00edtj\u00fck a parthoz, hogy a sz\u00e9l ne tudja elsodorni, majd ha lej\u00e1rt az id\u0151, ami 7 perc, k\u00f6nnyed\u00e9n ki lehessen h\u00fazni. <\/p>\n<p>Ezt az extr\u00e9m sportot csak eg\u00e9szs\u00e9ges emberek \u0171zhetik, tilos terhes n\u0151knek, sz\u00edvbetegeknek \u00e9s l\u00e9gz\u00e9si neh\u00e9zs\u00e9gekkel k\u00fczd\u00f6knek. <\/p>\n<p>\u00c1r: 10 lej \/ k\u00f6r<\/p>","protected":false},"excerpt":{"rendered":"<p>Water ball &#8211; j\u00e1rj a v\u00edzen, \u00e9s m\u00e9g csak vizes sem leszel! A v\u00edzen j\u00e1r\u00f3 labda kicsiknek \u00e9s nagyoknak egyar\u00e1nt felejthetetlen \u00e9lm\u00e9nyt ny\u00fajt. Az als\u00f3 korhat\u00e1r 5 \u00e9v, fels\u0151 a csillagos \u00e9g. Egy k\u00e9t m\u00e9ter \u00e1tm\u00e9r\u0151j\u0171, \u00e1tl\u00e1tsz\u00f3 strandlabd\u00e1t kell elk\u00e9pzelni, amibe nagy v\u00edz\u00e1ll\u00f3 zipz\u00e1ron kereszt\u00fcl lehet beb\u00fajni. Zipz\u00e1rt fel, majd a labd\u00e1t felf\u00fajjuk. K\u00f6t\u00e9llel r\u00f6gz\u00edtj\u00fck [&hellip;]<\/p>\n","protected":false},"author":3,"featured_media":0,"parent":18,"menu_order":11,"comment_status":"open","ping_status":"open","template":"","meta":[],"_links":{"self":[{"href":"https:\/\/urmanczy.ro\/hu\/wp-json\/wp\/v2\/pages\/378"}],"collection":[{"href":"https:\/\/urmanczy.ro\/hu\/wp-json\/wp\/v2\/pages"}],"about":[{"href":"https:\/\/urmanczy.ro\/hu\/wp-json\/wp\/v2\/types\/page"}],"author":[{"embeddable":true,"href":"https:\/\/urmanczy.ro\/hu\/wp-json\/wp\/v2\/users\/3"}],"replies":[{"embeddable":true,"href":"https:\/\/urmanczy.ro\/hu\/wp-json\/wp\/v2\/comments?post=378"}],"version-history":[{"count":8,"href":"https:\/\/urmanczy.ro\/hu\/wp-json\/wp\/v2\/pages\/378\/revisions"}],"predecessor-version":[{"id":674,"href":"https:\/\/urmanczy.ro\/hu\/wp-json\/wp\/v2\/pages\/378\/revisions\/674"}],"up":[{"embeddable":true,"href":"https:\/\/urmanczy.ro\/hu\/wp-json\/wp\/v2\/pages\/18"}],"wp:attachment":[{"href":"https:\/\/urmanczy.ro\/hu\/wp-json\/wp\/v2\/media?parent=378"}],"curies":[{"name":"wp","href":"https:\/\/api.w.org\/{rel}","templated":true}]}}