{"id":363,"date":"2014-05-04T17:05:21","date_gmt":"2014-05-04T17:05:21","guid":{"rendered":"http:\/\/urmanczy.ro\/?page_id=363"},"modified":"2021-07-13T05:29:33","modified_gmt":"2021-07-13T05:29:33","slug":"biliard","status":"publish","type":"page","link":"https:\/\/urmanczy.ro\/hu\/szolgaltatasaink\/biliard\/","title":{"rendered":"Bili\u00e1rd"},"content":{"rendered":"<p>A strand k\u00fcls\u0151 udvar\u00e1n, a <a href=\"https:\/\/www.facebook.com\/Sport-bar-bistro-745455118854345\/\">Sport bar &amp; bistro<\/a> egyik k\u00fcl\u00f6nterm\u00e9ben, bili\u00e1rdasztal v\u00e1rja az \u00e9rdekl\u0151d\u0151ket. A teremben fotelek \u00e9s egy kis asztal biztos\u00edtj\u00e1k a k\u00e9nyelmes k\u00f6rnyezetet. \u00d3r\u00e1nk\u00e9nt 15 lej\u00e9rt lehet j\u00e1tszani. Inform\u00e1ci\u00f3k \u00e9s a foglal\u00e1sok a helysz\u00ednen vagy a 0787549921 telefonsz\u00e1mon.<\/p>","protected":false},"excerpt":{"rendered":"<p>A strand k\u00fcls\u0151 udvar\u00e1n, a Sport bar &amp; bistro egyik k\u00fcl\u00f6nterm\u00e9ben, bili\u00e1rdasztal v\u00e1rja az \u00e9rdekl\u0151d\u0151ket. A teremben fotelek \u00e9s egy kis asztal biztos\u00edtj\u00e1k a k\u00e9nyelmes k\u00f6rnyezetet. \u00d3r\u00e1nk\u00e9nt 15 lej\u00e9rt lehet j\u00e1tszani. Inform\u00e1ci\u00f3k \u00e9s a foglal\u00e1sok a helysz\u00ednen vagy a 0787549921 telefonsz\u00e1mon.<\/p>\n","protected":false},"author":3,"featured_media":0,"parent":18,"menu_order":11,"comment_status":"open","ping_status":"open","template":"","meta":[],"_links":{"self":[{"href":"https:\/\/urmanczy.ro\/hu\/wp-json\/wp\/v2\/pages\/363"}],"collection":[{"href":"https:\/\/urmanczy.ro\/hu\/wp-json\/wp\/v2\/pages"}],"about":[{"href":"https:\/\/urmanczy.ro\/hu\/wp-json\/wp\/v2\/types\/page"}],"author":[{"embeddable":true,"href":"https:\/\/urmanczy.ro\/hu\/wp-json\/wp\/v2\/users\/3"}],"replies":[{"embeddable":true,"href":"https:\/\/urmanczy.ro\/hu\/wp-json\/wp\/v2\/comments?post=363"}],"version-history":[{"count":7,"href":"https:\/\/urmanczy.ro\/hu\/wp-json\/wp\/v2\/pages\/363\/revisions"}],"predecessor-version":[{"id":672,"href":"https:\/\/urmanczy.ro\/hu\/wp-json\/wp\/v2\/pages\/363\/revisions\/672"}],"up":[{"embeddable":true,"href":"https:\/\/urmanczy.ro\/hu\/wp-json\/wp\/v2\/pages\/18"}],"wp:attachment":[{"href":"https:\/\/urmanczy.ro\/hu\/wp-json\/wp\/v2\/media?parent=363"}],"curies":[{"name":"wp","href":"https:\/\/api.w.org\/{rel}","templated":true}]}}