{"id":359,"date":"2014-05-04T14:08:31","date_gmt":"2014-05-04T14:08:31","guid":{"rendered":"http:\/\/urmanczy.ro\/?page_id=359"},"modified":"2021-07-13T05:28:47","modified_gmt":"2021-07-13T05:28:47","slug":"tenis-de-masa","status":"publish","type":"page","link":"https:\/\/urmanczy.ro\/hu\/szolgaltatasaink\/tenis-de-masa\/","title":{"rendered":"Pingpong"},"content":{"rendered":"<p>A strand k\u00fcls\u0151 udvar\u00e1n, a <a href=\"https:\/\/www.facebook.com\/Sport-bar-bistro-745455118854345\/\">Sport bar &#038; bistro<\/a> nagyterm\u00e9ben h\u00e1rom pingpongasztal v\u00e1rja az \u00e9rdekl\u0151d\u0151ket. A kell\u0151k\u00e9ppen les\u00f6t\u00e9t\u00edtett helyis\u00e9geben \u00f3r\u00e1nk\u00e9nt 10 (basic) &#8211; 15 (profi) lej\u00e9rt lehet j\u00e1tszani . Inform\u00e1ci\u00f3k \u00e9s a foglal\u00e1sok a helysz\u00ednen vagy a 0787549921 telefonsz\u00e1mon.<\/p>","protected":false},"excerpt":{"rendered":"<p>A strand k\u00fcls\u0151 udvar\u00e1n, a Sport bar &#038; bistro nagyterm\u00e9ben h\u00e1rom pingpongasztal v\u00e1rja az \u00e9rdekl\u0151d\u0151ket. A kell\u0151k\u00e9ppen les\u00f6t\u00e9t\u00edtett helyis\u00e9geben \u00f3r\u00e1nk\u00e9nt 10 (basic) &#8211; 15 (profi) lej\u00e9rt lehet j\u00e1tszani . Inform\u00e1ci\u00f3k \u00e9s a foglal\u00e1sok a helysz\u00ednen vagy a 0787549921 telefonsz\u00e1mon.<\/p>\n","protected":false},"author":3,"featured_media":0,"parent":18,"menu_order":9,"comment_status":"open","ping_status":"open","template":"","meta":[],"_links":{"self":[{"href":"https:\/\/urmanczy.ro\/hu\/wp-json\/wp\/v2\/pages\/359"}],"collection":[{"href":"https:\/\/urmanczy.ro\/hu\/wp-json\/wp\/v2\/pages"}],"about":[{"href":"https:\/\/urmanczy.ro\/hu\/wp-json\/wp\/v2\/types\/page"}],"author":[{"embeddable":true,"href":"https:\/\/urmanczy.ro\/hu\/wp-json\/wp\/v2\/users\/3"}],"replies":[{"embeddable":true,"href":"https:\/\/urmanczy.ro\/hu\/wp-json\/wp\/v2\/comments?post=359"}],"version-history":[{"count":12,"href":"https:\/\/urmanczy.ro\/hu\/wp-json\/wp\/v2\/pages\/359\/revisions"}],"predecessor-version":[{"id":671,"href":"https:\/\/urmanczy.ro\/hu\/wp-json\/wp\/v2\/pages\/359\/revisions\/671"}],"up":[{"embeddable":true,"href":"https:\/\/urmanczy.ro\/hu\/wp-json\/wp\/v2\/pages\/18"}],"wp:attachment":[{"href":"https:\/\/urmanczy.ro\/hu\/wp-json\/wp\/v2\/media?parent=359"}],"curies":[{"name":"wp","href":"https:\/\/api.w.org\/{rel}","templated":true}]}}