{"id":32,"date":"2012-03-13T07:09:14","date_gmt":"2012-03-13T07:09:14","guid":{"rendered":"http:\/\/gyo.ro\/urm\/?page_id=32"},"modified":"2016-06-21T15:57:21","modified_gmt":"2016-06-21T15:57:21","slug":"szallaslehetosegek","status":"publish","type":"page","link":"https:\/\/urmanczy.ro\/hu\/maroshevizrol\/szallaslehetosegek\/","title":{"rendered":"Sz\u00e1ll\u00e1slehet\u0151s\u00e9gek"},"content":{"rendered":"<p><\/p>\n<p style=\"text-align: justify;\">A marosh\u00e9v\u00edzi Urm\u00e1nczy f\u00fcrd\u0151 jelenleg nem rendelkezik sz\u00e1ll\u00e1shelyekel, de a v\u00e1rosban t\u00f6bb kateg\u00f3ri\u00e1j\u00fa olcs\u00f3 sz\u00e1ll\u00e1s van. Az egyed\u00fcli sz\u00e1lloda h\u00e1rom csillagos, a f\u00fcrd\u0151 k\u00f6zel\u00e9ben a k\u00f6zpontban tal\u00e1lhat\u00f3. Sz\u00e1mos panzi\u00f3 \u00e9s apartman van a v\u00e1rosban, de t\u00e1volabb az \u00fcd\u00fcl\u0151\u00f6vezetekben is. A B\u00e1nffy telepen r\u00e9gi sv\u00e1jci st\u00edlus\u00fa vill\u00e1ban \u00e9s kis h\u00e1zik\u00f3kban is megsz\u00e1llhatunk. A s\u00edp\u00e1lya fel\u00e9 vezetet\u0151 mogyor\u00f3si \u00fat menti sz\u00e1ll\u00e1sok a term\u00e9szetkedvel\u0151knek javasolhat\u00f3, k\u00fcl\u00f6n attrakci\u00f3 lehet a s\u00edp\u00e1lya tetej\u00e9n m\u0171k\u00f6d\u0151 lovarda. Sz\u00e1ll\u00e1sfoglal\u00e1s a k\u00f6vetkez\u0151 oldalakon lehets\u00e9ges:\u00a0<a href=\"http:\/\/www.erdelyiutazas.hu\/magyar\/szallasok\/marosheviz-143\">Marosh\u00e9v\u00edz &#8211; sz\u00e1ll\u00e1s, sz\u00e1ll\u00e1sok, sz\u00e1ll\u00e1shelyek<\/a>,\u00a0<a href=\"http:\/\/www.szekelyfoldiinfo.ro\/Menu\/Szallashelyek\/Panziok\/Marosheviz.html\">Marosh\u00e9v\u00edz &#8211; sz\u00e1ll\u00e1s &#8211; Rom\u00e1nia &#8211; Erd\u00e9ly &#8211; Hargita megye<\/a>\u00a0A sz\u00e1ll\u00e1shelyek list\u00e1j\u00e1t l\u00e1sd:\u00a0<a href=\"http:\/\/www.marosheviz.info\/turizmus\/szallas\">Marosh\u00e9v\u00edzi sz\u00e1llod\u00e1k \u00e9s panzi\u00f3k<\/a><\/p>\n<p><\/p>","protected":false},"excerpt":{"rendered":"<p>A marosh\u00e9v\u00edzi Urm\u00e1nczy f\u00fcrd\u0151 jelenleg nem rendelkezik sz\u00e1ll\u00e1shelyekel, de a v\u00e1rosban t\u00f6bb kateg\u00f3ri\u00e1j\u00fa olcs\u00f3 sz\u00e1ll\u00e1s van. Az egyed\u00fcli sz\u00e1lloda h\u00e1rom csillagos, a f\u00fcrd\u0151 k\u00f6zel\u00e9ben a k\u00f6zpontban tal\u00e1lhat\u00f3. Sz\u00e1mos panzi\u00f3 \u00e9s apartman van a v\u00e1rosban, de t\u00e1volabb az \u00fcd\u00fcl\u0151\u00f6vezetekben is. A B\u00e1nffy telepen r\u00e9gi sv\u00e1jci st\u00edlus\u00fa vill\u00e1ban \u00e9s kis h\u00e1zik\u00f3kban is megsz\u00e1llhatunk. A s\u00edp\u00e1lya fel\u00e9 vezetet\u0151 [&hellip;]<\/p>\n","protected":false},"author":3,"featured_media":0,"parent":26,"menu_order":2,"comment_status":"open","ping_status":"open","template":"","meta":[],"_links":{"self":[{"href":"https:\/\/urmanczy.ro\/hu\/wp-json\/wp\/v2\/pages\/32"}],"collection":[{"href":"https:\/\/urmanczy.ro\/hu\/wp-json\/wp\/v2\/pages"}],"about":[{"href":"https:\/\/urmanczy.ro\/hu\/wp-json\/wp\/v2\/types\/page"}],"author":[{"embeddable":true,"href":"https:\/\/urmanczy.ro\/hu\/wp-json\/wp\/v2\/users\/3"}],"replies":[{"embeddable":true,"href":"https:\/\/urmanczy.ro\/hu\/wp-json\/wp\/v2\/comments?post=32"}],"version-history":[{"count":8,"href":"https:\/\/urmanczy.ro\/hu\/wp-json\/wp\/v2\/pages\/32\/revisions"}],"predecessor-version":[{"id":445,"href":"https:\/\/urmanczy.ro\/hu\/wp-json\/wp\/v2\/pages\/32\/revisions\/445"}],"up":[{"embeddable":true,"href":"https:\/\/urmanczy.ro\/hu\/wp-json\/wp\/v2\/pages\/26"}],"wp:attachment":[{"href":"https:\/\/urmanczy.ro\/hu\/wp-json\/wp\/v2\/media?parent=32"}],"curies":[{"name":"wp","href":"https:\/\/api.w.org\/{rel}","templated":true}]}}