{"id":30,"date":"2012-03-13T07:08:36","date_gmt":"2012-03-13T07:08:36","guid":{"rendered":"http:\/\/gyo.ro\/urm\/?page_id=30"},"modified":"2016-07-29T16:04:49","modified_gmt":"2016-07-29T16:04:49","slug":"a-kornyekrol","status":"publish","type":"page","link":"https:\/\/urmanczy.ro\/hu\/maroshevizrol\/a-kornyekrol\/","title":{"rendered":"A k\u00f6rny\u00e9kr\u0151l"},"content":{"rendered":"<p><\/p>\n<p style=\"text-align: justify;\">Marosh\u00e9v\u00edz r\u00f6videbb, f\u00e9l- vagy egynapos kir\u00e1ndul\u00e1sok ide\u00e1lis kiindul\u00f3pontja.<\/p>\n<p><strong>Borv\u00edzek \u00fatja<\/strong><br \/>\nBorsz\u00e9k a monarchia egykori h\u00edres \u00fcd\u00fcl\u0151je, vize az erd\u00e9lyi borv\u00edzek \u201ekir\u00e1lyn\u0151jek\u00e9nt\u201d ismert. Az 1989-es rendszerv\u00e1lt\u00e1st k\u00f6vet\u0151en a hosszas restit\u00faci\u00f3s vit\u00e1k k\u00f6vetkezt\u00e9ben a f\u00fcrd\u0151hely elvesztette kor\u00e1bbi f\u00e9ny\u00e9t, de m\u00e1ra m\u00e1r szinte az eg\u00e9sz telepet fel\u00faj\u00edtott\u00e1k. \u00c9rdemes felkeresni a \u201ct\u00fcnd\u00e9rkertet\u201d, az itt kialak\u00edtott n\u00e9pi f\u00fcrd\u0151vel. Hideg v\u00edz\u00e9ben csak \u00fcl\u0151f\u00fcrd\u0151re van lehet\u0151s\u00e9g. Az egykori \u00d3 s\u00e1ros f\u00fcrd\u0151 viszont fedett, meleg\u00edtett borv\u00edzzel m\u0171k\u00f6dik <a href=\"https:\/\/www.facebook.com\/borsec.Osaros\" target=\"_blank\">https:\/\/www.facebook.com\/borsec.Osaros<\/a>, <a href=\"http:\/\/www.statiuneaborsec.ro\/hu\" target=\"_blank\">http:\/\/www.statiuneaborsec.ro\/hu<\/a>.<br \/>\nA vissza\u00faton meg\u00e9r egy kit\u00e9r\u0151t egy m\u00e1sik kev\u00e9sb\u00e9 ismert \u00e9s ki\u00e9p\u00edtett borv\u00edztelep is, ami 25 km-re fekszik Marosh\u00e9v\u00edz k\u00f6zpontj\u00e1t\u00f3l. B\u00e9lbor faluban \u00e9rintetlen k\u00f6rnyezetben t\u00f6bb \u00e1sv\u00e1nyv\u00edzforr\u00e1st tal\u00e1lunk. Itt van az ezer\u00e9ves hat\u00e1r is. Egynapos utaz\u00e1s keret\u00e9ben megl\u00e1togathat\u00f3 a moldvai Dur\u0103u, a Csalh\u00f3-hegys\u00e9g l\u00e1b\u00e1n\u00e1l fekv\u0151 \u00fcd\u00fcl\u0151v\u00e1ros. 1835-ben \u00e9p\u00fclt ortodox kolostora \u00e9rdekes l\u00e1tnival\u00f3, falk\u00e9peit a h\u00edres rom\u00e1n fest\u0151, Nicolae Tonitza 1934\u221235-ben festette. Felkereshet\u0151k a legk\u00f6zelebbi moldvai kolostorok is, amelyek a vil\u00e1g\u00f6r\u00f6ks\u00e9g r\u00e9sz\u00e9t k\u00e9pezik.<\/p>\n<p><strong>A Gyergy\u00f3i-medence \u00e9s a Gyilkos t\u00f3<\/strong><br \/>\nA sz\u00e1rhegyi L\u00e1z\u00e1r kast\u00e9ly szint\u00e9n k\u00f6zel, 30 kilom\u00e9terre fekszik. Az els\u0151 oszt\u00e1ly\u00fa m\u0171eml\u00e9k Erd\u00e9ly egyik leg\u00e9pebben fennmaradt renesz\u00e1nsz kast\u00e9lya. A falu m\u00e9g \u0151rzi eredeti arculat\u00e1t, k\u00f6zpontj\u00e1ban t\u00f6bb r\u00e9gi k\u00faria is van. A k\u00f6vetkez\u0151 meg\u00e1ll\u00f3 Gyergy\u00f3szentmikl\u00f3s. Az \u00f6rm\u00e9ny keresked\u0151v\u00e1ros hangulatos f\u0151tere fennmaradt, ahogy az \u00f6rm\u00e9ny templom is. Ig\u00e9nyes gy\u0171jtem\u00e9nnyel v\u00e1r a Tariszny\u00e1s M\u00e1rton museum <a href=\"http:\/\/www.tmmuzeum.ro\" target=\"_blank\">http:\/\/www.tmmuzeum.ro<\/a>. Innen aut\u00f3val m\u00e1r csak p\u00e1r perc a Gyilkos-t\u00f3 \u00e9s a B\u00e9k\u00e1si-szoros.<\/p>\n<p><strong>A s\u00f3vid\u00e9k<\/strong><br \/>\nParajd, Szov\u00e1ta \u00e9s Korond klasszikus turistahely, a \u201ek\u00f6telez\u0151\u201d l\u00e1tnival\u00f3k k\u00f6z\u00e9 tartozik. A Bucsin tet\u0151n kereszt\u00fcl vezet\u0151 \u00fat leny\u0171g\u00f6z\u0151 havasi t\u00e1jon halad \u00e1t. A h\u00edres borzonti cs\u00e1rd\u00e1ban h\u00e1zi kenyeret is s\u00fctnek. Parajdon a s\u00f3b\u00e1ny\u00e1t \u00e9s az \u00faj s\u00f3sf\u00fcrd\u0151t \u00e9rdemes felkeresni. <a href=\"http:\/\/www.salinapraid.ro\" target=\"_blank\">http:\/\/www.salinapraid.ro<\/a>. Innen vezet az \u00fat Szov\u00e1t\u00e1ra. Az \u00fcd\u00fcl\u0151telep Medve-tav\u00e1ban felt\u00e9tlen\u00fcl m\u00e1rt\u00f3zzunk meg. A nagy s\u00f3koncentr\u00e1ci\u00f3 miatt a v\u00edzben nem lehet els\u00fcllyedni. Aj\u00e1nd\u00e9kt\u00e1rgyakat a k\u00f6zeli Korondon vehet\u00fcnk. Innen k\u00f6r\u00fclbel\u00fcl egy \u00f3ra alatt Segesv\u00e1r is el\u00e9rhet\u0151. <\/p>\n<p><strong>A Cs\u00edki medence,\u00a0Cs\u00edksomly\u00f3, Cs\u00edkszereda \u00e9s Tusn\u00e1df\u00fcrd\u0151, a Szent Anna t\u00f3<\/strong><br \/>\nA cs\u00edksomly\u00f3i b\u00facs\u00faj\u00e1r\u00f3hely sz\u00e1z kilometerre van Marosh\u00e9v\u00edzt\u0151l. Akkor is \u00e9rdemes felkeresni, ha nem p\u00fcnk\u00f6sdkor j\u00e1runk arrafel\u00e9. Ne hagyjuk ki a festett famennyezetes Salvator k\u00e1poln\u00e1t sem. A kolostorral szembeni vend\u00e9gl\u0151ben a h\u00edres \u00f6rm\u00e9ny hurutlevest is megk\u00f3stolhatjuk. Akit a k\u00f6z\u00e9pkor \u00e9rdekel, az Cs\u00edksomly\u00f3 k\u00f6zvetlen k\u00f6zel\u00e9ben sz\u00e1mos er\u0151dtemplomra bukkanhat, Cs\u00edkdeln\u00e9n k\u00fcls\u0151, Cs\u00edkszentmih\u00e1lyon belt\u00e9ri fresk\u00f3kkal. Cs\u00edkszered\u00e1ban a ma m\u00fazeumk\u00e9nt m\u0171k\u00f6d\u0151 renesz\u00e1nsz Mik\u00f3 kast\u00e9lyban, az ut\u00f3bbi id\u0151ben erd\u00e9lyi jelent\u0151s\u00e9g\u0171 ki\u00e1ll\u00edt\u00e1sokat rendeznek <a href=\"http:\/\/www.csikimuzeum.ro\" target=\"_blank\">http:\/\/www.csikimuzeum.ro<\/a>. Ell\u00e1togathatunk Tusn\u00e1df\u00fcrd\u0151re, a jellegzetes sv\u00e1jci st\u00edlus\u00fa \u00fcd\u00fcl\u0151helyr\u0151l vezet az \u00fat a Szent Anna t\u00f3hoz, a k\u00fcl\u00f6nleges vulk\u00e1ni eredet\u0171 tengerszemhez. Tusn\u00e1df\u00fcrd\u0151 \u00fajdons\u00e1ga a term\u00e1lv\u00edzes \u00e9lm\u00e9nyf\u00fcrd\u0151 <a href=\"http:\/\/www.wellness-tusnad.ro\" target=\"_blank\">http:\/\/www.wellness-tusnad.ro<\/a>.<\/p>\n<p><strong>Disznaj\u00f3, Sz\u00e1szr\u00e9gen, a g\u00f6rg\u00e9nyszentimrei kast\u00e9ly, s\u00f3s f\u00fcrd\u0151k <\/strong><br \/>\nKellemes, a szokv\u00e1nyos turista \u00fatvonalakt\u00f3l elt\u00e9r\u0151 kir\u00e1ndul\u00e1st tehet\u00fcnk a Maros v\u00f6lgy\u00e9n (t\u00e1jv\u00e9delmi rezerv\u00e1ci\u00f3). M\u00e9g Sz\u00e1szr\u00e9gen el\u0151tt meg\u00e1llhatunk Disznaj\u00f3n, ahol az \u00fajj\u00e1\u00e9p\u00edtett reform\u00e1tus templomban 14. sz\u00e1zadi fresk\u00f3k vannak. Az er\u0151d\u00edtm\u00e9nyen bel\u00fcl egy k\u00f6z\u00e9pkori udvarh\u00e1zat is tal\u00e1lunk. P\u00e1r kilom\u00e9ternyire, az \u00fat melletti domboldalon az Erd\u00e9lyi Helikon T\u00e1rsas\u00e1g \u00f6sszej\u00f6veteleinek helysz\u00edn\u00e9t, a Kem\u00e9ny-kast\u00e9lyt is megn\u00e9zhetj\u00fck. <a href=\"https:\/\/www.facebook.com\/MarosvecsiKemenyVarkastely\" target=\"_blank\">https:\/\/www.facebook.com\/MarosvecsiKemenyVarkastely<\/a>, Sz\u00e1szr\u00e9gen legjelent\u0151sebb m\u0171eml\u00e9ke a sz\u00e1sz templom, sz\u00e9p a f\u0151tere is. \u00datunk utols\u00f3  meg\u00e1ll\u00f3ja G\u00f6rg\u00e9nyszentimre. Itt Erd\u00e9ly egyik leg\u00e9pebben fennmaradt t\u00e1jk\u00e9pi parkj\u00e1ban, a Bornemissza kast\u00e9lyt l\u00e1thatjuk. <a href=\"http:\/\/www.muzeumures.ro\" target=\"_blank\">http:\/\/www.muzeumures.ro<\/a>.<\/p>\n<p><strong>A gernyeszegi \u00e9s s\u00e1romberki barokk kast\u00e9lyok, Marosv\u00e1s\u00e1rhely<\/strong><br \/>\nAz erd\u00e9lyi barokk kast\u00e9lym\u0171v\u00e9szet legjelent\u0151sebb eml\u00e9kei S\u00e1romberk\u00e9n \u00e9s Gernyeszegen, a Sz\u00e1szr\u00e9gen \u00e9s Marosv\u00e1s\u00e1rhely k\u00f6z\u00f6tti r\u00f6vid \u00fatvonalon fekszenek. A gernyeszegi kast\u00e9ly \u00e9s kertje l\u00e1togathat\u00f3 <a href=\"http:\/\/www.gernyeszeg.com\" target=\"_blank\">http:\/\/www.gernyeszeg.com<\/a>.<br \/>\nMarosv\u00e1s\u00e1rhely, a Bolyaiak v\u00e1rosa klasszikus l\u00e1tnival\u00f3kban b\u0151velkedik. Itt van Erd\u00e9ly legh\u00edresebb k\u00f6nyvgy\u0171jtem\u00e9nye, a Teleki T\u00e9ka, a nemr\u00e9g fel\u00faj\u00edtott k\u00f6z\u00e9pkori v\u00e1r az egykori ferences templommal, \u00e9s nem utols\u00f3sorban a szecesszi\u00f3s st\u00edlus\u00fa Kult\u00farpalota. <a href=\"http:\/\/www.muzeumures.ro\" target=\"_blank\">http:\/\/www.muzeumures.ro<\/a>. A pezsg\u0151 \u00e9let\u0171 v\u00e1ros ny\u00e1ri k\u00fcl\u00f6nlegess\u00e9ge a Maros parti szabadid\u0151k\u00f6zpont, a helyi szlengben v\u00edkendtelep, ahol a medenc\u00e9k \u00e9s a vend\u00e9gl\u0151k sokas\u00e1ga tengerparti hangulatot id\u00e9z. A v\u00e1rossal gyakorlatilag \u00f6sszen\u0151tt Marosszentgy\u00f6rgy s\u00f3s f\u00fcrd\u0151j\u00e9ben sz\u00e1mos gy\u00f3gykezel\u00e9st ig\u00e9nyelhet\u00fcnk  <a href=\"http:\/\/clubapollo.ro\/hu\" target=\"_blank\">http:\/\/clubapollo.ro\/hu<\/a>.<\/p>\n<p><\/p>","protected":false},"excerpt":{"rendered":"<p>Marosh\u00e9v\u00edz r\u00f6videbb, f\u00e9l- vagy egynapos kir\u00e1ndul\u00e1sok ide\u00e1lis kiindul\u00f3pontja. Borv\u00edzek \u00fatja Borsz\u00e9k a monarchia egykori h\u00edres \u00fcd\u00fcl\u0151je, vize az erd\u00e9lyi borv\u00edzek \u201ekir\u00e1lyn\u0151jek\u00e9nt\u201d ismert. Az 1989-es rendszerv\u00e1lt\u00e1st k\u00f6vet\u0151en a hosszas restit\u00faci\u00f3s vit\u00e1k k\u00f6vetkezt\u00e9ben a f\u00fcrd\u0151hely elvesztette kor\u00e1bbi f\u00e9ny\u00e9t, de m\u00e1ra m\u00e1r szinte az eg\u00e9sz telepet fel\u00faj\u00edtott\u00e1k. \u00c9rdemes felkeresni a \u201ct\u00fcnd\u00e9rkertet\u201d, az itt kialak\u00edtott n\u00e9pi f\u00fcrd\u0151vel. Hideg v\u00edz\u00e9ben [&hellip;]<\/p>\n","protected":false},"author":3,"featured_media":0,"parent":26,"menu_order":1,"comment_status":"open","ping_status":"open","template":"","meta":[],"_links":{"self":[{"href":"https:\/\/urmanczy.ro\/hu\/wp-json\/wp\/v2\/pages\/30"}],"collection":[{"href":"https:\/\/urmanczy.ro\/hu\/wp-json\/wp\/v2\/pages"}],"about":[{"href":"https:\/\/urmanczy.ro\/hu\/wp-json\/wp\/v2\/types\/page"}],"author":[{"embeddable":true,"href":"https:\/\/urmanczy.ro\/hu\/wp-json\/wp\/v2\/users\/3"}],"replies":[{"embeddable":true,"href":"https:\/\/urmanczy.ro\/hu\/wp-json\/wp\/v2\/comments?post=30"}],"version-history":[{"count":18,"href":"https:\/\/urmanczy.ro\/hu\/wp-json\/wp\/v2\/pages\/30\/revisions"}],"predecessor-version":[{"id":544,"href":"https:\/\/urmanczy.ro\/hu\/wp-json\/wp\/v2\/pages\/30\/revisions\/544"}],"up":[{"embeddable":true,"href":"https:\/\/urmanczy.ro\/hu\/wp-json\/wp\/v2\/pages\/26"}],"wp:attachment":[{"href":"https:\/\/urmanczy.ro\/hu\/wp-json\/wp\/v2\/media?parent=30"}],"curies":[{"name":"wp","href":"https:\/\/api.w.org\/{rel}","templated":true}]}}