{"id":284,"date":"2013-04-22T16:11:41","date_gmt":"2013-04-22T16:11:41","guid":{"rendered":"http:\/\/urmanczy.ro\/?page_id=284"},"modified":"2021-07-13T05:24:47","modified_gmt":"2021-07-13T05:24:47","slug":"teren-de-tenis","status":"publish","type":"page","link":"https:\/\/urmanczy.ro\/hu\/szolgaltatasaink\/teren-de-tenis\/","title":{"rendered":"Tenisz"},"content":{"rendered":"<p>2013 nyar\u00e1t\u00f3l az Urm\u00e1nczy f\u00fcrd\u0151 \u00faj szolg\u00e1ltat\u00e1ssal teniszp\u00e1lya haszn\u00e1lat\u00e1nak lehet\u0151s\u00e9g\u00e9vel b\u0151v\u00fclt. A salakos p\u00e1lya az Urm\u00e1nczy strand k\u00f6zvetlen k\u00f6zel\u00e9ben, a Maros partj\u00e1n tal\u00e1lhat\u00f3.<\/p>\n<p>A teniszp\u00e1lya b\u00e9rleti d\u00edja egy \u00f3r\u00e1ra 20 lej. A teniszlabda, illetve a tenisz\u00fct\u0151 b\u00e9rleti d\u00edja 10 lej\/\u00f3ra. A teniszez\u0151k kedvezm\u00e9nyes strandbel\u00e9p\u0151kre jogosultak (10 lej).<\/p>\n<h2>P\u00e1lya foglal\u00e1s<\/h2>\n<p>Online: <a href=\"http:\/\/tenis.urmanczy.ro\" target=\"_blank\" rel=\"noopener\">tenis.urmanczy.ro<\/a><br \/>\nTelefon: 0722548282<\/p>","protected":false},"excerpt":{"rendered":"<p>2013 nyar\u00e1t\u00f3l az Urm\u00e1nczy f\u00fcrd\u0151 \u00faj szolg\u00e1ltat\u00e1ssal teniszp\u00e1lya haszn\u00e1lat\u00e1nak lehet\u0151s\u00e9g\u00e9vel b\u0151v\u00fclt. A salakos p\u00e1lya az Urm\u00e1nczy strand k\u00f6zvetlen k\u00f6zel\u00e9ben, a Maros partj\u00e1n tal\u00e1lhat\u00f3. A teniszp\u00e1lya b\u00e9rleti d\u00edja egy \u00f3r\u00e1ra 20 lej. A teniszlabda, illetve a tenisz\u00fct\u0151 b\u00e9rleti d\u00edja 10 lej\/\u00f3ra. A teniszez\u0151k kedvezm\u00e9nyes strandbel\u00e9p\u0151kre jogosultak (10 lej). P\u00e1lya foglal\u00e1s Online: tenis.urmanczy.ro Telefon: 0722548282<\/p>\n","protected":false},"author":3,"featured_media":0,"parent":18,"menu_order":8,"comment_status":"open","ping_status":"open","template":"tenisz.php","meta":[],"_links":{"self":[{"href":"https:\/\/urmanczy.ro\/hu\/wp-json\/wp\/v2\/pages\/284"}],"collection":[{"href":"https:\/\/urmanczy.ro\/hu\/wp-json\/wp\/v2\/pages"}],"about":[{"href":"https:\/\/urmanczy.ro\/hu\/wp-json\/wp\/v2\/types\/page"}],"author":[{"embeddable":true,"href":"https:\/\/urmanczy.ro\/hu\/wp-json\/wp\/v2\/users\/3"}],"replies":[{"embeddable":true,"href":"https:\/\/urmanczy.ro\/hu\/wp-json\/wp\/v2\/comments?post=284"}],"version-history":[{"count":12,"href":"https:\/\/urmanczy.ro\/hu\/wp-json\/wp\/v2\/pages\/284\/revisions"}],"predecessor-version":[{"id":669,"href":"https:\/\/urmanczy.ro\/hu\/wp-json\/wp\/v2\/pages\/284\/revisions\/669"}],"up":[{"embeddable":true,"href":"https:\/\/urmanczy.ro\/hu\/wp-json\/wp\/v2\/pages\/18"}],"wp:attachment":[{"href":"https:\/\/urmanczy.ro\/hu\/wp-json\/wp\/v2\/media?parent=284"}],"curies":[{"name":"wp","href":"https:\/\/api.w.org\/{rel}","templated":true}]}}