{"id":28,"date":"2012-03-13T07:03:05","date_gmt":"2012-03-13T07:03:05","guid":{"rendered":"http:\/\/gyo.ro\/urm\/?page_id=28"},"modified":"2016-07-29T15:56:56","modified_gmt":"2016-07-29T15:56:56","slug":"a-varosrol","status":"publish","type":"page","link":"https:\/\/urmanczy.ro\/hu\/maroshevizrol\/a-varosrol\/","title":{"rendered":"A v\u00e1rosr\u00f3l"},"content":{"rendered":"<p><\/p>\n<p style=\"text-align: justify;\">Marosh\u00e9v\u00edz, r\u00e9gi nev\u00e9n Toplicza, Ol\u00e1htoplicza, vonzerej\u00e9t a v\u00e1rost \u00f6vez\u0151 \u00e9rintetlen havasok \u00e9s langyos gy\u00f3gyvizei adj\u00e1k. Havasi kl\u00edm\u00e1ja ny\u00e1ron kellemes, a legnagyobb k\u00e1nikul\u00e1ban is h\u0171v\u00f6sek az est\u00e9k. \u00c9p\u00edt\u00e9szeti \u00f6r\u00f6ks\u00e9ge megnyirb\u00e1lva maradt r\u00e1nk, a kommunizmus \u00e9vei alatt a f\u00fcrd\u0151v\u00e1ros r\u00e9gi \u00e9p\u00fcleteinek t\u00f6bbs\u00e9g\u00e9t lebontott\u00e1k. Ennek ellen\u00e9re maradt l\u00e1tnival\u00f3. A hetven sz\u00e1zal\u00e9kban rom\u00e1nok lakta telep\u00fcl\u00e9sen, a t\u00e1voli vend\u00e9geknek \u00e9rdekes lehet betekinteni az ortodox liturgia kulissz\u00e1i k\u00f6z\u00e9.<\/p>\n<p><strong>A Szent Ill\u00e9s kolostor<\/strong><br \/>\nA magas falakkal \u00f6vezett f\u00e9rfikolostor a v\u00e1ros v\u00e9g\u00e9n, a Sz\u00e1szr\u00e9gen fel\u00e9 vezet\u0151 \u00fat mellett \u00e1ll. 150 \u00e9vesn\u00e9l r\u00e9gebbi fatemplom\u00e1t a k\u00f6zeli G\u00f6demesterh\u00e1z\u00e1r\u00f3l hozt\u00e1k \u00e1t. M\u00fazeum is m\u0171k\u00f6dik itt. A j\u00falius 20.-ki b\u00facs\u00fa alkalm\u00e1val \u00e9rdemes felkeresni. <\/p>\n<p><strong>A Mogl\u00e1ni templom<\/strong><br \/>\nMegkap\u00f3 term\u00e9szeti k\u00f6rnyezetben, a Cs\u00edkszereda fel\u00e9 vezet\u0151 \u00fat melletti domboldalon, egy r\u00e9gi zsindellyel fedett fatemplom \u00e1ll. Egyes kutat\u00e1sok szerint a templomot Gheorghe \u015etefan moldvai fejedelem feles\u00e9ge, Safta \u00farn\u0151 1658-ban alap\u00edtotta, a kolostorban viszont egy 1710-es fel\u00edrat utal az \u00e9p\u00edt\u00e9si d\u00e1tumra. <\/p>\n<p><strong>Az ortodox templom<\/strong><br \/>\nAz 1867-ben \u00e9p\u00fclt m\u0171eml\u00e9k fatemplom a v\u00e1ros k\u00f6zpontj\u00e1hoz k\u00f6zel, az Urm\u00e1nczy f\u00fcrd\u0151t\u0151l nem messze fekszik, egy kisebb domboldalon.<\/p>\n<p><strong>Az Urm\u00e1nczy kast\u00e9ly<\/strong><br \/>\n1906-ban \u00e9p\u00fclt, tervez\u0151je Giacomuzzi Virgilio tiroli \u00e9p\u00edt\u00e9sz. A vad\u00e1szkast\u00e9lyok mint\u00e1j\u00e1t k\u00f6vet\u0151 \u00e9p\u00fclet a szecesszi\u00f3s jegyeket a K\u00f3s K\u00e1roly nev\u00e9vel f\u00e9mjelzett fiatal \u00e9p\u00edt\u00e9sznemzed\u00e9kek \u00fatt\u00f6r\u0151 n\u00e9pies st\u00edlus\u00e1val \u00f6tv\u00f6zi. A k\u00f6zponthoz k\u00f6zeli kast\u00e9lyt a katolikus templomt\u00f3l jobbra ny\u00edl\u00f3 utc\u00e1n kereszt\u00fcl k\u00f6zel\u00edthetj\u00fck meg  <a href=\"https:\/\/www.facebook.com\/castelulUrmanczykastely\" target=\"_blank\">https:\/\/www.facebook.com\/castelulUrmanczykastely<\/a>.<\/p>\n<p><strong>A B\u00e1nffy telep<\/strong><br \/>\nA v\u00e1ros turisztikai vonzereje a Maros bal partj\u00e1n fekv\u0151 egykori B\u00e1nffy birtokon kialak\u00edtott \u00fcd\u00fcl\u0151telep. Megszenvedte a rendszerv\u00e1lt\u00e1s ut\u00e1ni restit\u00faci\u00f3s \u00e9s privatiz\u00e1ci\u00f3s vit\u00e1kat, de rehabilit\u00e1l\u00e1sa elindult. 2014 nyar\u00e1ra a r\u00e9gi f\u00fcrd\u0151t, az Urm\u00e1nczy f\u00fcrd\u0151h\u00f6z hasonl\u00f3 v\u00edzet haszn\u00e1l\u00f3, 30 m\u00e9teres \u00fasz\u00f3medenc\u00e9vel rendelkez\u0151 strandot fel\u00faj\u00edtott\u00e1k. Nemr\u00e9g egy eg\u00e9sz \u00e9vben m\u0171k\u00f6d\u0151 fedett f\u00fcrd\u0151t is \u00e1tadtak a B\u00e1nffy strand k\u00f6zel\u00e9ben. A t\u00f6bb szaun\u00e1s, fitnesztermes f\u00fcrd\u0151 meleg\u00edtett csapv\u00edzzel m\u0171k\u00f6dik. <\/p>\n<p><strong>G\u00f6rg\u00e9nyi-havasok:\u00a0<\/strong><br \/>\n<strong>A melegviz\u0171 v\u00edzes\u00e9s<\/strong><br \/>\nA k\u00f6zponthoz k\u00f6zel, a Maros bal partj\u00e1n, a vas\u00fats\u00ednek mellett, p\u00e1ratlan term\u00e9szeti kincsre bukkanhatunk: itt van Erd\u00e9ly egyetlen term\u00e1lvizes v\u00edzes\u00e9sese. A B\u00e1nffy f\u00fcrd\u0151 vize itt z\u00fadul a Marosba. A m\u00e9sztufa v\u00edzes\u00e9st \u00e9rdekes n\u00f6v\u00e9nyvil\u00e1g jellemzi, hozama a f\u00fcrd\u0151 m\u0171k\u00f6d\u00e9s\u00e9t\u0151l f\u00fcgg, amikor a vizet leeresztik, akkor b\u0151vebb a zuhatag.<\/p>\n<p><strong>A Baciu f\u00e9le s\u00edp\u00e1lya \u00e9s lovarda<\/strong><br \/>\nA B\u00e1nffy f\u00fcrd\u0151 fenns\u00edkj\u00e1n, n\u00e9h\u00e1ny kilom\u00e9terre a v\u00e1rost\u00f3l, gy\u00f6ny\u00f6r\u0171 k\u00f6rpanor\u00e1m\u00e1s helyen tal\u00e1ljuk a Baciu panzi\u00f3t, ny\u00e1ron lovagl\u00e1si, t\u00e9len pedig s\u00edz\u00e9si lehet\u0151s\u00e9ggel <a href=\"http:\/\/pensiuneabaciu.com\" target=\"_blank\">http:\/\/pensiuneabaciu.com<\/a>.<\/p>\n<p><strong>A k\u0151gomb\u00e1k<\/strong><br \/>\nA mogyor\u00f3si \u00faton, a Mogyor\u00f3s patak partj\u00e1n haladva 4 \u00f3r\u00e1s gyalogt\u00far\u00e1val vagy biciklivel \u00e9rj\u00fck el a l\u00e1tv\u00e1nyos vulkanikus szikl\u00e1kat.<\/p>\n<p><strong>A T\u00e1rnica, avagy B\u00e1nffy sz\u0151l\u0151je\u00a0<br \/>\nKellemes kisebb kir\u00e1ndul\u00e1st tehet\u00fcnk a T\u00e1rnica hegyre, ami a sz\u00e1szr\u00e9geni \u00fathoz k\u00f6zel fekszik. Ez a hegy l\u00e1that\u00f3 az Urm\u00e1nczy f\u00fcrd\u0151b\u0151l is. Az oldal\u00e1b\u00f3l b\u00e1ny\u00e1szott bazaltos andezitb\u0151l \u00e9p\u00fclt t\u00f6bbek k\u00f6z\u00f6tt az Urm\u00e1nczy kast\u00e9ly. A \u201eB\u00e1nffy sz\u0151l\u0151je\u201d n\u00e9v egy r\u00e9gi \u201esz\u00fcreti mulats\u00e1g\u201d eml\u00e9k\u00e9t \u0151rzi: mivel a sz\u0151l\u0151 nem \u00e9l meg ezen a hideg vid\u00e9ken, a feny\u0151kre aggatt\u00e1k a sz\u0151l\u0151f\u00fcrt\u00f6ket.<\/strong><\/p>\n<p><strong>J\u00e9zer t\u00f3, Reketty\u00e9s (ezer \u00e9ves hat\u00e1r), Pietrosz cs\u00facs<\/strong><br \/>\n\u00a0A Kelemen havasok az Erd\u00e9ly egyik leg\u00e9rintetlenebb hegyvonulata. Egy\u00e1ltal\u00e1n nincs ki\u00e9p\u00edtve. Az \u00faton megn\u00e9zhetj\u00fck a bazalts\u00edpokat \u00e9s a b\u00fcd\u00f6s, k\u00e9ntartalm\u00fa forr\u00e1st, ami egy r\u00e9gi olajfur\u00e1s nyom\u00e1n fakadt. A fest\u0151i tengerszem, a J\u00e9zer t\u00f3 a Reketty\u00e9s-tet\u0151 (2021 m) cs\u00facsa alatt fekszik. J\u00fanius v\u00e9g\u00e9n a legszebb, amikor az oldalt a rododendronok cikl\u00e1men-sz\u00ednbe bor\u00edtj\u00e1k. Term\u00e9szetv\u00e9delmi ter\u00fclet. Reketty\u00e9s-tet\u0151, az 1000 \u00e9ves hat\u00e1rt jelzi, m\u00e9g l\u00e1tszik M\u00e1ria Ter\u00e9zia \u00fatj\u00e1nak a nyoma. K\u00e9t cs\u00facs nev\u00e9ben is \u0151rzi a r\u00e9gi hat\u00e1rt: van Rom\u00e1n \u00e9s Magyar Neg\u00f3j (2084 m) is. A tet\u0151r\u0151l bel\u00e1tni az eg\u00e9sz vulk\u00e1ni kr\u00e1tert. A Rom\u00e1n Neg\u00f3j felsz\u00edni k\u00e9nb\u00e1ny\u00e1szat \u00e1ldozata lett, a t\u00e1volb\u00f3l s\u00e1rg\u00e1s \u2013narancsos f\u00e9nyben \u00fasz\u00f3 piramisnak t\u0171nik. A Pietrosz-cs\u00facs (2100 m) megh\u00f3d\u00edt\u00e1shoz meg kell m\u00e1szni a Magyar Neg\u00f3j meredek b\u00e9rceit. Innen m\u00e1r csak kom\u00f3tos s\u00e9ta a cs\u00facs.<\/p>\n<p><strong>Hegyi ker\u00e9kp\u00e1r \u00fatak<\/strong><br \/>\nMarosh\u00e9v\u00edz k\u00f6rny\u00e9k\u00e9n a hegyiker\u00e9kp\u00e1r szerelmesei h\u00e1rom \u00fatvonalat tal\u00e1lnak: T\u00e1rnica, Kelemen havasok-Feh\u00e9r domb \u00e9s az \u00d6reghegy-K\u0151gomb\u00e1k <a href=\"http:\/\/www.salvamontharghita.ro\/salvamont-harghita\/ro\/hu\" target=\"_blank\">http:\/\/www.salvamontharghita.ro\/salvamont-harghita\/ro\/hu<\/a>.<\/p>\n<p><\/p>","protected":false},"excerpt":{"rendered":"<p>Marosh\u00e9v\u00edz, r\u00e9gi nev\u00e9n Toplicza, Ol\u00e1htoplicza, vonzerej\u00e9t a v\u00e1rost \u00f6vez\u0151 \u00e9rintetlen havasok \u00e9s langyos gy\u00f3gyvizei adj\u00e1k. Havasi kl\u00edm\u00e1ja ny\u00e1ron kellemes, a legnagyobb k\u00e1nikul\u00e1ban is h\u0171v\u00f6sek az est\u00e9k. \u00c9p\u00edt\u00e9szeti \u00f6r\u00f6ks\u00e9ge megnyirb\u00e1lva maradt r\u00e1nk, a kommunizmus \u00e9vei alatt a f\u00fcrd\u0151v\u00e1ros r\u00e9gi \u00e9p\u00fcleteinek t\u00f6bbs\u00e9g\u00e9t lebontott\u00e1k. Ennek ellen\u00e9re maradt l\u00e1tnival\u00f3. A hetven sz\u00e1zal\u00e9kban rom\u00e1nok lakta telep\u00fcl\u00e9sen, a t\u00e1voli vend\u00e9geknek \u00e9rdekes [&hellip;]<\/p>\n","protected":false},"author":3,"featured_media":0,"parent":26,"menu_order":0,"comment_status":"open","ping_status":"open","template":"","meta":[],"_links":{"self":[{"href":"https:\/\/urmanczy.ro\/hu\/wp-json\/wp\/v2\/pages\/28"}],"collection":[{"href":"https:\/\/urmanczy.ro\/hu\/wp-json\/wp\/v2\/pages"}],"about":[{"href":"https:\/\/urmanczy.ro\/hu\/wp-json\/wp\/v2\/types\/page"}],"author":[{"embeddable":true,"href":"https:\/\/urmanczy.ro\/hu\/wp-json\/wp\/v2\/users\/3"}],"replies":[{"embeddable":true,"href":"https:\/\/urmanczy.ro\/hu\/wp-json\/wp\/v2\/comments?post=28"}],"version-history":[{"count":19,"href":"https:\/\/urmanczy.ro\/hu\/wp-json\/wp\/v2\/pages\/28\/revisions"}],"predecessor-version":[{"id":43,"href":"https:\/\/urmanczy.ro\/hu\/wp-json\/wp\/v2\/pages\/28\/revisions\/43"}],"up":[{"embeddable":true,"href":"https:\/\/urmanczy.ro\/hu\/wp-json\/wp\/v2\/pages\/26"}],"wp:attachment":[{"href":"https:\/\/urmanczy.ro\/hu\/wp-json\/wp\/v2\/media?parent=28"}],"curies":[{"name":"wp","href":"https:\/\/api.w.org\/{rel}","templated":true}]}}