{"id":24,"date":"2012-03-13T07:00:48","date_gmt":"2012-03-13T07:00:48","guid":{"rendered":"http:\/\/gyo.ro\/urm\/?page_id=24"},"modified":"2016-07-29T15:53:14","modified_gmt":"2016-07-29T15:53:14","slug":"megkozelites","status":"publish","type":"page","link":"https:\/\/urmanczy.ro\/hu\/kapcsolat\/megkozelites\/","title":{"rendered":"Megk\u00f6zel\u00edt\u00e9s"},"content":{"rendered":"<p><\/p>\n<div style=\"width: 520px; float: left;\">\n<p style=\"text-align: justify;\">Marosv\u00e1s\u00e1rhely fel\u0151l a 12. \u00faton: \u00c9szakr\u00f3l a nemzetk\u00f6zi rep\u00fcl\u0151t\u00e9rrel rendelkez\u0151 Marosv\u00e1s\u00e1rhelyt (100 km), majd Sz\u00e1szr\u00e9gent elhagyva (69 km) a Maros fest\u0151i v\u00f6lgy\u00e9n kereszt\u00fcl \u00e9rkez\u00fcnk Marosh\u00e9v\u00edzre. A v\u00e1rosba \u00e9rkezve m\u00e9g miel\u0151tt a k\u00f6zpontba \u00e9rn\u00e9nk, az \u00fatra n\u00e9z\u0151 ortodox templom el\u0151tt jobbra fordulva az Izvorului (Forr\u00e1s) utc\u00e1n kereszt\u00fcl k\u00f6zel\u00edthetj\u00fck meg a f\u00fcrd\u0151t. Ha ezt nem siker\u00fclt, a k\u00f6vetkez\u0151 utc\u00e1n a V\u00e1jla h\u00edd el\u0151tt forduljunk jobbra.<br \/>\nCs\u00edkszereda fel\u00f6l a 12. \u00faton: sz\u00e1z kilom\u00e9terre van Cs\u00edkszereda, Cs\u00edksomly\u00f3. Negyven kilom\u00e9teres vonz\u00e1sk\u00f6rzetben tal\u00e1ljuk Gyergy\u00f3szentmikl\u00f3st, Gyergy\u00f3ditr\u00f3t \u00e9s Gyergy\u00f3sz\u00e1rhegyet a h\u00edres renesz\u00e1nsz L\u00e1z\u00e1r kast\u00e9llyal. Szov\u00e1t\u00e1r\u00f3l (100 km), Parajdon \u00e1t a 13b \u00faton, a Bucsin-tet\u0151n kereszt\u00fcl k\u00f6zel\u00edthet\u0151 meg a v\u00e1ros. A v\u00e1ros k\u00f6zpontj\u00e1n kereszt\u00fcl haladva Marosv\u00e1s\u00e1rhely ir\u00e1ny\u00e1ba kell kanyarodni. Miut\u00e1n a V\u00e1jla h\u00eddon \u00e1thaladtunk, az els\u0151 vagy a m\u00e1sodik balra ny\u00edl\u00f3 utc\u00e1n kereszt\u00fcl \u00e9rkezhet\u00fcnk a f\u00fcrd\u0151h\u00f6z.<br \/>\nBorsz\u00e9k fel\u0151l a 15-\u00f6s \u00faton (26 km) k\u00f6zeledve a v\u00e1ros k\u00f6zpontj\u00e1n kereszt\u00fcl haladva Marosv\u00e1s\u00e1rhely fele kell kanyarodni. Miut\u00e1n a V\u00e1jla h\u00eddon \u00e1thaladtunk, a h\u00edd ut\u00e1n lev\u0151 bal oldali f\u00f6ld\u00faton vagy a m\u00e1sodik balra ny\u00edl\u00f3 utc\u00e1n kereszt\u00fcl \u00e9rkezhet\u00fcnk a f\u00fcrd\u0151h\u00f6z.<br \/>\nVonattal, busszal<br \/>\nA vonat\u00e1llom\u00e1s melletti Maros h\u00eddon \u00e1thaladva m\u00e1r az Urm\u00e1nczy f\u00fcrd\u0151h\u00f6z \u00e9r\u00fcnk, bej\u00e1rat\u00e1t a faker\u00edt\u00e9s mellett s\u00e9t\u00e1lva \u00e9rj\u00fck el.<br \/>\nA Marosv\u00e1s\u00e1rhely fel\u0151li buszmeg\u00e1ll\u00f3t\u00f3l az els\u0151 jobboldali Izvoarelor utca vezet a strandhoz, \u00e1tellenben a Gyergy\u00f3 \u00e9s Borsz\u00e9k fel\u0151li meg\u00e1ll\u00f3val.<\/p>\n<\/div>\n<div style=\"float: right; width: 250px; margin-right: 40px;\">\n<iframe loading=\"lazy\" src=\"https:\/\/www.google.com\/maps\/embed?pb=!1m18!1m12!1m3!1d2724.9352469444216!2d25.34694000000014!3d46.92365495697303!2m3!1f0!2f0!3f0!3m2!1i1024!2i768!4f13.1!3m3!1m2!1s0x474a624ddfe72d77%3A0x3cd0c35991e600a6!2zVXJtw6FuY3p5IEbDvHJkxZE!5e0!3m2!1sen!2sus!4v1398777785387\" width=\"250\" height=\"250\" frameborder=\"0\" style=\"border:0\"><\/iframe><\/p>\n<h2>Urm\u00e1nczy f\u00fcrd\u0151<\/h2>\n<p>Urm\u00e1nczy F\u00fcrd\u0151 Strada Apelor 535700, Toplita Jude\u0163ul Hargita, Rom\u00e2nia, GPS: Tel: 072-2548282<br \/>\nemail: info@urmanczy.ro<\/p>\n<\/div>\n<p><\/p>","protected":false},"excerpt":{"rendered":"<p>Marosv\u00e1s\u00e1rhely fel\u0151l a 12. \u00faton: \u00c9szakr\u00f3l a nemzetk\u00f6zi rep\u00fcl\u0151t\u00e9rrel rendelkez\u0151 Marosv\u00e1s\u00e1rhelyt (100 km), majd Sz\u00e1szr\u00e9gent elhagyva (69 km) a Maros fest\u0151i v\u00f6lgy\u00e9n kereszt\u00fcl \u00e9rkez\u00fcnk Marosh\u00e9v\u00edzre. A v\u00e1rosba \u00e9rkezve m\u00e9g miel\u0151tt a k\u00f6zpontba \u00e9rn\u00e9nk, az \u00fatra n\u00e9z\u0151 ortodox templom el\u0151tt jobbra fordulva az Izvorului (Forr\u00e1s) utc\u00e1n kereszt\u00fcl k\u00f6zel\u00edthetj\u00fck meg a f\u00fcrd\u0151t. Ha ezt nem siker\u00fclt, a [&hellip;]<\/p>\n","protected":false},"author":3,"featured_media":0,"parent":22,"menu_order":0,"comment_status":"open","ping_status":"open","template":"","meta":[],"_links":{"self":[{"href":"https:\/\/urmanczy.ro\/hu\/wp-json\/wp\/v2\/pages\/24"}],"collection":[{"href":"https:\/\/urmanczy.ro\/hu\/wp-json\/wp\/v2\/pages"}],"about":[{"href":"https:\/\/urmanczy.ro\/hu\/wp-json\/wp\/v2\/types\/page"}],"author":[{"embeddable":true,"href":"https:\/\/urmanczy.ro\/hu\/wp-json\/wp\/v2\/users\/3"}],"replies":[{"embeddable":true,"href":"https:\/\/urmanczy.ro\/hu\/wp-json\/wp\/v2\/comments?post=24"}],"version-history":[{"count":41,"href":"https:\/\/urmanczy.ro\/hu\/wp-json\/wp\/v2\/pages\/24\/revisions"}],"predecessor-version":[{"id":540,"href":"https:\/\/urmanczy.ro\/hu\/wp-json\/wp\/v2\/pages\/24\/revisions\/540"}],"up":[{"embeddable":true,"href":"https:\/\/urmanczy.ro\/hu\/wp-json\/wp\/v2\/pages\/22"}],"wp:attachment":[{"href":"https:\/\/urmanczy.ro\/hu\/wp-json\/wp\/v2\/media?parent=24"}],"curies":[{"name":"wp","href":"https:\/\/api.w.org\/{rel}","templated":true}]}}