{"id":20,"date":"2012-03-13T06:54:02","date_gmt":"2012-03-13T06:54:02","guid":{"rendered":"http:\/\/gyo.ro\/urm\/?page_id=20"},"modified":"2025-06-30T12:47:32","modified_gmt":"2025-06-30T12:47:32","slug":"nyitvatartas","status":"publish","type":"page","link":"https:\/\/urmanczy.ro\/hu\/nyitvatartas\/","title":{"rendered":"\u00c1rak"},"content":{"rendered":"<p><\/p>\n<div style=\"float: left; width: 340px;\">\n<h2>Strand program<\/h2>\n<table border=\"0\">\n<tbody>\n<tr>\n<td>Kedd<\/td>\n<td>Z\u00e1rva<\/td>\n<\/tr>\n<tr>\n<td>H\u00e9tf\u0151<\/td>\n<td>09:00 &#8211; 15:00<\/td>\n<\/tr>\n<tr>\n<td>Szerda-Vas\u00e1rnap<\/td>\n<td>09:00 &#8211; 19:00<\/td>\n<\/tr>\n<\/tbody>\n<\/table>\n<div style=\"width: 100%; height: 30px;\"><\/div>\n<h2>S\u00f6rterasz program<\/h2>\n<table border=\"0\">\n<tbody>\n<tr>\n<td>H\u00e9tf\u0151 &#8211; Vas\u00e1rnap<\/td>\n<td>09:00 &#8211; 22:00<\/td>\n<\/tr>\n<\/tbody>\n<\/table>\n<div style=\"width: 100%; height: 30px;\"><\/div>\n<h2>B\u00e9rl\u00e9sek\/Szolg\u00e1ltat\u00e1sok<\/h2>\n<table border=\"0\">\n<tbody>\n<tr>\n<td>Napoz\u00f3\u00e1gy<\/td>\n<td>15 lej\/nap<\/td>\n<\/tr>\n<tr>\n<td>Teniszp\u00e1lya<\/td>\n<td>20 lej\/\u00f3ra<\/td>\n<\/tr>\n<tr>\n<td>Tenisz\u00fct\u0151 (2 db.)<\/td>\n<td>10 lej\/\u00f3ra<\/td>\n<\/tr>\n<tr>\n<td>Teniszlabda (3 db.)<\/td>\n<td>10 lej\/\u00f3ra<\/td>\n<\/tr>\n<tr>\n<td>Tenisz asztal, basic<\/td>\n<td>10 lej\/\u00f3ra<\/td>\n<\/tr>\n<tr>\n<td>Tenisz asztal, profi<\/td>\n<td>15 lej\/\u00f3ra<\/td>\n<\/tr>\n<tr>\n<td>Bili\u00e1rd<\/td>\n<td>15 lej \/\u00f3ra<\/td>\n<\/tr>\n<tr>\n<td>Water ball<\/td>\n<td>10 lej\/k\u00f6r<\/td>\n<\/tr>\n<\/tbody>\n<\/table>\n<\/div>\n<div style=\"float: right; width: 440px; margin-right: 10px;\">\n<h2>\u00c1rak<\/h2>\n<p><strong>H\u00e9tf\u0151, Szerda\u2013 P\u00e9ntek<\/strong><\/p>\n<table border=\"0\">\n<tbody>\n<tr>\n<td>Eg\u00e9sz napos bel\u00e9p\u0151<\/td>\n<td>30 lej<\/td>\n<\/tr>\n<tr>\n<td>Kedvezm\u00e9nyes bel\u00e9p\u0151*<\/td>\n<td>25 lej<\/td>\n<\/tr>\n<tr>\n<td>Gyermek bel\u00e9p\u0151**<\/td>\n<td>20 lej<\/td>\n<\/tr>\n<tr>\n<td>Csal\u00e1di jegy <em>(3 f\u0151, min. 1 gyerek)<\/em><\/td>\n<td>70 lej<\/td>\n<\/tr>\n<tr>\n<td>Csal\u00e1di jegy <em>(4 f\u0151, min. 2 gyerek)<\/em><\/td>\n<td>90 lej<\/td>\n<\/tr>\n<\/tbody>\n<\/table>\n<div style=\"width: 100%; height: 30px;\"><\/div>\n<p><strong>Szombat &#8211; Vas\u00e1rnap<\/strong><\/p>\n<table border=\"0\">\n<tbody>\n<tr>\n<td>Eg\u00e9sz napos bel\u00e9p\u0151<\/td>\n<td>40 lej<\/td>\n<\/tr>\n<tr>\n<td>Kedvezm\u00e9nyes bel\u00e9p\u0151*<\/td>\n<td>30 lej<\/td>\n<\/tr>\n<tr>\n<td>Gyermek bel\u00e9p\u0151**<\/td>\n<td>25 lej<\/td>\n<\/tr>\n<tr>\n<td>Csal\u00e1di jegy <em>(3 f\u0151, min. 1 gyerek)<\/em><\/td>\n<td>95 lej<\/td>\n<\/tr>\n<tr>\n<td>Csal\u00e1di jegy <em>(4 f\u0151, min. 2 gyerek)<\/em><\/td>\n<td>115 lej<\/td>\n<\/tr>\n<\/tbody>\n<\/table>\n<p>* \u00e9rv\u00e9nyes nyugd\u00edjas \u00e9s di\u00e1kigazolv\u00e1nnyal,<br \/>\n2 \u00f3r\u00e1val z\u00e1r\u00e1s el\u0151tt<br \/>\n** \u00e9rv\u00e9nyes 3-14 \u00e9ves korig, illetve szervezett csoportok r\u00e9sz\u00e9re<\/p>\n<\/div>\n<p><\/p>","protected":false},"excerpt":{"rendered":"<p>Strand program Kedd Z\u00e1rva H\u00e9tf\u0151 09:00 &#8211; 15:00 Szerda-Vas\u00e1rnap 09:00 &#8211; 19:00 S\u00f6rterasz program H\u00e9tf\u0151 &#8211; Vas\u00e1rnap 09:00 &#8211; 22:00 B\u00e9rl\u00e9sek\/Szolg\u00e1ltat\u00e1sok Napoz\u00f3\u00e1gy 15 lej\/nap Teniszp\u00e1lya 20 lej\/\u00f3ra Tenisz\u00fct\u0151 (2 db.) 10 lej\/\u00f3ra Teniszlabda (3 db.) 10 lej\/\u00f3ra Tenisz asztal, basic 10 lej\/\u00f3ra Tenisz asztal, profi 15 lej\/\u00f3ra Bili\u00e1rd 15 lej \/\u00f3ra Water ball 10 lej\/k\u00f6r [&hellip;]<\/p>\n","protected":false},"author":3,"featured_media":0,"parent":0,"menu_order":3,"comment_status":"open","ping_status":"open","template":"","meta":[],"_links":{"self":[{"href":"https:\/\/urmanczy.ro\/hu\/wp-json\/wp\/v2\/pages\/20"}],"collection":[{"href":"https:\/\/urmanczy.ro\/hu\/wp-json\/wp\/v2\/pages"}],"about":[{"href":"https:\/\/urmanczy.ro\/hu\/wp-json\/wp\/v2\/types\/page"}],"author":[{"embeddable":true,"href":"https:\/\/urmanczy.ro\/hu\/wp-json\/wp\/v2\/users\/3"}],"replies":[{"embeddable":true,"href":"https:\/\/urmanczy.ro\/hu\/wp-json\/wp\/v2\/comments?post=20"}],"version-history":[{"count":111,"href":"https:\/\/urmanczy.ro\/hu\/wp-json\/wp\/v2\/pages\/20\/revisions"}],"predecessor-version":[{"id":732,"href":"https:\/\/urmanczy.ro\/hu\/wp-json\/wp\/v2\/pages\/20\/revisions\/732"}],"wp:attachment":[{"href":"https:\/\/urmanczy.ro\/hu\/wp-json\/wp\/v2\/media?parent=20"}],"curies":[{"name":"wp","href":"https:\/\/api.w.org\/{rel}","templated":true}]}}