{"id":11,"date":"2012-03-12T12:28:55","date_gmt":"2012-03-12T12:28:55","guid":{"rendered":"http:\/\/gyo.ro\/urm\/?page_id=11"},"modified":"2018-07-28T15:43:15","modified_gmt":"2018-07-28T15:43:15","slug":"a-gyogyvizrol","status":"publish","type":"page","link":"https:\/\/urmanczy.ro\/hu\/bemutatkozas\/a-gyogyvizrol\/","title":{"rendered":"A v\u00edzr\u0151l"},"content":{"rendered":"<p><\/p>\n<p style=\"text-align: justify;\">Az Urm\u00e1nczy f\u00fcrd\u0151 viz\u00e9t egy innsbrucki egyetemi tan\u00e1r, L\u00f6bisch 1882-ben vegyelemezte. Az \u00e1sv\u00e1nyv\u00edz m\u00e1gn\u00e9zium-k\u00e1lcium-n\u00e1triumbikarbon\u00e1tos \u00f6sszet\u00e9tele a messze f\u00f6ld\u00f6n ismert budapesti Gell\u00e9rt \u00e9s Rudas f\u00fcrd\u0151k forr\u00e1saival sorolhat\u00f3 egy csal\u00e1dba. A 26.2 fokos, radioakt\u00edv v\u00edz gy\u00f3gy\u00edt\u00f3 hat\u00e1sa m\u00e1ra szinte feled\u00e9sbe mer\u00fclt, pedig a r\u00e9gi \u00fatik\u00f6nyvek, szakk\u00f6nyvek mindegyike m\u00e9ltatja erej\u00e9t. Aba S\u00e1ndor 1941-ben megjelent erd\u00e9lyi f\u00fcrd\u0151kalauza szerint \u201ekiv\u00e1l\u00f3 sikerrel haszn\u00e1lj\u00e1k bels\u0151leg a gyomor \u00e9s a belek hurutos megbeteged\u00e9sein\u00e9l \u00e9s a fels\u0151 l\u00e9gutak hurutos b\u00e1ntalmaikn\u00e1l. K\u00fcls\u0151leg mint f\u00fcrd\u0151gy\u00f3gym\u00f3dot, legink\u00e1bb a k\u00f6vetkez\u0151 bajokn\u00e1l veszik ig\u00e9nybe: idegb\u00e1ntalmakn\u00e1l, ha azok kimer\u00fcl\u00e9sen vagy t\u00falizgatotts\u00e1gon alapulnak, hiszt\u00e9ri\u00e1n\u00e1l, neuraszt\u00e9ni\u00e1n\u00e1l, gerincvel\u0151-b\u00e1ntalmakn\u00e1l, v\u00e9rszeg\u00e9nys\u00e9gn\u00e9l, n\u0151i szervek betegs\u00e9gein\u00e9l, elgyeng\u00fcl\u00e9sn\u00e9l, tov\u00e1bb\u00e1 reuma, k\u00f6szv\u00e9ny, s\u00e9r\u00fcl\u00e9sek, csontbajok, izzadm\u00e1nyok, b\u00e9nul\u00e1sok \u00e9s idegzs\u00e1ba ellen\u201d.<\/p>\n<p style=\"text-align: justify;\">A szagtalan, \u00e1lland\u00f3an cser\u00e9l\u0151d\u0151 v\u00edz, kiv\u00e1l\u00f3an alkalmasnak tal\u00e1lt\u00e1k olyan betegek kezel\u00e9s\u00e9re is, akiknek sz\u00edv vagy kering\u00e9si b\u00e1ntalmai miatt a melegebb f\u00fcrd\u0151 nem javallott.<\/p>\n<p><p style=\"text-align: justify;\">A hivatalos gy\u00f3gyv\u00edzz\u00e9 nyilv\u00e1n\u00edt\u00e1s folyamatban van. Az Orsz\u00e1gos Rehabilit\u00e1ci\u00f3s, Orvosfizikai \u00e9s Balneoklimatol\u00f3giai Int\u00e9zet 2017-es \u00e9vi jelent\u00e9se szerint vize a k\u00f6vetkez\u0151 betegs\u00e9gek gy\u00f3gy\u00edt\u00e1s\u00e1ra javasolt:<br \/>\n &middot; Kr\u00f3nikus degenerat\u00edv reum\u00e1s betegs\u00e9gek<br \/>\n &middot; Kr\u00f3nikus reum\u00e1s \u00edz\u00fcleti betegs\u00e9gek<br \/>\n &middot; A mozg\u00e1srendszer poszttraum\u00e1s kr\u00f3nikus betegs\u00e9gei<br \/>\n &middot; A perif\u00e9ri\u00e1s idegrendszer kr\u00f3nikus betegs\u00e9gei<\/p>\n<p style=\"text-align: justify;\">A v\u00edz k\u00e9miai \u00f6sszet\u00e9tele az al\u00e1bbi t\u00e1bl\u00e1zatban l\u00e1that\u00f3.<\/p>\n<table width=\"607\" border=\"0\" cellspacing=\"0\" cellpadding=\"0\">\n<tbody>\n<tr>\n<td width=\"217\">Vizsg\u00e1lt komponensek<\/td>\n<td width=\"116\">kis-forr\u00e1s<\/td>\n<td width=\"116\">\u00a0nagy-forr\u00e1s<\/td>\n<td width=\"157\">Vizsg\u00e1lati m\u00f3dszerek<\/td>\n<\/tr>\n<tr>\n<td width=\"217\">pH<\/td>\n<td width=\"116\">6,78<\/td>\n<td width=\"116\">6,84<\/td>\n<td width=\"157\">MSZ 448-22:1985<\/td>\n<\/tr>\n<tr>\n<td width=\"217\">Fajlagos vezet\u00e9s 20oC (us\/cm)<\/td>\n<td width=\"116\">1231<\/td>\n<td width=\"116\">1279<\/td>\n<td width=\"157\">MSZ 448-32:1977<\/td>\n<\/tr>\n<tr>\n<td width=\"217\">KOIps\u00a0(mg\/l)<\/td>\n<td width=\"116\">0,24<\/td>\n<td width=\"116\">0,32<\/td>\n<td width=\"157\">MSZ 448-20:1991<\/td>\n<\/tr>\n<tr>\n<td width=\"217\">Amm\u00f3nium (mg\/l)<\/td>\n<td width=\"116\">&lt; 0,05<\/td>\n<td width=\"116\">&lt; 0,05<\/td>\n<td width=\"157\">MSZ ISO 7150-1:1992<\/td>\n<\/tr>\n<tr>\n<td width=\"217\">Nitrit (mg\/l)<\/td>\n<td width=\"116\">&lt; 0,05<\/td>\n<td width=\"116\">&lt; 0,05<\/td>\n<td width=\"157\">MSZ 448-12:1982<\/td>\n<\/tr>\n<tr>\n<td width=\"217\">Nitr\u00e1t (mg\/l)<\/td>\n<td width=\"116\">&lt; 1<\/td>\n<td width=\"116\">&lt; 1<\/td>\n<td width=\"157\">MSZ 448-12:1982<\/td>\n<\/tr>\n<tr>\n<td width=\"217\">Klorid (mg\/l)<\/td>\n<td width=\"116\">204<\/td>\n<td width=\"116\">226<\/td>\n<td width=\"157\">MSZ 448-15:1982<\/td>\n<\/tr>\n<tr>\n<td width=\"217\">Szulf\u00e1t (mg\/l)<\/td>\n<td width=\"116\">13<\/td>\n<td width=\"116\">12<\/td>\n<td width=\"157\">MSZ 448-13:1983<\/td>\n<\/tr>\n<tr>\n<td width=\"217\">L\u00fagoss\u00e1g (p\/m)(mmol\/l)<\/td>\n<td width=\"116\">11,7<\/td>\n<td width=\"116\">12,4<\/td>\n<td width=\"157\">MSZ 448-11:1986<\/td>\n<\/tr>\n<tr>\n<td width=\"217\">\u00d6sszes kem\u00e9nys\u00e9g<\/td>\n<td width=\"116\">305<\/td>\n<td width=\"116\">313<\/td>\n<td width=\"157\">MSZ 448-21:1986<\/td>\n<\/tr>\n<tr>\n<td width=\"217\">Kalcium (mg\/l)<\/td>\n<td width=\"116\">134<\/td>\n<td width=\"116\">144<\/td>\n<td width=\"157\">MSZ 448-3:1985<\/td>\n<\/tr>\n<tr>\n<td width=\"217\">Magn\u00e9zium (mg\/l)<\/td>\n<td width=\"116\">51<\/td>\n<td width=\"116\">48<\/td>\n<td width=\"157\">MSZ 448-3:1985<\/td>\n<\/tr>\n<tr>\n<td width=\"217\">Fluorid (mg\/l)<\/td>\n<td width=\"116\">0,40<\/td>\n<td width=\"116\">0,25<\/td>\n<td width=\"157\">MSZ 448-17:1986<\/td>\n<\/tr>\n<tr>\n<td width=\"217\">B\u00f3r (mg\/l)<\/td>\n<td width=\"116\">1,36<\/td>\n<td width=\"116\">1,53<\/td>\n<td width=\"157\">MSZ 10889-2_1981<\/td>\n<\/tr>\n<tr>\n<td width=\"217\">Vas (mg\/l)<\/td>\n<td width=\"116\">0,027<\/td>\n<td width=\"116\">0,038<\/td>\n<td width=\"157\">MSZ 448-4:1983<\/td>\n<\/tr>\n<tr>\n<td width=\"217\">Mang\u00e1n (mg\/l)<\/td>\n<td width=\"116\">0,020<\/td>\n<td width=\"116\">&lt; 0,02<\/td>\n<td width=\"157\">MSZ 1484-2:1993<\/td>\n<\/tr>\n<tr>\n<td width=\"217\">N\u00e1trium (mg\/l)<\/td>\n<td width=\"116\">166<\/td>\n<td width=\"116\">169<\/td>\n<td width=\"157\">MSZ 1484-3:2006<\/td>\n<\/tr>\n<tr>\n<td width=\"217\">K\u00e1lium (mg\/l)<\/td>\n<td width=\"116\">14,4<\/td>\n<td width=\"116\">15,5<\/td>\n<td width=\"157\">MSZ 1484-3:2006<\/td>\n<\/tr>\n<\/tbody>\n<\/table>\n<p><\/p>","protected":false},"excerpt":{"rendered":"<p>Az Urm\u00e1nczy f\u00fcrd\u0151 viz\u00e9t egy innsbrucki egyetemi tan\u00e1r, L\u00f6bisch 1882-ben vegyelemezte. Az \u00e1sv\u00e1nyv\u00edz m\u00e1gn\u00e9zium-k\u00e1lcium-n\u00e1triumbikarbon\u00e1tos \u00f6sszet\u00e9tele a messze f\u00f6ld\u00f6n ismert budapesti Gell\u00e9rt \u00e9s Rudas f\u00fcrd\u0151k forr\u00e1saival sorolhat\u00f3 egy csal\u00e1dba. A 26.2 fokos, radioakt\u00edv v\u00edz gy\u00f3gy\u00edt\u00f3 hat\u00e1sa m\u00e1ra szinte feled\u00e9sbe mer\u00fclt, pedig a r\u00e9gi \u00fatik\u00f6nyvek, szakk\u00f6nyvek mindegyike m\u00e9ltatja erej\u00e9t. Aba S\u00e1ndor 1941-ben megjelent erd\u00e9lyi f\u00fcrd\u0151kalauza szerint \u201ekiv\u00e1l\u00f3 [&hellip;]<\/p>\n","protected":false},"author":3,"featured_media":0,"parent":4,"menu_order":3,"comment_status":"open","ping_status":"closed","template":"","meta":[],"_links":{"self":[{"href":"https:\/\/urmanczy.ro\/hu\/wp-json\/wp\/v2\/pages\/11"}],"collection":[{"href":"https:\/\/urmanczy.ro\/hu\/wp-json\/wp\/v2\/pages"}],"about":[{"href":"https:\/\/urmanczy.ro\/hu\/wp-json\/wp\/v2\/types\/page"}],"author":[{"embeddable":true,"href":"https:\/\/urmanczy.ro\/hu\/wp-json\/wp\/v2\/users\/3"}],"replies":[{"embeddable":true,"href":"https:\/\/urmanczy.ro\/hu\/wp-json\/wp\/v2\/comments?post=11"}],"version-history":[{"count":24,"href":"https:\/\/urmanczy.ro\/hu\/wp-json\/wp\/v2\/pages\/11\/revisions"}],"predecessor-version":[{"id":614,"href":"https:\/\/urmanczy.ro\/hu\/wp-json\/wp\/v2\/pages\/11\/revisions\/614"}],"up":[{"embeddable":true,"href":"https:\/\/urmanczy.ro\/hu\/wp-json\/wp\/v2\/pages\/4"}],"wp:attachment":[{"href":"https:\/\/urmanczy.ro\/hu\/wp-json\/wp\/v2\/media?parent=11"}],"curies":[{"name":"wp","href":"https:\/\/api.w.org\/{rel}","templated":true}]}}