{"id":6,"date":"2012-03-12T12:04:18","date_gmt":"2012-03-12T12:04:18","guid":{"rendered":"http:\/\/gyo.ro\/urm\/?page_id=6"},"modified":"2021-07-14T13:40:29","modified_gmt":"2021-07-14T13:40:29","slug":"rolunk","status":"publish","type":"page","link":"https:\/\/urmanczy.ro\/en\/","title":{"rendered":"Home"},"content":{"rendered":"<p><\/p>\n<p style=\"text-align: justify;\">The Urmanczy Baths have thermal waters with 26 to 27 \u00b0C (79 to 81 \u00b0F)\u00a0hot springs. It is located in the middle of a small Transylvanian town of Topli\u0163a (Marosh\u00e9v\u00edz). The Baths are in the centre of the city near the railway-station, surrounded by high mountains. The main attraction is the Olympic size (50 by 20 m, 164 by 65 feet) swimming pool, the biggest in the region. A real rarity is the smaller 1.4 m (4.6 feet) deep leisure pool, fed by small natural springs that gently heat the pebbles on the bottom of the pool. Due to its high carbon dioxide content bubbles rise up like in a glass of champagne, tickling one\u2019s skin. There is also a little crescent shaped pool for the babies and a larger and deeper one for the 3 years or older kids. The little ones can also play on our swings, the seesaw or in the sandy box on the playground.<\/p>\n<p>There is also a beer garden where you can drink not only draft beers but also  ice-cold frapp\u00e9s. You can enjoy hot food from our charcoal grill, such as the locally made meat rolls called mititei.<\/p>\n<p>Our continually circulating thermal water is rich calcium, magnesium and hydrogen-carbonate. It is highly recommended for those who are suffering of heart disease or circulatory problems because the temperature of the water will\u00a0not raise the blood pressure.<\/p>\n<p>The nearby Caliman and Gurghiul mountains offer hikers wonder opportunities to explore. Famous sites can be visited such as Borsec resort with mineral sparkling water springs (28km), the renaissance castle from L\u0103zarea, Gheorgheni (36 km), Lacu Ro\u015fu (62 km), Praid\u2019s salt mine (79 km), Sovata\u2019s salt lake (89 km), the place of pilgrimage \u015eumuleu (92 km), Tu\u015fnad resort (115 km), St-Ana lake (124 km), Reghin (69 km) and the baroque castles of Gorne\u015fti, Peri\u015f and T\u00e2rgu Mure\u015f (101 km).<\/p>","protected":false},"excerpt":{"rendered":"<p>The Urmanczy Baths have thermal waters with 26 to 27 \u00b0C (79 to 81 \u00b0F)\u00a0hot springs. It is located in the middle of a small Transylvanian town of Topli\u0163a (Marosh\u00e9v\u00edz). The Baths are in the centre of the city near the railway-station, surrounded by high mountains. The main attraction is the Olympic size (50 by [&hellip;]<\/p>\n","protected":false},"author":3,"featured_media":0,"parent":4,"menu_order":1,"comment_status":"open","ping_status":"closed","template":"","meta":[],"_links":{"self":[{"href":"https:\/\/urmanczy.ro\/en\/wp-json\/wp\/v2\/pages\/6"}],"collection":[{"href":"https:\/\/urmanczy.ro\/en\/wp-json\/wp\/v2\/pages"}],"about":[{"href":"https:\/\/urmanczy.ro\/en\/wp-json\/wp\/v2\/types\/page"}],"author":[{"embeddable":true,"href":"https:\/\/urmanczy.ro\/en\/wp-json\/wp\/v2\/users\/3"}],"replies":[{"embeddable":true,"href":"https:\/\/urmanczy.ro\/en\/wp-json\/wp\/v2\/comments?post=6"}],"version-history":[{"count":29,"href":"https:\/\/urmanczy.ro\/en\/wp-json\/wp\/v2\/pages\/6\/revisions"}],"predecessor-version":[{"id":696,"href":"https:\/\/urmanczy.ro\/en\/wp-json\/wp\/v2\/pages\/6\/revisions\/696"}],"up":[{"embeddable":true,"href":"https:\/\/urmanczy.ro\/en\/wp-json\/wp\/v2\/pages\/4"}],"wp:attachment":[{"href":"https:\/\/urmanczy.ro\/en\/wp-json\/wp\/v2\/media?parent=6"}],"curies":[{"name":"wp","href":"https:\/\/api.w.org\/{rel}","templated":true}]}}